{"id":103,"date":"2023-03-02T13:48:23","date_gmt":"2023-03-02T13:48:23","guid":{"rendered":"https:\/\/demo.ucyirmiiki.com.tr\/?page_id=103"},"modified":"2023-03-02T14:00:45","modified_gmt":"2023-03-02T14:00:45","slug":"km-taslarimiz","status":"publish","type":"page","link":"https:\/\/demo.ucyirmiiki.com.tr\/?page_id=103","title":{"rendered":"KM Ta\u015flar\u0131m\u0131z"},"content":{"rendered":"\t\t<div data-elementor-type=\"wp-page\" data-elementor-id=\"103\" class=\"elementor elementor-103\">\n\t\t\t\t<div class=\"elementor-element elementor-element-10bd12a e-flex e-con-boxed lakit-col-width-auto-no e-container e-root-container elementor-top-section e-con e-parent\" data-id=\"10bd12a\" data-element_type=\"container\">\n\t\t\t\t\t<div class=\"e-con-inner\">\n\t\t\t\t<div class=\"elementor-element elementor-element-d1afea4 elementor-widget elementor-widget-heading\" data-id=\"d1afea4\" data-element_type=\"widget\" data-widget_type=\"heading.default\">\n\t\t\t\t<div class=\"elementor-widget-container\">\n\t\t\t\t\t<h2 class=\"elementor-heading-title elementor-size-default\">25 y\u0131l \u00f6nce \u00e7\u0131kt\u0131\u011f\u0131m\u0131z enerji yolculu\u011fumuzda ayn\u0131 heyecan ve istekle yolumuza devam ediyoruz.\n\n<\/h2>\t\t\t\t<\/div>\n\t\t\t\t<\/div>\n\t\t\t\t\t<\/div>\n\t\t\t\t<\/div>\n\t\t<div class=\"elementor-element elementor-element-1615bc4 e-flex e-con-boxed lakit-col-width-auto-no e-container e-root-container elementor-top-section e-con e-parent\" data-id=\"1615bc4\" data-element_type=\"container\">\n\t\t\t\t\t<div class=\"e-con-inner\">\n\t\t<div class=\"elementor-element elementor-element-67c4b94 e-con-full e-flex lakit-col-width-auto-no e-container e-con e-child\" data-id=\"67c4b94\" data-element_type=\"container\">\n\t\t\t\t<div class=\"elementor-element elementor-element-5a9e8a1 elementor-widget elementor-widget-image\" data-id=\"5a9e8a1\" data-element_type=\"widget\" data-widget_type=\"image.default\">\n\t\t\t\t<div class=\"elementor-widget-container\">\n\t\t\t\t\t\t\t\t\t\t\t\t\t\t\t<img fetchpriority=\"high\" decoding=\"async\" width=\"718\" height=\"800\" src=\"https:\/\/demo.ucyirmiiki.com.tr\/wp-content\/uploads\/2023\/03\/IMC-1-e1653780141505.jpg\" class=\"attachment-large size-large wp-image-105\" alt=\"\" srcset=\"https:\/\/demo.ucyirmiiki.com.tr\/wp-content\/uploads\/2023\/03\/IMC-1-e1653780141505.jpg 718w, https:\/\/demo.ucyirmiiki.com.tr\/wp-content\/uploads\/2023\/03\/IMC-1-e1653780141505-269x300.jpg 269w\" sizes=\"(max-width: 718px) 100vw, 718px\" \/>\t\t\t\t\t\t\t\t\t\t\t\t\t\t\t<\/div>\n\t\t\t\t<\/div>\n\t\t<div class=\"elementor-element elementor-element-1fad4c4 e-flex e-con-boxed lakit-col-width-auto-no e-container e-con e-child\" data-id=\"1fad4c4\" data-element_type=\"container\">\n\t\t\t\t\t<div class=\"e-con-inner\">\n\t\t\t\t<div class=\"elementor-element elementor-element-e125bc0 elementor-widget elementor-widget-heading\" data-id=\"e125bc0\" data-element_type=\"widget\" data-widget_type=\"heading.default\">\n\t\t\t\t<div class=\"elementor-widget-container\">\n\t\t\t\t\t<h2 class=\"elementor-heading-title elementor-size-default\">\u0130MC GENERATORS<\/h2>\t\t\t\t<\/div>\n\t\t\t\t<\/div>\n\t\t\t\t<div class=\"elementor-element elementor-element-5ed0432 elementor-widget elementor-widget-text-editor\" data-id=\"5ed0432\" data-element_type=\"widget\" data-widget_type=\"text-editor.default\">\n\t\t\t\t<div class=\"elementor-widget-container\">\n\t\t\t\t\t\t\t\t\t<p>25 y\u0131l \u00f6nce \u00e7\u0131kt\u0131\u011f\u0131m\u0131z enerji yolculu\u011fumuzda ayn\u0131 heyecan ve istekle yolumuza devam ediyoruz. 25 y\u0131lda edindi\u011fimiz bilgi birikim ve tecr\u00fcbemizi, s\u00fcrekli yenilenen teknoloji ve \u00e7al\u0131\u015fma arzumuz ile harmanlayarak \u00fcretmeye devam ediyoruz.<\/p>\t\t\t\t\t\t\t\t<\/div>\n\t\t\t\t<\/div>\n\t\t\t\t\t<\/div>\n\t\t\t\t<\/div>\n\t\t\t\t<\/div>\n\t\t<div class=\"elementor-element elementor-element-752ef60 e-con-full e-flex lakit-col-width-auto-no e-container e-con e-child\" data-id=\"752ef60\" data-element_type=\"container\" data-settings=\"{&quot;background_background&quot;:&quot;classic&quot;}\">\n\t\t\t\t<div class=\"elementor-element elementor-element-62c6665 elementor-widget elementor-widget-spacer\" data-id=\"62c6665\" data-element_type=\"widget\" data-widget_type=\"spacer.default\">\n\t\t\t\t<div class=\"elementor-widget-container\">\n\t\t\t\t\t\t\t<div class=\"elementor-spacer\">\n\t\t\t<div class=\"elementor-spacer-inner\"><\/div>\n\t\t<\/div>\n\t\t\t\t\t\t<\/div>\n\t\t\t\t<\/div>\n\t\t\t\t<\/div>\n\t\t<div class=\"elementor-element elementor-element-fb3f97d e-con-full e-flex lakit-col-width-auto-no e-container e-con e-child\" data-id=\"fb3f97d\" data-element_type=\"container\">\n\t\t\t\t<div class=\"elementor-element elementor-element-afd9155 elementor-widget elementor-widget-image-box\" data-id=\"afd9155\" data-element_type=\"widget\" data-widget_type=\"image-box.default\">\n\t\t\t\t<div class=\"elementor-widget-container\">\n\t\t\t\t\t<div class=\"elementor-image-box-wrapper\"><div class=\"elementor-image-box-content\"><h3 class=\"elementor-image-box-title\">1982<\/h3><p class=\"elementor-image-box-description\">Elektro-Teknik Sanayi ad\u0131 ile elektrik sekt\u00f6r\u00fcnde faaliyete ba\u015flad\u0131k.\n\n<\/p><\/div><\/div>\t\t\t\t<\/div>\n\t\t\t\t<\/div>\n\t\t\t\t<div class=\"elementor-element elementor-element-7adc038 elementor-widget elementor-widget-image-box\" data-id=\"7adc038\" data-element_type=\"widget\" data-widget_type=\"image-box.default\">\n\t\t\t\t<div class=\"elementor-widget-container\">\n\t\t\t\t\t<div class=\"elementor-image-box-wrapper\"><div class=\"elementor-image-box-content\"><h3 class=\"elementor-image-box-title\">1990<\/h3><p class=\"elementor-image-box-description\">Pano ve elektrik makinalar\u0131 ( Gazalt\u0131 kapak imalat\u0131, Asans\u00f6r motoru ve Ekmek f\u0131r\u0131n\u0131 ) imalat\u0131 ile ilgili \u00e7al\u0131\u015fmalara ba\u015flad\u0131k. T\u00fcrkiye Sanayisi b\u00fcy\u00fcd\u00fck\u00e7e gelen talepler \u00fczerine Jenerat\u00f6r \u00fcretimine a\u011f\u0131rl\u0131k verdik.\n<\/p><\/div><\/div>\t\t\t\t<\/div>\n\t\t\t\t<\/div>\n\t\t\t\t<div class=\"elementor-element elementor-element-b77176d elementor-widget elementor-widget-image-box\" data-id=\"b77176d\" data-element_type=\"widget\" data-widget_type=\"image-box.default\">\n\t\t\t\t<div class=\"elementor-widget-container\">\n\t\t\t\t\t<div class=\"elementor-image-box-wrapper\"><div class=\"elementor-image-box-content\"><h3 class=\"elementor-image-box-title\">2000<\/h3><p class=\"elementor-image-box-description\">TSE belgesine sahip ilk yerli alternat\u00f6r\u00fc Uztech markas\u0131 ile \u00fcretmeye ba\u015flad\u0131k.\n\n\n\n<\/p><\/div><\/div>\t\t\t\t<\/div>\n\t\t\t\t<\/div>\n\t\t\t\t<div class=\"elementor-element elementor-element-f9fbc3e elementor-widget elementor-widget-image-box\" data-id=\"f9fbc3e\" data-element_type=\"widget\" data-widget_type=\"image-box.default\">\n\t\t\t\t<div class=\"elementor-widget-container\">\n\t\t\t\t\t<div class=\"elementor-image-box-wrapper\"><div class=\"elementor-image-box-content\"><h3 class=\"elementor-image-box-title\">2009<\/h3><p class=\"elementor-image-box-description\">T\u00fcrkiye\u2019de ilk defa jenerat\u00f6rler i\u00e7in uzaktan izleme mod\u00fcl\u00fc ve yaz\u0131l\u0131m\u0131 hayata ge\u00e7irildi.\n\n<\/p><\/div><\/div>\t\t\t\t<\/div>\n\t\t\t\t<\/div>\n\t\t\t\t<div class=\"elementor-element elementor-element-3e833d4 elementor-widget elementor-widget-image-box\" data-id=\"3e833d4\" data-element_type=\"widget\" data-widget_type=\"image-box.default\">\n\t\t\t\t<div class=\"elementor-widget-container\">\n\t\t\t\t\t<div class=\"elementor-image-box-wrapper\"><div class=\"elementor-image-box-content\"><h3 class=\"elementor-image-box-title\">2016<\/h3><p class=\"elementor-image-box-description\">Beta Enerji ile birlikte \u0130MC Jenerat\u00f6r markas\u0131n\u0131 kurduk. Faaliyetlerimize \u0130MC Jenerat\u00f6r markas\u0131 ile devam ettik.<\/p><\/div><\/div>\t\t\t\t<\/div>\n\t\t\t\t<\/div>\n\t\t\t\t<div class=\"elementor-element elementor-element-148bb2c elementor-widget elementor-widget-image-box\" data-id=\"148bb2c\" data-element_type=\"widget\" data-widget_type=\"image-box.default\">\n\t\t\t\t<div class=\"elementor-widget-container\">\n\t\t\t\t\t<div class=\"elementor-image-box-wrapper\"><div class=\"elementor-image-box-content\"><h3 class=\"elementor-image-box-title\">2017<\/h3><p class=\"elementor-image-box-description\">\u0130lk yurtd\u0131\u015f\u0131 anahtar teslim jenerat\u00f6r montaj\u0131 yap\u0131ld\u0131.<\/p><\/div><\/div>\t\t\t\t<\/div>\n\t\t\t\t<\/div>\n\t\t\t\t<div class=\"elementor-element elementor-element-d953c4f elementor-widget elementor-widget-image-box\" data-id=\"d953c4f\" data-element_type=\"widget\" data-widget_type=\"image-box.default\">\n\t\t\t\t<div class=\"elementor-widget-container\">\n\t\t\t\t\t<div class=\"elementor-image-box-wrapper\"><div class=\"elementor-image-box-content\"><h3 class=\"elementor-image-box-title\">2019<\/h3><p class=\"elementor-image-box-description\"> Ziraat GYO tedarik\u00e7ileri listesine girdik\n\n<\/p><\/div><\/div>\t\t\t\t<\/div>\n\t\t\t\t<\/div>\n\t\t\t\t<div class=\"elementor-element elementor-element-d48f8c2 elementor-widget elementor-widget-image-box\" data-id=\"d48f8c2\" data-element_type=\"widget\" data-widget_type=\"image-box.default\">\n\t\t\t\t<div class=\"elementor-widget-container\">\n\t\t\t\t\t<div class=\"elementor-image-box-wrapper\"><div class=\"elementor-image-box-content\"><h3 class=\"elementor-image-box-title\">2019<\/h3><p class=\"elementor-image-box-description\">S\u00fcrekli yenilenen teknolojimiz ile pazar pay\u0131m\u0131z\u0131 geni\u015fleterek ihracatlar\u0131m\u0131z\u0131 artt\u0131rd\u0131k.\n\n<\/p><\/div><\/div>\t\t\t\t<\/div>\n\t\t\t\t<\/div>\n\t\t\t\t<\/div>\n\t\t\t\t\t<\/div>\n\t\t\t\t<\/div>\n\t\t\t\t<\/div>\n\t\t","protected":false},"excerpt":{"rendered":"<p>25 y\u0131l \u00f6nce \u00e7\u0131kt\u0131\u011f\u0131m\u0131z enerji yolculu\u011fumuzda ayn\u0131 heyecan ve istekle yolumuza devam ediyoruz. \u0130MC GENERATORS 25 y\u0131l \u00f6nce \u00e7\u0131kt\u0131\u011f\u0131m\u0131z enerji yolculu\u011fumuzda ayn\u0131 heyecan ve istekle yolumuza devam ediyoruz. 25 y\u0131lda edindi\u011fimiz bilgi birikim ve tecr\u00fcbemizi, s\u00fcrekli yenilenen teknoloji ve \u00e7al\u0131\u015fma arzumuz ile harmanlayarak \u00fcretmeye devam ediyoruz. 1982 Elektro-Teknik Sanayi ad\u0131 ile&hellip;<\/p>\n","protected":false},"author":1,"featured_media":0,"parent":0,"menu_order":0,"comment_status":"closed","ping_status":"closed","template":"elementor_header_footer","meta":{"_acf_changed":false,"_joinchat":[],"footnotes":""},"class_list":["post-103","page","type-page","status-publish","hentry"],"acf":[],"yoast_head":"<!-- This site is optimized with the Yoast SEO plugin v23.7 - https:\/\/yoast.com\/wordpress\/plugins\/seo\/ -->\n<title>KM Ta\u015flar\u0131m\u0131z | \u0130MC Generators<\/title>\n<meta name=\"description\" content=\"\u0130MC Generators | KM Ta\u015flar\u0131m\u0131z | 25 y\u0131l \u00f6nce \u00e7\u0131kt\u0131\u011f\u0131m\u0131z enerji yolculu\u011fumuzda ayn\u0131 heyecan ve istekle yolumuza devam ediyoruz. \u0130MC GENERATORS 25 y\u0131l \u00f6nce \u00e7\u0131kt\u0131\u011f\u0131m\u0131z enerji yolculu\u011fumuzda\" \/>\n<meta name=\"robots\" content=\"index, follow, max-snippet:-1, max-image-preview:large, max-video-preview:-1\" \/>\n<link rel=\"canonical\" href=\"https:\/\/demo.ucyirmiiki.com.tr\/?page_id=103\" \/>\n<meta property=\"og:locale\" content=\"tr_TR\" \/>\n<meta property=\"og:type\" content=\"article\" \/>\n<meta property=\"og:title\" content=\"KM Ta\u015flar\u0131m\u0131z | \u0130MC Generators\" \/>\n<meta property=\"og:description\" content=\"\u0130MC Generators | KM Ta\u015flar\u0131m\u0131z | 25 y\u0131l \u00f6nce \u00e7\u0131kt\u0131\u011f\u0131m\u0131z enerji yolculu\u011fumuzda ayn\u0131 heyecan ve istekle yolumuza devam ediyoruz. \u0130MC GENERATORS 25 y\u0131l \u00f6nce \u00e7\u0131kt\u0131\u011f\u0131m\u0131z enerji yolculu\u011fumuzda\" \/>\n<meta property=\"og:url\" content=\"https:\/\/demo.ucyirmiiki.com.tr\/?page_id=103\" \/>\n<meta property=\"og:site_name\" content=\"\u0130MC Generators\" \/>\n<meta property=\"article:modified_time\" content=\"2023-03-02T14:00:45+00:00\" \/>\n<meta property=\"og:image\" content=\"https:\/\/demo.ucyirmiiki.com.tr\/wp-content\/uploads\/2023\/03\/IMC-1-e1653780141505.jpg\" \/>\n<meta name=\"twitter:card\" content=\"summary_large_image\" \/>\n<meta name=\"twitter:label1\" content=\"Tahmini okuma s\u00fcresi\" \/>\n\t<meta name=\"twitter:data1\" content=\"1 dakika\" \/>\n<script type=\"application\/ld+json\" class=\"yoast-schema-graph\">{\"@context\":\"https:\/\/schema.org\",\"@graph\":[{\"@type\":\"WebPage\",\"@id\":\"https:\/\/demo.ucyirmiiki.com.tr\/?page_id=103\",\"url\":\"https:\/\/demo.ucyirmiiki.com.tr\/?page_id=103\",\"name\":\"KM Ta\u015flar\u0131m\u0131z | \u0130MC Generators\",\"isPartOf\":{\"@id\":\"https:\/\/demo.ucyirmiiki.com.tr\/#website\"},\"primaryImageOfPage\":{\"@id\":\"https:\/\/demo.ucyirmiiki.com.tr\/?page_id=103#primaryimage\"},\"image\":{\"@id\":\"https:\/\/demo.ucyirmiiki.com.tr\/?page_id=103#primaryimage\"},\"thumbnailUrl\":\"https:\/\/demo.ucyirmiiki.com.tr\/wp-content\/uploads\/2023\/03\/IMC-1-e1653780141505.jpg\",\"datePublished\":\"2023-03-02T13:48:23+00:00\",\"dateModified\":\"2023-03-02T14:00:45+00:00\",\"description\":\"\u0130MC Generators | KM Ta\u015flar\u0131m\u0131z | 25 y\u0131l \u00f6nce \u00e7\u0131kt\u0131\u011f\u0131m\u0131z enerji yolculu\u011fumuzda ayn\u0131 heyecan ve istekle yolumuza devam ediyoruz. \u0130MC GENERATORS 25 y\u0131l \u00f6nce \u00e7\u0131kt\u0131\u011f\u0131m\u0131z enerji yolculu\u011fumuzda\",\"breadcrumb\":{\"@id\":\"https:\/\/demo.ucyirmiiki.com.tr\/?page_id=103#breadcrumb\"},\"inLanguage\":\"tr\",\"potentialAction\":[{\"@type\":\"ReadAction\",\"target\":[\"https:\/\/demo.ucyirmiiki.com.tr\/?page_id=103\"]}]},{\"@type\":\"ImageObject\",\"inLanguage\":\"tr\",\"@id\":\"https:\/\/demo.ucyirmiiki.com.tr\/?page_id=103#primaryimage\",\"url\":\"https:\/\/demo.ucyirmiiki.com.tr\/wp-content\/uploads\/2023\/03\/IMC-1-e1653780141505.jpg\",\"contentUrl\":\"https:\/\/demo.ucyirmiiki.com.tr\/wp-content\/uploads\/2023\/03\/IMC-1-e1653780141505.jpg\",\"width\":718,\"height\":800},{\"@type\":\"BreadcrumbList\",\"@id\":\"https:\/\/demo.ucyirmiiki.com.tr\/?page_id=103#breadcrumb\",\"itemListElement\":[{\"@type\":\"ListItem\",\"position\":1,\"name\":\"Anasayfa\",\"item\":\"https:\/\/demo.ucyirmiiki.com.tr\/\"},{\"@type\":\"ListItem\",\"position\":2,\"name\":\"KM Ta\u015flar\u0131m\u0131z\"}]},{\"@type\":\"WebSite\",\"@id\":\"https:\/\/demo.ucyirmiiki.com.tr\/#website\",\"url\":\"https:\/\/demo.ucyirmiiki.com.tr\/\",\"name\":\"\u0130MC Generators\",\"description\":\"Discover The Energy\",\"publisher\":{\"@id\":\"https:\/\/demo.ucyirmiiki.com.tr\/#organization\"},\"potentialAction\":[{\"@type\":\"SearchAction\",\"target\":{\"@type\":\"EntryPoint\",\"urlTemplate\":\"https:\/\/demo.ucyirmiiki.com.tr\/?s={search_term_string}\"},\"query-input\":{\"@type\":\"PropertyValueSpecification\",\"valueRequired\":true,\"valueName\":\"search_term_string\"}}],\"inLanguage\":\"tr\"},{\"@type\":\"Organization\",\"@id\":\"https:\/\/demo.ucyirmiiki.com.tr\/#organization\",\"name\":\"\u0130MC Generators\",\"url\":\"https:\/\/demo.ucyirmiiki.com.tr\/\",\"logo\":{\"@type\":\"ImageObject\",\"inLanguage\":\"tr\",\"@id\":\"https:\/\/demo.ucyirmiiki.com.tr\/#\/schema\/logo\/image\/\",\"url\":\"https:\/\/demo.ucyirmiiki.com.tr\/wp-content\/uploads\/2023\/03\/imclogo-1.png\",\"contentUrl\":\"https:\/\/demo.ucyirmiiki.com.tr\/wp-content\/uploads\/2023\/03\/imclogo-1.png\",\"width\":500,\"height\":319,\"caption\":\"\u0130MC Generators\"},\"image\":{\"@id\":\"https:\/\/demo.ucyirmiiki.com.tr\/#\/schema\/logo\/image\/\"}}]}<\/script>\n<!-- \/ Yoast SEO plugin. -->","yoast_head_json":{"title":"KM Ta\u015flar\u0131m\u0131z | \u0130MC Generators","description":"\u0130MC Generators | KM Ta\u015flar\u0131m\u0131z | 25 y\u0131l \u00f6nce \u00e7\u0131kt\u0131\u011f\u0131m\u0131z enerji yolculu\u011fumuzda ayn\u0131 heyecan ve istekle yolumuza devam ediyoruz. \u0130MC GENERATORS 25 y\u0131l \u00f6nce \u00e7\u0131kt\u0131\u011f\u0131m\u0131z enerji yolculu\u011fumuzda","robots":{"index":"index","follow":"follow","max-snippet":"max-snippet:-1","max-image-preview":"max-image-preview:large","max-video-preview":"max-video-preview:-1"},"canonical":"https:\/\/demo.ucyirmiiki.com.tr\/?page_id=103","og_locale":"tr_TR","og_type":"article","og_title":"KM Ta\u015flar\u0131m\u0131z | \u0130MC Generators","og_description":"\u0130MC Generators | KM Ta\u015flar\u0131m\u0131z | 25 y\u0131l \u00f6nce \u00e7\u0131kt\u0131\u011f\u0131m\u0131z enerji yolculu\u011fumuzda ayn\u0131 heyecan ve istekle yolumuza devam ediyoruz. \u0130MC GENERATORS 25 y\u0131l \u00f6nce \u00e7\u0131kt\u0131\u011f\u0131m\u0131z enerji yolculu\u011fumuzda","og_url":"https:\/\/demo.ucyirmiiki.com.tr\/?page_id=103","og_site_name":"\u0130MC Generators","article_modified_time":"2023-03-02T14:00:45+00:00","og_image":[{"url":"https:\/\/demo.ucyirmiiki.com.tr\/wp-content\/uploads\/2023\/03\/IMC-1-e1653780141505.jpg"}],"twitter_card":"summary_large_image","twitter_misc":{"Tahmini okuma s\u00fcresi":"1 dakika"},"schema":{"@context":"https:\/\/schema.org","@graph":[{"@type":"WebPage","@id":"https:\/\/demo.ucyirmiiki.com.tr\/?page_id=103","url":"https:\/\/demo.ucyirmiiki.com.tr\/?page_id=103","name":"KM Ta\u015flar\u0131m\u0131z | \u0130MC Generators","isPartOf":{"@id":"https:\/\/demo.ucyirmiiki.com.tr\/#website"},"primaryImageOfPage":{"@id":"https:\/\/demo.ucyirmiiki.com.tr\/?page_id=103#primaryimage"},"image":{"@id":"https:\/\/demo.ucyirmiiki.com.tr\/?page_id=103#primaryimage"},"thumbnailUrl":"https:\/\/demo.ucyirmiiki.com.tr\/wp-content\/uploads\/2023\/03\/IMC-1-e1653780141505.jpg","datePublished":"2023-03-02T13:48:23+00:00","dateModified":"2023-03-02T14:00:45+00:00","description":"\u0130MC Generators | KM Ta\u015flar\u0131m\u0131z | 25 y\u0131l \u00f6nce \u00e7\u0131kt\u0131\u011f\u0131m\u0131z enerji yolculu\u011fumuzda ayn\u0131 heyecan ve istekle yolumuza devam ediyoruz. \u0130MC GENERATORS 25 y\u0131l \u00f6nce \u00e7\u0131kt\u0131\u011f\u0131m\u0131z enerji yolculu\u011fumuzda","breadcrumb":{"@id":"https:\/\/demo.ucyirmiiki.com.tr\/?page_id=103#breadcrumb"},"inLanguage":"tr","potentialAction":[{"@type":"ReadAction","target":["https:\/\/demo.ucyirmiiki.com.tr\/?page_id=103"]}]},{"@type":"ImageObject","inLanguage":"tr","@id":"https:\/\/demo.ucyirmiiki.com.tr\/?page_id=103#primaryimage","url":"https:\/\/demo.ucyirmiiki.com.tr\/wp-content\/uploads\/2023\/03\/IMC-1-e1653780141505.jpg","contentUrl":"https:\/\/demo.ucyirmiiki.com.tr\/wp-content\/uploads\/2023\/03\/IMC-1-e1653780141505.jpg","width":718,"height":800},{"@type":"BreadcrumbList","@id":"https:\/\/demo.ucyirmiiki.com.tr\/?page_id=103#breadcrumb","itemListElement":[{"@type":"ListItem","position":1,"name":"Anasayfa","item":"https:\/\/demo.ucyirmiiki.com.tr\/"},{"@type":"ListItem","position":2,"name":"KM Ta\u015flar\u0131m\u0131z"}]},{"@type":"WebSite","@id":"https:\/\/demo.ucyirmiiki.com.tr\/#website","url":"https:\/\/demo.ucyirmiiki.com.tr\/","name":"\u0130MC Generators","description":"Discover The Energy","publisher":{"@id":"https:\/\/demo.ucyirmiiki.com.tr\/#organization"},"potentialAction":[{"@type":"SearchAction","target":{"@type":"EntryPoint","urlTemplate":"https:\/\/demo.ucyirmiiki.com.tr\/?s={search_term_string}"},"query-input":{"@type":"PropertyValueSpecification","valueRequired":true,"valueName":"search_term_string"}}],"inLanguage":"tr"},{"@type":"Organization","@id":"https:\/\/demo.ucyirmiiki.com.tr\/#organization","name":"\u0130MC Generators","url":"https:\/\/demo.ucyirmiiki.com.tr\/","logo":{"@type":"ImageObject","inLanguage":"tr","@id":"https:\/\/demo.ucyirmiiki.com.tr\/#\/schema\/logo\/image\/","url":"https:\/\/demo.ucyirmiiki.com.tr\/wp-content\/uploads\/2023\/03\/imclogo-1.png","contentUrl":"https:\/\/demo.ucyirmiiki.com.tr\/wp-content\/uploads\/2023\/03\/imclogo-1.png","width":500,"height":319,"caption":"\u0130MC Generators"},"image":{"@id":"https:\/\/demo.ucyirmiiki.com.tr\/#\/schema\/logo\/image\/"}}]}},"_hostinger_reach_plugin_has_subscription_block":false,"_hostinger_reach_plugin_is_elementor":false,"_links":{"self":[{"href":"https:\/\/demo.ucyirmiiki.com.tr\/index.php?rest_route=\/wp\/v2\/pages\/103","targetHints":{"allow":["GET"]}}],"collection":[{"href":"https:\/\/demo.ucyirmiiki.com.tr\/index.php?rest_route=\/wp\/v2\/pages"}],"about":[{"href":"https:\/\/demo.ucyirmiiki.com.tr\/index.php?rest_route=\/wp\/v2\/types\/page"}],"author":[{"embeddable":true,"href":"https:\/\/demo.ucyirmiiki.com.tr\/index.php?rest_route=\/wp\/v2\/users\/1"}],"replies":[{"embeddable":true,"href":"https:\/\/demo.ucyirmiiki.com.tr\/index.php?rest_route=%2Fwp%2Fv2%2Fcomments&post=103"}],"version-history":[{"count":4,"href":"https:\/\/demo.ucyirmiiki.com.tr\/index.php?rest_route=\/wp\/v2\/pages\/103\/revisions"}],"predecessor-version":[{"id":108,"href":"https:\/\/demo.ucyirmiiki.com.tr\/index.php?rest_route=\/wp\/v2\/pages\/103\/revisions\/108"}],"wp:attachment":[{"href":"https:\/\/demo.ucyirmiiki.com.tr\/index.php?rest_route=%2Fwp%2Fv2%2Fmedia&parent=103"}],"curies":[{"name":"wp","href":"https:\/\/api.w.org\/{rel}","templated":true}]}}