{"id":117,"date":"2023-03-02T14:12:34","date_gmt":"2023-03-02T14:12:34","guid":{"rendered":"https:\/\/demo.ucyirmiiki.com.tr\/?page_id=117"},"modified":"2023-03-02T14:21:13","modified_gmt":"2023-03-02T14:21:13","slug":"insan-kaynaklari","status":"publish","type":"page","link":"https:\/\/demo.ucyirmiiki.com.tr\/?page_id=117","title":{"rendered":"\u0130nsan Kaynaklar\u0131"},"content":{"rendered":"\t\t<div data-elementor-type=\"wp-page\" data-elementor-id=\"117\" class=\"elementor elementor-117\">\n\t\t\t\t<div class=\"elementor-element elementor-element-cff3331 e-flex e-con-boxed lakit-col-width-auto-no e-container e-root-container elementor-top-section e-con e-parent\" data-id=\"cff3331\" data-element_type=\"container\">\n\t\t\t\t\t<div class=\"e-con-inner\">\n\t\t\t\t<div class=\"elementor-element elementor-element-583a5be elementor-widget elementor-widget-heading\" data-id=\"583a5be\" data-element_type=\"widget\" data-widget_type=\"heading.default\">\n\t\t\t\t<div class=\"elementor-widget-container\">\n\t\t\t\t\t<h2 class=\"elementor-heading-title elementor-size-default\">25 y\u0131l \u00f6nce \u00e7\u0131kt\u0131\u011f\u0131m\u0131z enerji yolculu\u011fumuzda ayn\u0131 heyecan ve istekle yolumuza devam ediyoruz.\n\n<\/h2>\t\t\t\t<\/div>\n\t\t\t\t<\/div>\n\t\t\t\t\t<\/div>\n\t\t\t\t<\/div>\n\t\t<div class=\"elementor-element elementor-element-c3da13f e-con-full e-flex lakit-col-width-auto-no e-container e-root-container elementor-top-section e-con e-parent\" data-id=\"c3da13f\" data-element_type=\"container\">\n\t\t<div class=\"elementor-element elementor-element-dfc15a8 e-con-full e-flex lakit-col-width-auto-no e-container e-con e-child\" data-id=\"dfc15a8\" data-element_type=\"container\">\n\t\t\t\t<div class=\"elementor-element elementor-element-9e680ef elementor-widget elementor-widget-text-editor\" data-id=\"9e680ef\" data-element_type=\"widget\" data-widget_type=\"text-editor.default\">\n\t\t\t\t<div class=\"elementor-widget-container\">\n\t\t\t\t\t\t\t\t\t<p>\u0130MC Generators; \u0130nsan kaynaklar\u0131 politikas\u0131, \u015feffafl\u0131k, adalet ve yenilik\u00e7ilik de\u011feri ile \u00e7al\u0131\u015fanlar\u0131n\u0131 her zaman \u00f6n planda tutan, alan\u0131nda yetkin ve uzman \u00e7al\u0131\u015fanlar\u0131 ile s\u00fcrekli geli\u015fmeyi stratejik bir hedef olarak belirledik.<\/p><p>S\u00fcrd\u00fcr\u00fclebilirli\u011fin anahtar\u0131 olarak belirledi\u011fimiz insan\u0131m\u0131za s\u00fcrekli yat\u0131r\u0131m yaparak, en \u00e7ok sevdi\u011fimiz \u00e7ok de\u011ferli bir k\u00fclt\u00fcrle ortak i\u015f birli\u011fi yaparak ve g\u00fc\u00e7l\u00fc bir i\u015fveren markas\u0131na sahip olarak yeni nesillerin tercihi bir \u015firket olma yolunda ilerliyoruz.<\/p><p>K\u00f6kl\u00fc ve ge\u00e7mi\u015fe ba\u011fl\u0131 bir kurum k\u00fclt\u00fcr\u00fc ile \u0130MC Generators ailesinin t\u00fcm \u00fcyelerinin vizyoner \u00e7al\u0131\u015fmalar\u0131n\u0131 sayg\u0131 ve sevgi ile y\u00fcr\u00fctmelerini, kariyerlerine y\u00f6n vermelerini, motivasyonlar\u0131n\u0131 art\u0131rmalar\u0131n\u0131, ba\u015far\u0131 hedeflerini ve hedeflerini ger\u00e7ekle\u015ftirmelerini sa\u011flamak \u00f6nceli\u011fimizdir. Kaliteli bir hizmetin kal\u0131c\u0131l\u0131\u011f\u0131 ve uzun \u00f6m\u00fcrl\u00fcl\u00fc\u011f\u00fc i\u00e7in<br \/>i\u015fimizi her zaman g\u00fcvenle ileriye ta\u015f\u0131may\u0131 hedefliyoruz. Bu tutkunun temeli, b\u00fcy\u00fcmeye ve yenili\u011fe a\u00e7\u0131k, modern ilkelerdir.<\/p>\t\t\t\t\t\t\t\t<\/div>\n\t\t\t\t<\/div>\n\t\t\t\t<\/div>\n\t\t<div class=\"elementor-element elementor-element-1c10dc0 e-con-full e-flex lakit-col-width-auto-no e-container e-con e-child\" data-id=\"1c10dc0\" data-element_type=\"container\">\n\t\t\t\t<div class=\"elementor-element elementor-element-0b4c848 elementor-widget elementor-widget-image\" data-id=\"0b4c848\" data-element_type=\"widget\" data-widget_type=\"image.default\">\n\t\t\t\t<div class=\"elementor-widget-container\">\n\t\t\t\t\t\t\t\t\t\t\t\t\t\t\t<img fetchpriority=\"high\" decoding=\"async\" width=\"800\" height=\"800\" src=\"https:\/\/demo.ucyirmiiki.com.tr\/wp-content\/uploads\/2023\/03\/imc8.jpg\" class=\"attachment-large size-large wp-image-119\" alt=\"\" srcset=\"https:\/\/demo.ucyirmiiki.com.tr\/wp-content\/uploads\/2023\/03\/imc8.jpg 800w, https:\/\/demo.ucyirmiiki.com.tr\/wp-content\/uploads\/2023\/03\/imc8-300x300.jpg 300w, https:\/\/demo.ucyirmiiki.com.tr\/wp-content\/uploads\/2023\/03\/imc8-100x100.jpg 100w, https:\/\/demo.ucyirmiiki.com.tr\/wp-content\/uploads\/2023\/03\/imc8-600x600.jpg 600w, https:\/\/demo.ucyirmiiki.com.tr\/wp-content\/uploads\/2023\/03\/imc8-150x150.jpg 150w, https:\/\/demo.ucyirmiiki.com.tr\/wp-content\/uploads\/2023\/03\/imc8-768x768.jpg 768w\" sizes=\"(max-width: 800px) 100vw, 800px\" \/>\t\t\t\t\t\t\t\t\t\t\t\t\t\t\t<\/div>\n\t\t\t\t<\/div>\n\t\t\t\t<\/div>\n\t\t\t\t<\/div>\n\t\t<div class=\"elementor-element elementor-element-e5d9bac e-flex e-con-boxed lakit-col-width-auto-no e-container e-root-container elementor-top-section e-con e-parent\" data-id=\"e5d9bac\" data-element_type=\"container\">\n\t\t\t\t\t<div class=\"e-con-inner\">\n\t\t<div class=\"elementor-element elementor-element-662030c e-con-full e-flex lakit-col-width-auto-no e-container e-con e-child\" data-id=\"662030c\" data-element_type=\"container\" data-settings=\"{&quot;background_background&quot;:&quot;classic&quot;}\">\n\t\t\t\t<div class=\"elementor-element elementor-element-b397553 elementor-widget lastudio-kit elementor-lakit-contactform7\" data-id=\"b397553\" data-element_type=\"widget\" data-widget_type=\"lakit-contactform7.default\">\n\t\t\t\t\t\n<div class=\"wpcf7 no-js\" id=\"wpcf7-f120-o1\" lang=\"tr-TR\" dir=\"ltr\" data-wpcf7-id=\"120\">\n<div class=\"screen-reader-response\"><p role=\"status\" aria-live=\"polite\" aria-atomic=\"true\"><\/p> <ul><\/ul><\/div>\n<form action=\"\/index.php?rest_route=%2Fwp%2Fv2%2Fpages%2F117#wpcf7-f120-o1\" method=\"post\" class=\"wpcf7-form init\" aria-label=\"\u0130leti\u015fim Formu\" enctype=\"multipart\/form-data\" novalidate=\"novalidate\" data-status=\"init\">\n<fieldset class=\"hidden-fields-container\"><input type=\"hidden\" name=\"_wpcf7\" value=\"120\" \/><input type=\"hidden\" name=\"_wpcf7_version\" value=\"6.1.4\" \/><input type=\"hidden\" name=\"_wpcf7_locale\" value=\"tr_TR\" \/><input type=\"hidden\" name=\"_wpcf7_unit_tag\" value=\"wpcf7-f120-o1\" \/><input type=\"hidden\" name=\"_wpcf7_container_post\" value=\"0\" \/><input type=\"hidden\" name=\"_wpcf7_posted_data_hash\" value=\"\" \/>\n<\/fieldset>\n<label> Ad Soyad\n    <span class=\"wpcf7-form-control-wrap\" data-name=\"your-name\"><input size=\"40\" maxlength=\"400\" class=\"wpcf7-form-control wpcf7-text wpcf7-validates-as-required\" autocomplete=\"name\" aria-required=\"true\" aria-invalid=\"false\" value=\"\" type=\"text\" name=\"your-name\" \/><\/span> <\/label>\n\n<label> Email\n    <span class=\"wpcf7-form-control-wrap\" data-name=\"your-email\"><input size=\"40\" maxlength=\"400\" class=\"wpcf7-form-control wpcf7-email wpcf7-validates-as-required wpcf7-text wpcf7-validates-as-email\" autocomplete=\"email\" aria-required=\"true\" aria-invalid=\"false\" value=\"\" type=\"email\" name=\"your-email\" \/><\/span> <\/label>\n\n<label> Telefon\n    <span class=\"wpcf7-form-control-wrap\" data-name=\"tel-352\"><input size=\"40\" maxlength=\"400\" class=\"wpcf7-form-control wpcf7-tel wpcf7-text wpcf7-validates-as-tel\" aria-invalid=\"false\" value=\"\" type=\"tel\" name=\"tel-352\" \/><\/span> <\/label>\n\n<label> CV Y\u00fckleyiniz\n    <span class=\"wpcf7-form-control-wrap\" data-name=\"file-186\"><input size=\"40\" class=\"wpcf7-form-control wpcf7-file\" accept=\"audio\/*,video\/*,image\/*\" aria-invalid=\"false\" type=\"file\" name=\"file-186\" \/><\/span><\/label>\n\n<input class=\"wpcf7-form-control wpcf7-submit has-spinner\" type=\"submit\" value=\"G\u00f6nder\" \/><div class=\"wpcf7-response-output\" aria-hidden=\"true\"><\/div>\n<\/form>\n<\/div>\n\t\t\t\t<\/div>\n\t\t\t\t<\/div>\n\t\t<div class=\"elementor-element elementor-element-ee49e23 e-con-full e-flex lakit-col-width-auto-no e-container e-con e-child\" data-id=\"ee49e23\" data-element_type=\"container\">\n\t\t\t\t<div class=\"elementor-element elementor-element-669b9c9 elementor-widget elementor-widget-text-editor\" data-id=\"669b9c9\" data-element_type=\"widget\" data-widget_type=\"text-editor.default\">\n\t\t\t\t<div class=\"elementor-widget-container\">\n\t\t\t\t\t\t\t\t\t<p><strong>\u0130\u015fe Al\u0131m S\u00fcreci<\/strong><\/p><p>\u0130\u015fin de\u011ferini ve ba\u015far\u0131s\u0131n\u0131 art\u0131racak yetenekli, odakl\u0131 \u00e7al\u0131\u015fanlarla i\u015fimizi ileriye ta\u015f\u0131ma hedefimiz, t\u00fcm insan kaynaklar\u0131 faaliyetlerimizin ve s\u00fcre\u00e7lerimizin temelidir.<br \/>A\u00e7\u0131k pozisyonlar i\u00e7in kariyer web sitelerine ba\u015fvurular a\u00e7\u0131yoruz ve uygun adaylar\u0131 m\u00fclakata davet ediyoruz. Lokasyona g\u00f6re de\u011ferlendirme merkezinden gelen ba\u015fvurularla s\u00fcreci de\u011ferlendiriyoruz. \u015eirketimize de\u011fer ve ba\u015far\u0131 kataca\u011f\u0131n\u0131 d\u00fc\u015f\u00fcnd\u00fc\u011f\u00fcm\u00fcz adaylara do\u011fru pozisyon i\u00e7in yaz\u0131l\u0131 ve s\u00f6zl\u00fc olarak i\u015f teklifleri yap\u0131yoruz ve g\u00f6r\u00fc\u015fmeye ba\u015fl\u0131yoruz.<\/p><p><strong>\u0130\u015f Ba\u015fvurusu<\/strong><\/p><p>\u0130\u015f ba\u015fvurular\u0131n\u0131z \u0130nsan Kaynaklar\u0131 B\u00f6l\u00fcm\u00fcm\u00fcz \u00e7al\u0131\u015fanlar\u0131 taraf\u0131ndan gizlilik ilkeleri kapsam\u0131nda de\u011ferlendirilecek ve g\u00f6rev tan\u0131mlar\u0131m\u0131za uygun \u00f6zge\u00e7mi\u015fe sahip adaylarla en k\u0131sa s\u00fcrede ileti\u015fime ge\u00e7ilecektir.<\/p>\t\t\t\t\t\t\t\t<\/div>\n\t\t\t\t<\/div>\n\t\t\t\t<\/div>\n\t\t\t\t\t<\/div>\n\t\t\t\t<\/div>\n\t\t\t\t<\/div>\n\t\t","protected":false},"excerpt":{"rendered":"<p>25 y\u0131l \u00f6nce \u00e7\u0131kt\u0131\u011f\u0131m\u0131z enerji yolculu\u011fumuzda ayn\u0131 heyecan ve istekle yolumuza devam ediyoruz. \u0130MC Generators; \u0130nsan kaynaklar\u0131 politikas\u0131, \u015feffafl\u0131k, adalet ve yenilik\u00e7ilik de\u011feri ile \u00e7al\u0131\u015fanlar\u0131n\u0131 her zaman \u00f6n planda tutan, alan\u0131nda yetkin ve uzman \u00e7al\u0131\u015fanlar\u0131 ile s\u00fcrekli geli\u015fmeyi stratejik bir hedef olarak belirledik. S\u00fcrd\u00fcr\u00fclebilirli\u011fin anahtar\u0131 olarak belirledi\u011fimiz insan\u0131m\u0131za s\u00fcrekli yat\u0131r\u0131m yaparak,&hellip;<\/p>\n","protected":false},"author":1,"featured_media":0,"parent":0,"menu_order":0,"comment_status":"closed","ping_status":"closed","template":"elementor_header_footer","meta":{"_acf_changed":false,"_joinchat":[],"footnotes":""},"class_list":["post-117","page","type-page","status-publish","hentry"],"acf":[],"yoast_head":"<!-- This site is optimized with the Yoast SEO plugin v23.7 - https:\/\/yoast.com\/wordpress\/plugins\/seo\/ -->\n<title>\u0130nsan Kaynaklar\u0131 | \u0130MC Generators<\/title>\n<meta name=\"description\" content=\"\u0130MC Generators | \u0130nsan Kaynaklar\u0131 | 25 y\u0131l \u00f6nce \u00e7\u0131kt\u0131\u011f\u0131m\u0131z enerji yolculu\u011fumuzda ayn\u0131 heyecan ve istekle yolumuza devam ediyoruz. \u0130MC Generators; \u0130nsan kaynaklar\u0131 politikas\u0131, \u015feffafl\u0131k,\" \/>\n<meta name=\"robots\" content=\"index, follow, max-snippet:-1, max-image-preview:large, max-video-preview:-1\" \/>\n<link rel=\"canonical\" href=\"https:\/\/demo.ucyirmiiki.com.tr\/?page_id=117\" \/>\n<meta property=\"og:locale\" content=\"tr_TR\" \/>\n<meta property=\"og:type\" content=\"article\" \/>\n<meta property=\"og:title\" content=\"\u0130nsan Kaynaklar\u0131 | \u0130MC Generators\" \/>\n<meta property=\"og:description\" content=\"\u0130MC Generators | \u0130nsan Kaynaklar\u0131 | 25 y\u0131l \u00f6nce \u00e7\u0131kt\u0131\u011f\u0131m\u0131z enerji yolculu\u011fumuzda ayn\u0131 heyecan ve istekle yolumuza devam ediyoruz. \u0130MC Generators; \u0130nsan kaynaklar\u0131 politikas\u0131, \u015feffafl\u0131k,\" \/>\n<meta property=\"og:url\" content=\"https:\/\/demo.ucyirmiiki.com.tr\/?page_id=117\" \/>\n<meta property=\"og:site_name\" content=\"\u0130MC Generators\" \/>\n<meta property=\"article:modified_time\" content=\"2023-03-02T14:21:13+00:00\" \/>\n<meta property=\"og:image\" content=\"https:\/\/demo.ucyirmiiki.com.tr\/wp-content\/uploads\/2023\/03\/imc8.jpg\" \/>\n<meta name=\"twitter:card\" content=\"summary_large_image\" \/>\n<meta name=\"twitter:label1\" content=\"Tahmini okuma s\u00fcresi\" \/>\n\t<meta name=\"twitter:data1\" content=\"2 dakika\" \/>\n<script type=\"application\/ld+json\" class=\"yoast-schema-graph\">{\"@context\":\"https:\/\/schema.org\",\"@graph\":[{\"@type\":\"WebPage\",\"@id\":\"https:\/\/demo.ucyirmiiki.com.tr\/?page_id=117\",\"url\":\"https:\/\/demo.ucyirmiiki.com.tr\/?page_id=117\",\"name\":\"\u0130nsan Kaynaklar\u0131 | \u0130MC Generators\",\"isPartOf\":{\"@id\":\"https:\/\/demo.ucyirmiiki.com.tr\/#website\"},\"primaryImageOfPage\":{\"@id\":\"https:\/\/demo.ucyirmiiki.com.tr\/?page_id=117#primaryimage\"},\"image\":{\"@id\":\"https:\/\/demo.ucyirmiiki.com.tr\/?page_id=117#primaryimage\"},\"thumbnailUrl\":\"https:\/\/demo.ucyirmiiki.com.tr\/wp-content\/uploads\/2023\/03\/imc8.jpg\",\"datePublished\":\"2023-03-02T14:12:34+00:00\",\"dateModified\":\"2023-03-02T14:21:13+00:00\",\"description\":\"\u0130MC Generators | \u0130nsan Kaynaklar\u0131 | 25 y\u0131l \u00f6nce \u00e7\u0131kt\u0131\u011f\u0131m\u0131z enerji yolculu\u011fumuzda ayn\u0131 heyecan ve istekle yolumuza devam ediyoruz. \u0130MC Generators; \u0130nsan kaynaklar\u0131 politikas\u0131, \u015feffafl\u0131k,\",\"breadcrumb\":{\"@id\":\"https:\/\/demo.ucyirmiiki.com.tr\/?page_id=117#breadcrumb\"},\"inLanguage\":\"tr\",\"potentialAction\":[{\"@type\":\"ReadAction\",\"target\":[\"https:\/\/demo.ucyirmiiki.com.tr\/?page_id=117\"]}]},{\"@type\":\"ImageObject\",\"inLanguage\":\"tr\",\"@id\":\"https:\/\/demo.ucyirmiiki.com.tr\/?page_id=117#primaryimage\",\"url\":\"https:\/\/demo.ucyirmiiki.com.tr\/wp-content\/uploads\/2023\/03\/imc8.jpg\",\"contentUrl\":\"https:\/\/demo.ucyirmiiki.com.tr\/wp-content\/uploads\/2023\/03\/imc8.jpg\",\"width\":800,\"height\":800},{\"@type\":\"BreadcrumbList\",\"@id\":\"https:\/\/demo.ucyirmiiki.com.tr\/?page_id=117#breadcrumb\",\"itemListElement\":[{\"@type\":\"ListItem\",\"position\":1,\"name\":\"Anasayfa\",\"item\":\"https:\/\/demo.ucyirmiiki.com.tr\/\"},{\"@type\":\"ListItem\",\"position\":2,\"name\":\"\u0130nsan Kaynaklar\u0131\"}]},{\"@type\":\"WebSite\",\"@id\":\"https:\/\/demo.ucyirmiiki.com.tr\/#website\",\"url\":\"https:\/\/demo.ucyirmiiki.com.tr\/\",\"name\":\"\u0130MC Generators\",\"description\":\"Discover The Energy\",\"publisher\":{\"@id\":\"https:\/\/demo.ucyirmiiki.com.tr\/#organization\"},\"potentialAction\":[{\"@type\":\"SearchAction\",\"target\":{\"@type\":\"EntryPoint\",\"urlTemplate\":\"https:\/\/demo.ucyirmiiki.com.tr\/?s={search_term_string}\"},\"query-input\":{\"@type\":\"PropertyValueSpecification\",\"valueRequired\":true,\"valueName\":\"search_term_string\"}}],\"inLanguage\":\"tr\"},{\"@type\":\"Organization\",\"@id\":\"https:\/\/demo.ucyirmiiki.com.tr\/#organization\",\"name\":\"\u0130MC Generators\",\"url\":\"https:\/\/demo.ucyirmiiki.com.tr\/\",\"logo\":{\"@type\":\"ImageObject\",\"inLanguage\":\"tr\",\"@id\":\"https:\/\/demo.ucyirmiiki.com.tr\/#\/schema\/logo\/image\/\",\"url\":\"https:\/\/demo.ucyirmiiki.com.tr\/wp-content\/uploads\/2023\/03\/imclogo-1.png\",\"contentUrl\":\"https:\/\/demo.ucyirmiiki.com.tr\/wp-content\/uploads\/2023\/03\/imclogo-1.png\",\"width\":500,\"height\":319,\"caption\":\"\u0130MC Generators\"},\"image\":{\"@id\":\"https:\/\/demo.ucyirmiiki.com.tr\/#\/schema\/logo\/image\/\"}}]}<\/script>\n<!-- \/ Yoast SEO plugin. -->","yoast_head_json":{"title":"\u0130nsan Kaynaklar\u0131 | \u0130MC Generators","description":"\u0130MC Generators | \u0130nsan Kaynaklar\u0131 | 25 y\u0131l \u00f6nce \u00e7\u0131kt\u0131\u011f\u0131m\u0131z enerji yolculu\u011fumuzda ayn\u0131 heyecan ve istekle yolumuza devam ediyoruz. \u0130MC Generators; \u0130nsan kaynaklar\u0131 politikas\u0131, \u015feffafl\u0131k,","robots":{"index":"index","follow":"follow","max-snippet":"max-snippet:-1","max-image-preview":"max-image-preview:large","max-video-preview":"max-video-preview:-1"},"canonical":"https:\/\/demo.ucyirmiiki.com.tr\/?page_id=117","og_locale":"tr_TR","og_type":"article","og_title":"\u0130nsan Kaynaklar\u0131 | \u0130MC Generators","og_description":"\u0130MC Generators | \u0130nsan Kaynaklar\u0131 | 25 y\u0131l \u00f6nce \u00e7\u0131kt\u0131\u011f\u0131m\u0131z enerji yolculu\u011fumuzda ayn\u0131 heyecan ve istekle yolumuza devam ediyoruz. \u0130MC Generators; \u0130nsan kaynaklar\u0131 politikas\u0131, \u015feffafl\u0131k,","og_url":"https:\/\/demo.ucyirmiiki.com.tr\/?page_id=117","og_site_name":"\u0130MC Generators","article_modified_time":"2023-03-02T14:21:13+00:00","og_image":[{"url":"https:\/\/demo.ucyirmiiki.com.tr\/wp-content\/uploads\/2023\/03\/imc8.jpg"}],"twitter_card":"summary_large_image","twitter_misc":{"Tahmini okuma s\u00fcresi":"2 dakika"},"schema":{"@context":"https:\/\/schema.org","@graph":[{"@type":"WebPage","@id":"https:\/\/demo.ucyirmiiki.com.tr\/?page_id=117","url":"https:\/\/demo.ucyirmiiki.com.tr\/?page_id=117","name":"\u0130nsan Kaynaklar\u0131 | \u0130MC Generators","isPartOf":{"@id":"https:\/\/demo.ucyirmiiki.com.tr\/#website"},"primaryImageOfPage":{"@id":"https:\/\/demo.ucyirmiiki.com.tr\/?page_id=117#primaryimage"},"image":{"@id":"https:\/\/demo.ucyirmiiki.com.tr\/?page_id=117#primaryimage"},"thumbnailUrl":"https:\/\/demo.ucyirmiiki.com.tr\/wp-content\/uploads\/2023\/03\/imc8.jpg","datePublished":"2023-03-02T14:12:34+00:00","dateModified":"2023-03-02T14:21:13+00:00","description":"\u0130MC Generators | \u0130nsan Kaynaklar\u0131 | 25 y\u0131l \u00f6nce \u00e7\u0131kt\u0131\u011f\u0131m\u0131z enerji yolculu\u011fumuzda ayn\u0131 heyecan ve istekle yolumuza devam ediyoruz. \u0130MC Generators; \u0130nsan kaynaklar\u0131 politikas\u0131, \u015feffafl\u0131k,","breadcrumb":{"@id":"https:\/\/demo.ucyirmiiki.com.tr\/?page_id=117#breadcrumb"},"inLanguage":"tr","potentialAction":[{"@type":"ReadAction","target":["https:\/\/demo.ucyirmiiki.com.tr\/?page_id=117"]}]},{"@type":"ImageObject","inLanguage":"tr","@id":"https:\/\/demo.ucyirmiiki.com.tr\/?page_id=117#primaryimage","url":"https:\/\/demo.ucyirmiiki.com.tr\/wp-content\/uploads\/2023\/03\/imc8.jpg","contentUrl":"https:\/\/demo.ucyirmiiki.com.tr\/wp-content\/uploads\/2023\/03\/imc8.jpg","width":800,"height":800},{"@type":"BreadcrumbList","@id":"https:\/\/demo.ucyirmiiki.com.tr\/?page_id=117#breadcrumb","itemListElement":[{"@type":"ListItem","position":1,"name":"Anasayfa","item":"https:\/\/demo.ucyirmiiki.com.tr\/"},{"@type":"ListItem","position":2,"name":"\u0130nsan Kaynaklar\u0131"}]},{"@type":"WebSite","@id":"https:\/\/demo.ucyirmiiki.com.tr\/#website","url":"https:\/\/demo.ucyirmiiki.com.tr\/","name":"\u0130MC Generators","description":"Discover The Energy","publisher":{"@id":"https:\/\/demo.ucyirmiiki.com.tr\/#organization"},"potentialAction":[{"@type":"SearchAction","target":{"@type":"EntryPoint","urlTemplate":"https:\/\/demo.ucyirmiiki.com.tr\/?s={search_term_string}"},"query-input":{"@type":"PropertyValueSpecification","valueRequired":true,"valueName":"search_term_string"}}],"inLanguage":"tr"},{"@type":"Organization","@id":"https:\/\/demo.ucyirmiiki.com.tr\/#organization","name":"\u0130MC Generators","url":"https:\/\/demo.ucyirmiiki.com.tr\/","logo":{"@type":"ImageObject","inLanguage":"tr","@id":"https:\/\/demo.ucyirmiiki.com.tr\/#\/schema\/logo\/image\/","url":"https:\/\/demo.ucyirmiiki.com.tr\/wp-content\/uploads\/2023\/03\/imclogo-1.png","contentUrl":"https:\/\/demo.ucyirmiiki.com.tr\/wp-content\/uploads\/2023\/03\/imclogo-1.png","width":500,"height":319,"caption":"\u0130MC Generators"},"image":{"@id":"https:\/\/demo.ucyirmiiki.com.tr\/#\/schema\/logo\/image\/"}}]}},"_hostinger_reach_plugin_has_subscription_block":false,"_hostinger_reach_plugin_is_elementor":false,"_links":{"self":[{"href":"https:\/\/demo.ucyirmiiki.com.tr\/index.php?rest_route=\/wp\/v2\/pages\/117","targetHints":{"allow":["GET"]}}],"collection":[{"href":"https:\/\/demo.ucyirmiiki.com.tr\/index.php?rest_route=\/wp\/v2\/pages"}],"about":[{"href":"https:\/\/demo.ucyirmiiki.com.tr\/index.php?rest_route=\/wp\/v2\/types\/page"}],"author":[{"embeddable":true,"href":"https:\/\/demo.ucyirmiiki.com.tr\/index.php?rest_route=\/wp\/v2\/users\/1"}],"replies":[{"embeddable":true,"href":"https:\/\/demo.ucyirmiiki.com.tr\/index.php?rest_route=%2Fwp%2Fv2%2Fcomments&post=117"}],"version-history":[{"count":7,"href":"https:\/\/demo.ucyirmiiki.com.tr\/index.php?rest_route=\/wp\/v2\/pages\/117\/revisions"}],"predecessor-version":[{"id":127,"href":"https:\/\/demo.ucyirmiiki.com.tr\/index.php?rest_route=\/wp\/v2\/pages\/117\/revisions\/127"}],"wp:attachment":[{"href":"https:\/\/demo.ucyirmiiki.com.tr\/index.php?rest_route=%2Fwp%2Fv2%2Fmedia&parent=117"}],"curies":[{"name":"wp","href":"https:\/\/api.w.org\/{rel}","templated":true}]}}