{"id":141,"date":"2023-03-02T14:46:39","date_gmt":"2023-03-02T14:46:39","guid":{"rendered":"https:\/\/demo.ucyirmiiki.com.tr\/?page_id=141"},"modified":"2023-03-02T15:03:03","modified_gmt":"2023-03-02T15:03:03","slug":"satis-sonrasi-hizmetler","status":"publish","type":"page","link":"https:\/\/demo.ucyirmiiki.com.tr\/?page_id=141","title":{"rendered":"Sat\u0131\u015f Sonras\u0131 Hizmetler"},"content":{"rendered":"\t\t<div data-elementor-type=\"wp-page\" data-elementor-id=\"141\" class=\"elementor elementor-141\">\n\t\t\t\t<div class=\"elementor-element elementor-element-444e169 e-flex e-con-boxed lakit-col-width-auto-no e-container e-root-container elementor-top-section e-con e-parent\" data-id=\"444e169\" data-element_type=\"container\">\n\t\t\t\t\t<div class=\"e-con-inner\">\n\t\t\t\t<div class=\"elementor-element elementor-element-d8a4d3f elementor-widget elementor-widget-heading\" data-id=\"d8a4d3f\" data-element_type=\"widget\" data-widget_type=\"heading.default\">\n\t\t\t\t<div class=\"elementor-widget-container\">\n\t\t\t\t\t<h2 class=\"elementor-heading-title elementor-size-default\">25 y\u0131l \u00f6nce \u00e7\u0131kt\u0131\u011f\u0131m\u0131z enerji yolculu\u011fumuzda ayn\u0131 heyecan ve istekle yolumuza devam ediyoruz.\n\n<\/h2>\t\t\t\t<\/div>\n\t\t\t\t<\/div>\n\t\t\t\t\t<\/div>\n\t\t\t\t<\/div>\n\t\t<div class=\"elementor-element elementor-element-03e43d7 e-flex e-con-boxed lakit-col-width-auto-no e-container e-root-container elementor-top-section e-con e-parent\" data-id=\"03e43d7\" data-element_type=\"container\">\n\t\t\t\t\t<div class=\"e-con-inner\">\n\t\t<div class=\"elementor-element elementor-element-bd0f2ac e-con-full e-flex lakit-col-width-auto-no e-container e-con e-child\" data-id=\"bd0f2ac\" data-element_type=\"container\">\n\t\t\t\t<div class=\"elementor-element elementor-element-7779caa elementor-position-top elementor-widget elementor-widget-image-box\" data-id=\"7779caa\" data-element_type=\"widget\" data-widget_type=\"image-box.default\">\n\t\t\t\t<div class=\"elementor-widget-container\">\n\t\t\t\t\t<div class=\"elementor-image-box-wrapper\"><figure class=\"elementor-image-box-img\"><img decoding=\"async\" width=\"64\" height=\"64\" src=\"https:\/\/demo.ucyirmiiki.com.tr\/wp-content\/uploads\/2023\/03\/search.png\" class=\"attachment-full size-full wp-image-148\" alt=\"\" \/><\/figure><div class=\"elementor-image-box-content\"><h3 class=\"elementor-image-box-title\">G\u00fc\u00e7 ve Yer Tespiti<\/h3><p class=\"elementor-image-box-description\">Enerji ihtiyac\u0131n\u0131 belirlemek i\u00e7in \u00e7al\u0131\u015fmalar yap\u0131l\u0131r.\n\n<\/p><\/div><\/div>\t\t\t\t<\/div>\n\t\t\t\t<\/div>\n\t\t\t\t<\/div>\n\t\t<div class=\"elementor-element elementor-element-dcd3ccc e-con-full e-flex lakit-col-width-auto-no e-container e-con e-child\" data-id=\"dcd3ccc\" data-element_type=\"container\">\n\t\t\t\t<div class=\"elementor-element elementor-element-0da0332 elementor-position-top elementor-widget elementor-widget-image-box\" data-id=\"0da0332\" data-element_type=\"widget\" data-widget_type=\"image-box.default\">\n\t\t\t\t<div class=\"elementor-widget-container\">\n\t\t\t\t\t<div class=\"elementor-image-box-wrapper\"><figure class=\"elementor-image-box-img\"><img decoding=\"async\" width=\"64\" height=\"64\" src=\"https:\/\/demo.ucyirmiiki.com.tr\/wp-content\/uploads\/2023\/03\/settings.png\" class=\"attachment-full size-full wp-image-147\" alt=\"\" \/><\/figure><div class=\"elementor-image-box-content\"><h3 class=\"elementor-image-box-title\">Yedek Par\u00e7a<\/h3><p class=\"elementor-image-box-description\">Jenerat\u00f6r\u00fcn sorunsuz \u00e7al\u0131\u015fabilmesi i\u00e7in orjinal yedek par\u00e7alard\u0131r.\n\n\n<\/p><\/div><\/div>\t\t\t\t<\/div>\n\t\t\t\t<\/div>\n\t\t\t\t<\/div>\n\t\t<div class=\"elementor-element elementor-element-157df6e e-con-full e-flex lakit-col-width-auto-no e-container e-con e-child\" data-id=\"157df6e\" data-element_type=\"container\">\n\t\t\t\t<div class=\"elementor-element elementor-element-0c1ee98 elementor-position-top elementor-widget elementor-widget-image-box\" data-id=\"0c1ee98\" data-element_type=\"widget\" data-widget_type=\"image-box.default\">\n\t\t\t\t<div class=\"elementor-widget-container\">\n\t\t\t\t\t<div class=\"elementor-image-box-wrapper\"><figure class=\"elementor-image-box-img\"><img decoding=\"async\" width=\"64\" height=\"64\" src=\"https:\/\/demo.ucyirmiiki.com.tr\/wp-content\/uploads\/2023\/03\/statistics.png\" class=\"attachment-full size-full wp-image-146\" alt=\"\" \/><\/figure><div class=\"elementor-image-box-content\"><h3 class=\"elementor-image-box-title\">Periyodik Bak\u0131m<\/h3><p class=\"elementor-image-box-description\">Jenerat\u00f6r\u00fcn sorunsuz ve verimli \u00e7al\u0131\u015fabilmesi i\u00e7in yap\u0131lan d\u00fczenli bak\u0131mlard\u0131r.\n\n\n<\/p><\/div><\/div>\t\t\t\t<\/div>\n\t\t\t\t<\/div>\n\t\t\t\t<\/div>\n\t\t\t\t\t<\/div>\n\t\t\t\t<\/div>\n\t\t<div class=\"elementor-element elementor-element-dd7135b e-flex e-con-boxed lakit-col-width-auto-no e-container e-root-container elementor-top-section e-con e-parent\" data-id=\"dd7135b\" data-element_type=\"container\">\n\t\t\t\t\t<div class=\"e-con-inner\">\n\t\t<div class=\"elementor-element elementor-element-cd9cc9e e-con-full e-flex lakit-col-width-auto-no e-container e-con e-child\" data-id=\"cd9cc9e\" data-element_type=\"container\">\n\t\t\t\t<div class=\"elementor-element elementor-element-fbf8cb6 elementor-widget elementor-widget-image\" data-id=\"fbf8cb6\" data-element_type=\"widget\" data-widget_type=\"image.default\">\n\t\t\t\t<div class=\"elementor-widget-container\">\n\t\t\t\t\t\t\t\t\t\t\t\t\t\t\t<img loading=\"lazy\" decoding=\"async\" width=\"730\" height=\"730\" src=\"https:\/\/demo.ucyirmiiki.com.tr\/wp-content\/uploads\/2023\/03\/imc14-e1653843368186.jpg\" class=\"attachment-large size-large wp-image-145\" alt=\"\" srcset=\"https:\/\/demo.ucyirmiiki.com.tr\/wp-content\/uploads\/2023\/03\/imc14-e1653843368186.jpg 730w, https:\/\/demo.ucyirmiiki.com.tr\/wp-content\/uploads\/2023\/03\/imc14-e1653843368186-300x300.jpg 300w, https:\/\/demo.ucyirmiiki.com.tr\/wp-content\/uploads\/2023\/03\/imc14-e1653843368186-100x100.jpg 100w, https:\/\/demo.ucyirmiiki.com.tr\/wp-content\/uploads\/2023\/03\/imc14-e1653843368186-600x600.jpg 600w, https:\/\/demo.ucyirmiiki.com.tr\/wp-content\/uploads\/2023\/03\/imc14-e1653843368186-150x150.jpg 150w\" sizes=\"(max-width: 730px) 100vw, 730px\" \/>\t\t\t\t\t\t\t\t\t\t\t\t\t\t\t<\/div>\n\t\t\t\t<\/div>\n\t\t\t\t<\/div>\n\t\t<div class=\"elementor-element elementor-element-972bb30 e-con-full e-flex lakit-col-width-auto-no e-container e-con e-child\" data-id=\"972bb30\" data-element_type=\"container\">\n\t\t<div class=\"elementor-element elementor-element-8ab2578 e-flex e-con-boxed lakit-col-width-auto-no e-container e-con e-child\" data-id=\"8ab2578\" data-element_type=\"container\" data-settings=\"{&quot;background_background&quot;:&quot;gradient&quot;}\">\n\t\t\t\t\t<div class=\"e-con-inner\">\n\t\t\t\t<div class=\"elementor-element elementor-element-781383d elementor-widget elementor-widget-heading\" data-id=\"781383d\" data-element_type=\"widget\" data-widget_type=\"heading.default\">\n\t\t\t\t<div class=\"elementor-widget-container\">\n\t\t\t\t\t<h2 class=\"elementor-heading-title elementor-size-default\">G\u00fc\u00e7 ve Yer Tespiti<\/h2>\t\t\t\t<\/div>\n\t\t\t\t<\/div>\n\t\t\t\t<div class=\"elementor-element elementor-element-0e5e9d5 elementor-widget elementor-widget-text-editor\" data-id=\"0e5e9d5\" data-element_type=\"widget\" data-widget_type=\"text-editor.default\">\n\t\t\t\t<div class=\"elementor-widget-container\">\n\t\t\t\t\t\t\t\t\t<p>Enerji ihtiyac\u0131n\u0131 saptamak amac\u0131yla yap\u0131lan \u00f6n ke\u015fif \u00e7al\u0131\u015fmalar\u0131n\u0131, sat\u0131n alma s\u0131ras\u0131ndaki proje tasar\u0131m\u0131n\u0131 ve jenerat\u00f6r setlerine uygun yer se\u00e7imini kapsayan m\u00fchendislik hizmetlerini \u00fccretsiz olarak sunuyoruz.<\/p>\t\t\t\t\t\t\t\t<\/div>\n\t\t\t\t<\/div>\n\t\t\t\t\t<\/div>\n\t\t\t\t<\/div>\n\t\t\t\t<\/div>\n\t\t\t\t\t<\/div>\n\t\t\t\t<\/div>\n\t\t<div class=\"elementor-element elementor-element-711ff8f e-flex e-con-boxed lakit-col-width-auto-no e-container e-root-container elementor-top-section e-con e-parent\" data-id=\"711ff8f\" data-element_type=\"container\">\n\t\t\t\t\t<div class=\"e-con-inner\">\n\t\t<div class=\"elementor-element elementor-element-963563b e-con-full e-flex lakit-col-width-auto-no e-container e-con e-child\" data-id=\"963563b\" data-element_type=\"container\">\n\t\t<div class=\"elementor-element elementor-element-5b31c0b e-flex e-con-boxed lakit-col-width-auto-no e-container e-con e-child\" data-id=\"5b31c0b\" data-element_type=\"container\" data-settings=\"{&quot;background_background&quot;:&quot;gradient&quot;}\">\n\t\t\t\t\t<div class=\"e-con-inner\">\n\t\t\t\t<div class=\"elementor-element elementor-element-3699bbf elementor-widget elementor-widget-heading\" data-id=\"3699bbf\" data-element_type=\"widget\" data-widget_type=\"heading.default\">\n\t\t\t\t<div class=\"elementor-widget-container\">\n\t\t\t\t\t<h2 class=\"elementor-heading-title elementor-size-default\">Yedek Par\u00e7a\n<\/h2>\t\t\t\t<\/div>\n\t\t\t\t<\/div>\n\t\t\t\t<div class=\"elementor-element elementor-element-9b5a57e elementor-widget elementor-widget-text-editor\" data-id=\"9b5a57e\" data-element_type=\"widget\" data-widget_type=\"text-editor.default\">\n\t\t\t\t<div class=\"elementor-widget-container\">\n\t\t\t\t\t\t\t\t\t<p>Jenerat\u00f6r setinin sorunsuz hizmet verebilmesi i\u00e7in bak\u0131m ve onar\u0131mlarda teknik servis ekibi taraf\u0131ndan \u00f6nerilen orijinal yedek par\u00e7alar kullan\u0131lmal\u0131d\u0131r. Geni\u015f yedek par\u00e7a stoku ile ihtiya\u00e7lar\u0131n kar\u015f\u0131lanmas\u0131 sa\u011flanmaktad\u0131r.<\/p>\t\t\t\t\t\t\t\t<\/div>\n\t\t\t\t<\/div>\n\t\t\t\t\t<\/div>\n\t\t\t\t<\/div>\n\t\t\t\t<\/div>\n\t\t<div class=\"elementor-element elementor-element-daf0856 e-con-full e-flex lakit-col-width-auto-no e-container e-con e-child\" data-id=\"daf0856\" data-element_type=\"container\">\n\t\t\t\t<div class=\"elementor-element elementor-element-946d967 elementor-widget elementor-widget-image\" data-id=\"946d967\" data-element_type=\"widget\" data-widget_type=\"image.default\">\n\t\t\t\t<div class=\"elementor-widget-container\">\n\t\t\t\t\t\t\t\t\t\t\t\t\t\t\t<img loading=\"lazy\" decoding=\"async\" width=\"730\" height=\"730\" src=\"https:\/\/demo.ucyirmiiki.com.tr\/wp-content\/uploads\/2023\/03\/imc15.jpg\" class=\"attachment-large size-large wp-image-144\" alt=\"\" srcset=\"https:\/\/demo.ucyirmiiki.com.tr\/wp-content\/uploads\/2023\/03\/imc15.jpg 730w, https:\/\/demo.ucyirmiiki.com.tr\/wp-content\/uploads\/2023\/03\/imc15-300x300.jpg 300w, https:\/\/demo.ucyirmiiki.com.tr\/wp-content\/uploads\/2023\/03\/imc15-100x100.jpg 100w, https:\/\/demo.ucyirmiiki.com.tr\/wp-content\/uploads\/2023\/03\/imc15-600x600.jpg 600w, https:\/\/demo.ucyirmiiki.com.tr\/wp-content\/uploads\/2023\/03\/imc15-150x150.jpg 150w\" sizes=\"(max-width: 730px) 100vw, 730px\" \/>\t\t\t\t\t\t\t\t\t\t\t\t\t\t\t<\/div>\n\t\t\t\t<\/div>\n\t\t\t\t<\/div>\n\t\t\t\t\t<\/div>\n\t\t\t\t<\/div>\n\t\t<div class=\"elementor-element elementor-element-5d25341 e-flex e-con-boxed lakit-col-width-auto-no e-container e-root-container elementor-top-section e-con e-parent\" data-id=\"5d25341\" data-element_type=\"container\">\n\t\t\t\t\t<div class=\"e-con-inner\">\n\t\t<div class=\"elementor-element elementor-element-3164152 e-con-full e-flex lakit-col-width-auto-no e-container e-con e-child\" data-id=\"3164152\" data-element_type=\"container\">\n\t\t\t\t<div class=\"elementor-element elementor-element-656b981 elementor-widget elementor-widget-image\" data-id=\"656b981\" data-element_type=\"widget\" data-widget_type=\"image.default\">\n\t\t\t\t<div class=\"elementor-widget-container\">\n\t\t\t\t\t\t\t\t\t\t\t\t\t\t\t<img loading=\"lazy\" decoding=\"async\" width=\"730\" height=\"730\" src=\"https:\/\/demo.ucyirmiiki.com.tr\/wp-content\/uploads\/2023\/03\/imc-hizmetler-3.jpg\" class=\"attachment-large size-large wp-image-143\" alt=\"\" srcset=\"https:\/\/demo.ucyirmiiki.com.tr\/wp-content\/uploads\/2023\/03\/imc-hizmetler-3.jpg 730w, https:\/\/demo.ucyirmiiki.com.tr\/wp-content\/uploads\/2023\/03\/imc-hizmetler-3-300x300.jpg 300w, https:\/\/demo.ucyirmiiki.com.tr\/wp-content\/uploads\/2023\/03\/imc-hizmetler-3-100x100.jpg 100w, https:\/\/demo.ucyirmiiki.com.tr\/wp-content\/uploads\/2023\/03\/imc-hizmetler-3-600x600.jpg 600w, https:\/\/demo.ucyirmiiki.com.tr\/wp-content\/uploads\/2023\/03\/imc-hizmetler-3-150x150.jpg 150w\" sizes=\"(max-width: 730px) 100vw, 730px\" \/>\t\t\t\t\t\t\t\t\t\t\t\t\t\t\t<\/div>\n\t\t\t\t<\/div>\n\t\t\t\t<\/div>\n\t\t<div class=\"elementor-element elementor-element-42e4e82 e-con-full e-flex lakit-col-width-auto-no e-container e-con e-child\" data-id=\"42e4e82\" data-element_type=\"container\">\n\t\t<div class=\"elementor-element elementor-element-41ff44c e-flex e-con-boxed lakit-col-width-auto-no e-container e-con e-child\" data-id=\"41ff44c\" data-element_type=\"container\" data-settings=\"{&quot;background_background&quot;:&quot;gradient&quot;}\">\n\t\t\t\t\t<div class=\"e-con-inner\">\n\t\t\t\t<div class=\"elementor-element elementor-element-776232e elementor-widget elementor-widget-heading\" data-id=\"776232e\" data-element_type=\"widget\" data-widget_type=\"heading.default\">\n\t\t\t\t<div class=\"elementor-widget-container\">\n\t\t\t\t\t<h2 class=\"elementor-heading-title elementor-size-default\">Periyodik Bak\u0131m\n<\/h2>\t\t\t\t<\/div>\n\t\t\t\t<\/div>\n\t\t\t\t<div class=\"elementor-element elementor-element-1407ce4 elementor-widget elementor-widget-text-editor\" data-id=\"1407ce4\" data-element_type=\"widget\" data-widget_type=\"text-editor.default\">\n\t\t\t\t<div class=\"elementor-widget-container\">\n\t\t\t\t\t\t\t\t\t<p>Jenerat\u00f6r\u00fcn sorunsuz \u00e7al\u0131\u015fmas\u0131 ve verimli hizmet \u00fcretilmesi, olu\u015facak ar\u0131zalar\u0131n en k\u0131sa s\u00fcrede giderilebilmesi hatta ar\u0131za olu\u015fmadan engellenebilmesi i\u00e7in periyodik kontrol ve bak\u0131mlar\u0131n\u0131n d\u00fczenli yap\u0131lmas\u0131 gerekmektedir.<\/p>\t\t\t\t\t\t\t\t<\/div>\n\t\t\t\t<\/div>\n\t\t\t\t\t<\/div>\n\t\t\t\t<\/div>\n\t\t\t\t<\/div>\n\t\t\t\t\t<\/div>\n\t\t\t\t<\/div>\n\t\t\t\t<\/div>\n\t\t","protected":false},"excerpt":{"rendered":"<p>25 y\u0131l \u00f6nce \u00e7\u0131kt\u0131\u011f\u0131m\u0131z enerji yolculu\u011fumuzda ayn\u0131 heyecan ve istekle yolumuza devam ediyoruz. G\u00fc\u00e7 ve Yer Tespiti Enerji ihtiyac\u0131n\u0131 belirlemek i\u00e7in \u00e7al\u0131\u015fmalar yap\u0131l\u0131r. Yedek Par\u00e7a Jenerat\u00f6r\u00fcn sorunsuz \u00e7al\u0131\u015fabilmesi i\u00e7in orjinal yedek par\u00e7alard\u0131r. Periyodik Bak\u0131m Jenerat\u00f6r\u00fcn sorunsuz ve verimli \u00e7al\u0131\u015fabilmesi i\u00e7in yap\u0131lan d\u00fczenli bak\u0131mlard\u0131r. G\u00fc\u00e7 ve Yer Tespiti Enerji ihtiyac\u0131n\u0131 saptamak amac\u0131yla&hellip;<\/p>\n","protected":false},"author":1,"featured_media":0,"parent":0,"menu_order":0,"comment_status":"closed","ping_status":"closed","template":"elementor_header_footer","meta":{"_acf_changed":false,"_joinchat":[],"footnotes":""},"class_list":["post-141","page","type-page","status-publish","hentry"],"acf":[],"yoast_head":"<!-- This site is optimized with the Yoast SEO plugin v23.7 - https:\/\/yoast.com\/wordpress\/plugins\/seo\/ -->\n<title>Sat\u0131\u015f Sonras\u0131 Hizmetler | \u0130MC Generators<\/title>\n<meta name=\"description\" content=\"\u0130MC Generators | Sat\u0131\u015f Sonras\u0131 Hizmetler | 25 y\u0131l \u00f6nce \u00e7\u0131kt\u0131\u011f\u0131m\u0131z enerji yolculu\u011fumuzda ayn\u0131 heyecan ve istekle yolumuza devam ediyoruz. G\u00fc\u00e7 ve Yer TespitiEnerji ihtiyac\u0131n\u0131 belirlemek i\u00e7in\" \/>\n<meta name=\"robots\" content=\"index, follow, max-snippet:-1, max-image-preview:large, max-video-preview:-1\" \/>\n<link rel=\"canonical\" href=\"https:\/\/demo.ucyirmiiki.com.tr\/?page_id=141\" \/>\n<meta property=\"og:locale\" content=\"tr_TR\" \/>\n<meta property=\"og:type\" content=\"article\" \/>\n<meta property=\"og:title\" content=\"Sat\u0131\u015f Sonras\u0131 Hizmetler | \u0130MC Generators\" \/>\n<meta property=\"og:description\" content=\"\u0130MC Generators | Sat\u0131\u015f Sonras\u0131 Hizmetler | 25 y\u0131l \u00f6nce \u00e7\u0131kt\u0131\u011f\u0131m\u0131z enerji yolculu\u011fumuzda ayn\u0131 heyecan ve istekle yolumuza devam ediyoruz. G\u00fc\u00e7 ve Yer TespitiEnerji ihtiyac\u0131n\u0131 belirlemek i\u00e7in\" \/>\n<meta property=\"og:url\" content=\"https:\/\/demo.ucyirmiiki.com.tr\/?page_id=141\" \/>\n<meta property=\"og:site_name\" content=\"\u0130MC Generators\" \/>\n<meta property=\"article:modified_time\" content=\"2023-03-02T15:03:03+00:00\" \/>\n<meta property=\"og:image\" content=\"https:\/\/demo.ucyirmiiki.com.tr\/wp-content\/uploads\/2023\/03\/search.png\" \/>\n<meta name=\"twitter:card\" content=\"summary_large_image\" \/>\n<meta name=\"twitter:label1\" content=\"Tahmini okuma s\u00fcresi\" \/>\n\t<meta name=\"twitter:data1\" content=\"1 dakika\" \/>\n<script type=\"application\/ld+json\" class=\"yoast-schema-graph\">{\"@context\":\"https:\/\/schema.org\",\"@graph\":[{\"@type\":\"WebPage\",\"@id\":\"https:\/\/demo.ucyirmiiki.com.tr\/?page_id=141\",\"url\":\"https:\/\/demo.ucyirmiiki.com.tr\/?page_id=141\",\"name\":\"Sat\u0131\u015f Sonras\u0131 Hizmetler | \u0130MC Generators\",\"isPartOf\":{\"@id\":\"https:\/\/demo.ucyirmiiki.com.tr\/#website\"},\"primaryImageOfPage\":{\"@id\":\"https:\/\/demo.ucyirmiiki.com.tr\/?page_id=141#primaryimage\"},\"image\":{\"@id\":\"https:\/\/demo.ucyirmiiki.com.tr\/?page_id=141#primaryimage\"},\"thumbnailUrl\":\"https:\/\/demo.ucyirmiiki.com.tr\/wp-content\/uploads\/2023\/03\/search.png\",\"datePublished\":\"2023-03-02T14:46:39+00:00\",\"dateModified\":\"2023-03-02T15:03:03+00:00\",\"description\":\"\u0130MC Generators | Sat\u0131\u015f Sonras\u0131 Hizmetler | 25 y\u0131l \u00f6nce \u00e7\u0131kt\u0131\u011f\u0131m\u0131z enerji yolculu\u011fumuzda ayn\u0131 heyecan ve istekle yolumuza devam ediyoruz. G\u00fc\u00e7 ve Yer TespitiEnerji ihtiyac\u0131n\u0131 belirlemek i\u00e7in\",\"breadcrumb\":{\"@id\":\"https:\/\/demo.ucyirmiiki.com.tr\/?page_id=141#breadcrumb\"},\"inLanguage\":\"tr\",\"potentialAction\":[{\"@type\":\"ReadAction\",\"target\":[\"https:\/\/demo.ucyirmiiki.com.tr\/?page_id=141\"]}]},{\"@type\":\"ImageObject\",\"inLanguage\":\"tr\",\"@id\":\"https:\/\/demo.ucyirmiiki.com.tr\/?page_id=141#primaryimage\",\"url\":\"https:\/\/demo.ucyirmiiki.com.tr\/wp-content\/uploads\/2023\/03\/search.png\",\"contentUrl\":\"https:\/\/demo.ucyirmiiki.com.tr\/wp-content\/uploads\/2023\/03\/search.png\",\"width\":64,\"height\":64},{\"@type\":\"BreadcrumbList\",\"@id\":\"https:\/\/demo.ucyirmiiki.com.tr\/?page_id=141#breadcrumb\",\"itemListElement\":[{\"@type\":\"ListItem\",\"position\":1,\"name\":\"Anasayfa\",\"item\":\"https:\/\/demo.ucyirmiiki.com.tr\/\"},{\"@type\":\"ListItem\",\"position\":2,\"name\":\"Sat\u0131\u015f Sonras\u0131 Hizmetler\"}]},{\"@type\":\"WebSite\",\"@id\":\"https:\/\/demo.ucyirmiiki.com.tr\/#website\",\"url\":\"https:\/\/demo.ucyirmiiki.com.tr\/\",\"name\":\"\u0130MC Generators\",\"description\":\"Discover The Energy\",\"publisher\":{\"@id\":\"https:\/\/demo.ucyirmiiki.com.tr\/#organization\"},\"potentialAction\":[{\"@type\":\"SearchAction\",\"target\":{\"@type\":\"EntryPoint\",\"urlTemplate\":\"https:\/\/demo.ucyirmiiki.com.tr\/?s={search_term_string}\"},\"query-input\":{\"@type\":\"PropertyValueSpecification\",\"valueRequired\":true,\"valueName\":\"search_term_string\"}}],\"inLanguage\":\"tr\"},{\"@type\":\"Organization\",\"@id\":\"https:\/\/demo.ucyirmiiki.com.tr\/#organization\",\"name\":\"\u0130MC Generators\",\"url\":\"https:\/\/demo.ucyirmiiki.com.tr\/\",\"logo\":{\"@type\":\"ImageObject\",\"inLanguage\":\"tr\",\"@id\":\"https:\/\/demo.ucyirmiiki.com.tr\/#\/schema\/logo\/image\/\",\"url\":\"https:\/\/demo.ucyirmiiki.com.tr\/wp-content\/uploads\/2023\/03\/imclogo-1.png\",\"contentUrl\":\"https:\/\/demo.ucyirmiiki.com.tr\/wp-content\/uploads\/2023\/03\/imclogo-1.png\",\"width\":500,\"height\":319,\"caption\":\"\u0130MC Generators\"},\"image\":{\"@id\":\"https:\/\/demo.ucyirmiiki.com.tr\/#\/schema\/logo\/image\/\"}}]}<\/script>\n<!-- \/ Yoast SEO plugin. -->","yoast_head_json":{"title":"Sat\u0131\u015f Sonras\u0131 Hizmetler | \u0130MC Generators","description":"\u0130MC Generators | Sat\u0131\u015f Sonras\u0131 Hizmetler | 25 y\u0131l \u00f6nce \u00e7\u0131kt\u0131\u011f\u0131m\u0131z enerji yolculu\u011fumuzda ayn\u0131 heyecan ve istekle yolumuza devam ediyoruz. G\u00fc\u00e7 ve Yer TespitiEnerji ihtiyac\u0131n\u0131 belirlemek i\u00e7in","robots":{"index":"index","follow":"follow","max-snippet":"max-snippet:-1","max-image-preview":"max-image-preview:large","max-video-preview":"max-video-preview:-1"},"canonical":"https:\/\/demo.ucyirmiiki.com.tr\/?page_id=141","og_locale":"tr_TR","og_type":"article","og_title":"Sat\u0131\u015f Sonras\u0131 Hizmetler | \u0130MC Generators","og_description":"\u0130MC Generators | Sat\u0131\u015f Sonras\u0131 Hizmetler | 25 y\u0131l \u00f6nce \u00e7\u0131kt\u0131\u011f\u0131m\u0131z enerji yolculu\u011fumuzda ayn\u0131 heyecan ve istekle yolumuza devam ediyoruz. G\u00fc\u00e7 ve Yer TespitiEnerji ihtiyac\u0131n\u0131 belirlemek i\u00e7in","og_url":"https:\/\/demo.ucyirmiiki.com.tr\/?page_id=141","og_site_name":"\u0130MC Generators","article_modified_time":"2023-03-02T15:03:03+00:00","og_image":[{"url":"https:\/\/demo.ucyirmiiki.com.tr\/wp-content\/uploads\/2023\/03\/search.png"}],"twitter_card":"summary_large_image","twitter_misc":{"Tahmini okuma s\u00fcresi":"1 dakika"},"schema":{"@context":"https:\/\/schema.org","@graph":[{"@type":"WebPage","@id":"https:\/\/demo.ucyirmiiki.com.tr\/?page_id=141","url":"https:\/\/demo.ucyirmiiki.com.tr\/?page_id=141","name":"Sat\u0131\u015f Sonras\u0131 Hizmetler | \u0130MC Generators","isPartOf":{"@id":"https:\/\/demo.ucyirmiiki.com.tr\/#website"},"primaryImageOfPage":{"@id":"https:\/\/demo.ucyirmiiki.com.tr\/?page_id=141#primaryimage"},"image":{"@id":"https:\/\/demo.ucyirmiiki.com.tr\/?page_id=141#primaryimage"},"thumbnailUrl":"https:\/\/demo.ucyirmiiki.com.tr\/wp-content\/uploads\/2023\/03\/search.png","datePublished":"2023-03-02T14:46:39+00:00","dateModified":"2023-03-02T15:03:03+00:00","description":"\u0130MC Generators | Sat\u0131\u015f Sonras\u0131 Hizmetler | 25 y\u0131l \u00f6nce \u00e7\u0131kt\u0131\u011f\u0131m\u0131z enerji yolculu\u011fumuzda ayn\u0131 heyecan ve istekle yolumuza devam ediyoruz. G\u00fc\u00e7 ve Yer TespitiEnerji ihtiyac\u0131n\u0131 belirlemek i\u00e7in","breadcrumb":{"@id":"https:\/\/demo.ucyirmiiki.com.tr\/?page_id=141#breadcrumb"},"inLanguage":"tr","potentialAction":[{"@type":"ReadAction","target":["https:\/\/demo.ucyirmiiki.com.tr\/?page_id=141"]}]},{"@type":"ImageObject","inLanguage":"tr","@id":"https:\/\/demo.ucyirmiiki.com.tr\/?page_id=141#primaryimage","url":"https:\/\/demo.ucyirmiiki.com.tr\/wp-content\/uploads\/2023\/03\/search.png","contentUrl":"https:\/\/demo.ucyirmiiki.com.tr\/wp-content\/uploads\/2023\/03\/search.png","width":64,"height":64},{"@type":"BreadcrumbList","@id":"https:\/\/demo.ucyirmiiki.com.tr\/?page_id=141#breadcrumb","itemListElement":[{"@type":"ListItem","position":1,"name":"Anasayfa","item":"https:\/\/demo.ucyirmiiki.com.tr\/"},{"@type":"ListItem","position":2,"name":"Sat\u0131\u015f Sonras\u0131 Hizmetler"}]},{"@type":"WebSite","@id":"https:\/\/demo.ucyirmiiki.com.tr\/#website","url":"https:\/\/demo.ucyirmiiki.com.tr\/","name":"\u0130MC Generators","description":"Discover The Energy","publisher":{"@id":"https:\/\/demo.ucyirmiiki.com.tr\/#organization"},"potentialAction":[{"@type":"SearchAction","target":{"@type":"EntryPoint","urlTemplate":"https:\/\/demo.ucyirmiiki.com.tr\/?s={search_term_string}"},"query-input":{"@type":"PropertyValueSpecification","valueRequired":true,"valueName":"search_term_string"}}],"inLanguage":"tr"},{"@type":"Organization","@id":"https:\/\/demo.ucyirmiiki.com.tr\/#organization","name":"\u0130MC Generators","url":"https:\/\/demo.ucyirmiiki.com.tr\/","logo":{"@type":"ImageObject","inLanguage":"tr","@id":"https:\/\/demo.ucyirmiiki.com.tr\/#\/schema\/logo\/image\/","url":"https:\/\/demo.ucyirmiiki.com.tr\/wp-content\/uploads\/2023\/03\/imclogo-1.png","contentUrl":"https:\/\/demo.ucyirmiiki.com.tr\/wp-content\/uploads\/2023\/03\/imclogo-1.png","width":500,"height":319,"caption":"\u0130MC Generators"},"image":{"@id":"https:\/\/demo.ucyirmiiki.com.tr\/#\/schema\/logo\/image\/"}}]}},"_hostinger_reach_plugin_has_subscription_block":false,"_hostinger_reach_plugin_is_elementor":false,"_links":{"self":[{"href":"https:\/\/demo.ucyirmiiki.com.tr\/index.php?rest_route=\/wp\/v2\/pages\/141","targetHints":{"allow":["GET"]}}],"collection":[{"href":"https:\/\/demo.ucyirmiiki.com.tr\/index.php?rest_route=\/wp\/v2\/pages"}],"about":[{"href":"https:\/\/demo.ucyirmiiki.com.tr\/index.php?rest_route=\/wp\/v2\/types\/page"}],"author":[{"embeddable":true,"href":"https:\/\/demo.ucyirmiiki.com.tr\/index.php?rest_route=\/wp\/v2\/users\/1"}],"replies":[{"embeddable":true,"href":"https:\/\/demo.ucyirmiiki.com.tr\/index.php?rest_route=%2Fwp%2Fv2%2Fcomments&post=141"}],"version-history":[{"count":4,"href":"https:\/\/demo.ucyirmiiki.com.tr\/index.php?rest_route=\/wp\/v2\/pages\/141\/revisions"}],"predecessor-version":[{"id":152,"href":"https:\/\/demo.ucyirmiiki.com.tr\/index.php?rest_route=\/wp\/v2\/pages\/141\/revisions\/152"}],"wp:attachment":[{"href":"https:\/\/demo.ucyirmiiki.com.tr\/index.php?rest_route=%2Fwp%2Fv2%2Fmedia&parent=141"}],"curies":[{"name":"wp","href":"https:\/\/api.w.org\/{rel}","templated":true}]}}