{"id":165,"date":"2023-03-02T15:08:06","date_gmt":"2023-03-02T15:08:06","guid":{"rendered":"https:\/\/demo.ucyirmiiki.com.tr\/?page_id=165"},"modified":"2023-03-02T15:09:57","modified_gmt":"2023-03-02T15:09:57","slug":"ozel-proje-tasarimi","status":"publish","type":"page","link":"https:\/\/demo.ucyirmiiki.com.tr\/?page_id=165","title":{"rendered":"\u00d6zel Proje Tasar\u0131m\u0131"},"content":{"rendered":"\t\t<div data-elementor-type=\"wp-page\" data-elementor-id=\"165\" class=\"elementor elementor-165\">\n\t\t\t\t<div class=\"elementor-element elementor-element-34ee1c7 e-flex e-con-boxed lakit-col-width-auto-no e-container e-root-container elementor-top-section e-con e-parent\" data-id=\"34ee1c7\" data-element_type=\"container\">\n\t\t\t\t\t<div class=\"e-con-inner\">\n\t\t\t\t<div class=\"elementor-element elementor-element-e00e820 elementor-widget elementor-widget-heading\" data-id=\"e00e820\" data-element_type=\"widget\" data-widget_type=\"heading.default\">\n\t\t\t\t<div class=\"elementor-widget-container\">\n\t\t\t\t\t<h2 class=\"elementor-heading-title elementor-size-default\">25 y\u0131l \u00f6nce \u00e7\u0131kt\u0131\u011f\u0131m\u0131z enerji yolculu\u011fumuzda ayn\u0131 heyecan ve istekle yolumuza devam ediyoruz.\n\n<\/h2>\t\t\t\t<\/div>\n\t\t\t\t<\/div>\n\t\t\t\t\t<\/div>\n\t\t\t\t<\/div>\n\t\t<div class=\"elementor-element elementor-element-0af6521 e-flex e-con-boxed lakit-col-width-auto-no e-container e-root-container elementor-top-section e-con e-parent\" data-id=\"0af6521\" data-element_type=\"container\">\n\t\t\t\t\t<div class=\"e-con-inner\">\n\t\t<div class=\"elementor-element elementor-element-47ca775 e-con-full e-flex lakit-col-width-auto-no e-container e-con e-child\" data-id=\"47ca775\" data-element_type=\"container\">\n\t\t\t\t<div class=\"elementor-element elementor-element-df64fd2 elementor-widget elementor-widget-image\" data-id=\"df64fd2\" data-element_type=\"widget\" data-widget_type=\"image.default\">\n\t\t\t\t<div class=\"elementor-widget-container\">\n\t\t\t\t\t\t\t\t\t\t\t\t\t\t\t<img fetchpriority=\"high\" decoding=\"async\" width=\"800\" height=\"800\" src=\"https:\/\/demo.ucyirmiiki.com.tr\/wp-content\/uploads\/2023\/03\/imc-ozel.jpg\" class=\"attachment-large size-large wp-image-167\" alt=\"\" srcset=\"https:\/\/demo.ucyirmiiki.com.tr\/wp-content\/uploads\/2023\/03\/imc-ozel.jpg 800w, https:\/\/demo.ucyirmiiki.com.tr\/wp-content\/uploads\/2023\/03\/imc-ozel-300x300.jpg 300w, https:\/\/demo.ucyirmiiki.com.tr\/wp-content\/uploads\/2023\/03\/imc-ozel-100x100.jpg 100w, https:\/\/demo.ucyirmiiki.com.tr\/wp-content\/uploads\/2023\/03\/imc-ozel-600x600.jpg 600w, https:\/\/demo.ucyirmiiki.com.tr\/wp-content\/uploads\/2023\/03\/imc-ozel-150x150.jpg 150w, https:\/\/demo.ucyirmiiki.com.tr\/wp-content\/uploads\/2023\/03\/imc-ozel-768x768.jpg 768w\" sizes=\"(max-width: 800px) 100vw, 800px\" \/>\t\t\t\t\t\t\t\t\t\t\t\t\t\t\t<\/div>\n\t\t\t\t<\/div>\n\t\t\t\t<\/div>\n\t\t<div class=\"elementor-element elementor-element-361fdf5 e-con-full e-flex lakit-col-width-auto-no e-container e-con e-child\" data-id=\"361fdf5\" data-element_type=\"container\">\n\t\t<div class=\"elementor-element elementor-element-92a4f8f e-flex e-con-boxed lakit-col-width-auto-no e-container e-con e-child\" data-id=\"92a4f8f\" data-element_type=\"container\" data-settings=\"{&quot;background_background&quot;:&quot;gradient&quot;}\">\n\t\t\t\t\t<div class=\"e-con-inner\">\n\t\t\t\t<div class=\"elementor-element elementor-element-03a8a94 elementor-widget elementor-widget-heading\" data-id=\"03a8a94\" data-element_type=\"widget\" data-widget_type=\"heading.default\">\n\t\t\t\t<div class=\"elementor-widget-container\">\n\t\t\t\t\t<h2 class=\"elementor-heading-title elementor-size-default\">CYBERGEN<\/h2>\t\t\t\t<\/div>\n\t\t\t\t<\/div>\n\t\t\t\t<div class=\"elementor-element elementor-element-244ff16 elementor-widget elementor-widget-text-editor\" data-id=\"244ff16\" data-element_type=\"widget\" data-widget_type=\"text-editor.default\">\n\t\t\t\t<div class=\"elementor-widget-container\">\n\t\t\t\t\t\t\t\t\t<p>\u00d6zel projeler i\u00e7in m\u00fchendislerimiz taraf\u0131ndan tasarlanan ultra sessiz kabin grubu<\/p><p>\u00a0<\/p>\t\t\t\t\t\t\t\t<\/div>\n\t\t\t\t<\/div>\n\t\t\t\t\t<\/div>\n\t\t\t\t<\/div>\n\t\t\t\t<\/div>\n\t\t\t\t\t<\/div>\n\t\t\t\t<\/div>\n\t\t<div class=\"elementor-element elementor-element-f8d8714 e-flex e-con-boxed lakit-col-width-auto-no e-container e-root-container elementor-top-section e-con e-parent\" data-id=\"f8d8714\" data-element_type=\"container\">\n\t\t\t\t\t<div class=\"e-con-inner\">\n\t\t<div class=\"elementor-element elementor-element-0e81551 e-con-full e-flex lakit-col-width-auto-no e-container e-con e-child\" data-id=\"0e81551\" data-element_type=\"container\">\n\t\t<div class=\"elementor-element elementor-element-46ede16 e-flex e-con-boxed lakit-col-width-auto-no e-container e-con e-child\" data-id=\"46ede16\" data-element_type=\"container\" data-settings=\"{&quot;background_background&quot;:&quot;gradient&quot;}\">\n\t\t\t\t\t<div class=\"e-con-inner\">\n\t\t\t\t<div class=\"elementor-element elementor-element-67b1165 elementor-widget elementor-widget-heading\" data-id=\"67b1165\" data-element_type=\"widget\" data-widget_type=\"heading.default\">\n\t\t\t\t<div class=\"elementor-widget-container\">\n\t\t\t\t\t<h2 class=\"elementor-heading-title elementor-size-default\">Kabin \u00dcretim Hatt\u0131\n\n<\/h2>\t\t\t\t<\/div>\n\t\t\t\t<\/div>\n\t\t\t\t<div class=\"elementor-element elementor-element-a608df0 elementor-widget elementor-widget-text-editor\" data-id=\"a608df0\" data-element_type=\"widget\" data-widget_type=\"text-editor.default\">\n\t\t\t\t<div class=\"elementor-widget-container\">\n\t\t\t\t\t\t\t\t\t<p>Kesimi planlanm\u0131\u015f olan kabinin par\u00e7alar\u0131 \u00f6ncelikle kesim makinesinde gerekli olan i\u015flemleri g\u00f6rerek b\u00fck\u00fcm makinesine aktar\u0131l\u0131r.\u00a0 B\u00fck\u00fcm makinesinde b\u00fck\u00fcmler ger\u00e7ekle\u015fir. Bu s\u00fcre\u00e7lerde kesim, aktar\u0131m ve b\u00fck\u00fcm d\u0131\u015far\u0131dan herhangi bir m\u00fcdahale olmadan otomatik bant ve robotlar sayesinde ger\u00e7ekle\u015fir.<\/p><p>Kesimi ve b\u00fck\u00fcm\u00fc tamamlanan saclar kaynak b\u00f6l\u00fcm\u00fcne aktar\u0131l\u0131r. Gerekli i\u015flemler yap\u0131ld\u0131ktan sonra boya hatt\u0131na sevk edilir. F\u0131r\u0131nlanm\u0131\u015f elektrostatik toz boya ile boyama i\u015flemi tamamlan\u0131r. Son olarak isi ve ses yal\u0131t\u0131m malzemelerinin montaj\u0131 yap\u0131larak kabin \u00fcretimi tamamlanm\u0131\u015f olur.<\/p>\t\t\t\t\t\t\t\t<\/div>\n\t\t\t\t<\/div>\n\t\t\t\t\t<\/div>\n\t\t\t\t<\/div>\n\t\t\t\t<\/div>\n\t\t<div class=\"elementor-element elementor-element-2a7ae5d e-con-full e-flex lakit-col-width-auto-no e-container e-con e-child\" data-id=\"2a7ae5d\" data-element_type=\"container\">\n\t\t\t\t<div class=\"elementor-element elementor-element-8f9aee0 elementor-widget elementor-widget-image\" data-id=\"8f9aee0\" data-element_type=\"widget\" data-widget_type=\"image.default\">\n\t\t\t\t<div class=\"elementor-widget-container\">\n\t\t\t\t\t\t\t\t\t\t\t\t\t\t\t<img decoding=\"async\" width=\"800\" height=\"800\" src=\"https:\/\/demo.ucyirmiiki.com.tr\/wp-content\/uploads\/2023\/03\/makine-3.jpg\" class=\"attachment-large size-large wp-image-168\" alt=\"\" srcset=\"https:\/\/demo.ucyirmiiki.com.tr\/wp-content\/uploads\/2023\/03\/makine-3.jpg 800w, https:\/\/demo.ucyirmiiki.com.tr\/wp-content\/uploads\/2023\/03\/makine-3-300x300.jpg 300w, https:\/\/demo.ucyirmiiki.com.tr\/wp-content\/uploads\/2023\/03\/makine-3-100x100.jpg 100w, https:\/\/demo.ucyirmiiki.com.tr\/wp-content\/uploads\/2023\/03\/makine-3-600x600.jpg 600w, https:\/\/demo.ucyirmiiki.com.tr\/wp-content\/uploads\/2023\/03\/makine-3-150x150.jpg 150w, https:\/\/demo.ucyirmiiki.com.tr\/wp-content\/uploads\/2023\/03\/makine-3-768x768.jpg 768w\" sizes=\"(max-width: 800px) 100vw, 800px\" \/>\t\t\t\t\t\t\t\t\t\t\t\t\t\t\t<\/div>\n\t\t\t\t<\/div>\n\t\t\t\t<\/div>\n\t\t\t\t\t<\/div>\n\t\t\t\t<\/div>\n\t\t<div class=\"elementor-element elementor-element-ee1eb33 e-flex e-con-boxed lakit-col-width-auto-no e-container e-root-container elementor-top-section e-con e-parent\" data-id=\"ee1eb33\" data-element_type=\"container\">\n\t\t\t\t\t<div class=\"e-con-inner\">\n\t\t<div class=\"elementor-element elementor-element-cee471b e-con-full e-flex lakit-col-width-auto-no e-container e-con e-child\" data-id=\"cee471b\" data-element_type=\"container\">\n\t\t\t\t<div class=\"elementor-element elementor-element-6030008 elementor-widget elementor-widget-image\" data-id=\"6030008\" data-element_type=\"widget\" data-widget_type=\"image.default\">\n\t\t\t\t<div class=\"elementor-widget-container\">\n\t\t\t\t\t\t\t\t\t\t\t\t\t\t\t<img decoding=\"async\" width=\"800\" height=\"800\" src=\"https:\/\/demo.ucyirmiiki.com.tr\/wp-content\/uploads\/2023\/03\/slient-3.jpg\" class=\"attachment-large size-large wp-image-169\" alt=\"\" srcset=\"https:\/\/demo.ucyirmiiki.com.tr\/wp-content\/uploads\/2023\/03\/slient-3.jpg 800w, https:\/\/demo.ucyirmiiki.com.tr\/wp-content\/uploads\/2023\/03\/slient-3-300x300.jpg 300w, https:\/\/demo.ucyirmiiki.com.tr\/wp-content\/uploads\/2023\/03\/slient-3-100x100.jpg 100w, https:\/\/demo.ucyirmiiki.com.tr\/wp-content\/uploads\/2023\/03\/slient-3-600x600.jpg 600w, https:\/\/demo.ucyirmiiki.com.tr\/wp-content\/uploads\/2023\/03\/slient-3-150x150.jpg 150w, https:\/\/demo.ucyirmiiki.com.tr\/wp-content\/uploads\/2023\/03\/slient-3-768x768.jpg 768w\" sizes=\"(max-width: 800px) 100vw, 800px\" \/>\t\t\t\t\t\t\t\t\t\t\t\t\t\t\t<\/div>\n\t\t\t\t<\/div>\n\t\t\t\t<\/div>\n\t\t<div class=\"elementor-element elementor-element-683f778 e-con-full e-flex lakit-col-width-auto-no e-container e-con e-child\" data-id=\"683f778\" data-element_type=\"container\">\n\t\t<div class=\"elementor-element elementor-element-07271a1 e-flex e-con-boxed lakit-col-width-auto-no e-container e-con e-child\" data-id=\"07271a1\" data-element_type=\"container\" data-settings=\"{&quot;background_background&quot;:&quot;gradient&quot;}\">\n\t\t\t\t\t<div class=\"e-con-inner\">\n\t\t\t\t<div class=\"elementor-element elementor-element-6d30460 elementor-widget elementor-widget-heading\" data-id=\"6d30460\" data-element_type=\"widget\" data-widget_type=\"heading.default\">\n\t\t\t\t<div class=\"elementor-widget-container\">\n\t\t\t\t\t<h2 class=\"elementor-heading-title elementor-size-default\">Sessiz Jenerat\u00f6r\n\n<\/h2>\t\t\t\t<\/div>\n\t\t\t\t<\/div>\n\t\t\t\t<div class=\"elementor-element elementor-element-5aea166 elementor-widget elementor-widget-text-editor\" data-id=\"5aea166\" data-element_type=\"widget\" data-widget_type=\"text-editor.default\">\n\t\t\t\t<div class=\"elementor-widget-container\">\n\t\t\t\t\t\t\t\t\t<p>Standart olarak bir jenerat\u00f6r\u00fcn ses seviyesi 7 mt\/75 db d\u00fczeyindedir. \u0130ste\u011fe ba\u011fli olarak 7mt\/50 db d\u00fczeyine kadar \u00fcretilen sessiz jenerat\u00f6rlerimiz kesintisiz enerji ak\u0131\u015f\u0131n\u0131, sa\u011flam yap\u0131si ve g\u00fc\u00e7l\u00fc motoruyla sorunsuz bir \u015fekilde sa\u011flamaktadir.<\/p>\t\t\t\t\t\t\t\t<\/div>\n\t\t\t\t<\/div>\n\t\t\t\t\t<\/div>\n\t\t\t\t<\/div>\n\t\t\t\t<\/div>\n\t\t\t\t\t<\/div>\n\t\t\t\t<\/div>\n\t\t\t\t<\/div>\n\t\t","protected":false},"excerpt":{"rendered":"<p>25 y\u0131l \u00f6nce \u00e7\u0131kt\u0131\u011f\u0131m\u0131z enerji yolculu\u011fumuzda ayn\u0131 heyecan ve istekle yolumuza devam ediyoruz. CYBERGEN \u00d6zel projeler i\u00e7in m\u00fchendislerimiz taraf\u0131ndan tasarlanan ultra sessiz kabin grubu \u00a0 Kabin \u00dcretim Hatt\u0131 Kesimi planlanm\u0131\u015f olan kabinin par\u00e7alar\u0131 \u00f6ncelikle kesim makinesinde gerekli olan i\u015flemleri g\u00f6rerek b\u00fck\u00fcm makinesine aktar\u0131l\u0131r.\u00a0 B\u00fck\u00fcm makinesinde b\u00fck\u00fcmler ger\u00e7ekle\u015fir. Bu s\u00fcre\u00e7lerde kesim, aktar\u0131m&hellip;<\/p>\n","protected":false},"author":1,"featured_media":0,"parent":0,"menu_order":0,"comment_status":"closed","ping_status":"closed","template":"elementor_header_footer","meta":{"_acf_changed":false,"_joinchat":[],"footnotes":""},"class_list":["post-165","page","type-page","status-publish","hentry"],"acf":[],"yoast_head":"<!-- This site is optimized with the Yoast SEO plugin v23.7 - https:\/\/yoast.com\/wordpress\/plugins\/seo\/ -->\n<title>\u00d6zel Proje Tasar\u0131m\u0131 | \u0130MC Generators<\/title>\n<meta name=\"description\" content=\"\u0130MC Generators | \u00d6zel Proje Tasar\u0131m\u0131 | 25 y\u0131l \u00f6nce \u00e7\u0131kt\u0131\u011f\u0131m\u0131z enerji yolculu\u011fumuzda ayn\u0131 heyecan ve istekle yolumuza devam ediyoruz. CYBERGEN \u00d6zel projeler i\u00e7in m\u00fchendislerimiz taraf\u0131ndan\" \/>\n<meta name=\"robots\" content=\"index, follow, max-snippet:-1, max-image-preview:large, max-video-preview:-1\" \/>\n<link rel=\"canonical\" href=\"https:\/\/demo.ucyirmiiki.com.tr\/?page_id=165\" \/>\n<meta property=\"og:locale\" content=\"tr_TR\" \/>\n<meta property=\"og:type\" content=\"article\" \/>\n<meta property=\"og:title\" content=\"\u00d6zel Proje Tasar\u0131m\u0131 | \u0130MC Generators\" \/>\n<meta property=\"og:description\" content=\"\u0130MC Generators | \u00d6zel Proje Tasar\u0131m\u0131 | 25 y\u0131l \u00f6nce \u00e7\u0131kt\u0131\u011f\u0131m\u0131z enerji yolculu\u011fumuzda ayn\u0131 heyecan ve istekle yolumuza devam ediyoruz. CYBERGEN \u00d6zel projeler i\u00e7in m\u00fchendislerimiz taraf\u0131ndan\" \/>\n<meta property=\"og:url\" content=\"https:\/\/demo.ucyirmiiki.com.tr\/?page_id=165\" \/>\n<meta property=\"og:site_name\" content=\"\u0130MC Generators\" \/>\n<meta property=\"article:modified_time\" content=\"2023-03-02T15:09:57+00:00\" \/>\n<meta property=\"og:image\" content=\"https:\/\/demo.ucyirmiiki.com.tr\/wp-content\/uploads\/2023\/03\/imc-ozel.jpg\" \/>\n<meta name=\"twitter:card\" content=\"summary_large_image\" \/>\n<meta name=\"twitter:label1\" content=\"Tahmini okuma s\u00fcresi\" \/>\n\t<meta name=\"twitter:data1\" content=\"1 dakika\" \/>\n<script type=\"application\/ld+json\" class=\"yoast-schema-graph\">{\"@context\":\"https:\/\/schema.org\",\"@graph\":[{\"@type\":\"WebPage\",\"@id\":\"https:\/\/demo.ucyirmiiki.com.tr\/?page_id=165\",\"url\":\"https:\/\/demo.ucyirmiiki.com.tr\/?page_id=165\",\"name\":\"\u00d6zel Proje Tasar\u0131m\u0131 | \u0130MC Generators\",\"isPartOf\":{\"@id\":\"https:\/\/demo.ucyirmiiki.com.tr\/#website\"},\"primaryImageOfPage\":{\"@id\":\"https:\/\/demo.ucyirmiiki.com.tr\/?page_id=165#primaryimage\"},\"image\":{\"@id\":\"https:\/\/demo.ucyirmiiki.com.tr\/?page_id=165#primaryimage\"},\"thumbnailUrl\":\"https:\/\/demo.ucyirmiiki.com.tr\/wp-content\/uploads\/2023\/03\/imc-ozel.jpg\",\"datePublished\":\"2023-03-02T15:08:06+00:00\",\"dateModified\":\"2023-03-02T15:09:57+00:00\",\"description\":\"\u0130MC Generators | \u00d6zel Proje Tasar\u0131m\u0131 | 25 y\u0131l \u00f6nce \u00e7\u0131kt\u0131\u011f\u0131m\u0131z enerji yolculu\u011fumuzda ayn\u0131 heyecan ve istekle yolumuza devam ediyoruz. CYBERGEN \u00d6zel projeler i\u00e7in m\u00fchendislerimiz taraf\u0131ndan\",\"breadcrumb\":{\"@id\":\"https:\/\/demo.ucyirmiiki.com.tr\/?page_id=165#breadcrumb\"},\"inLanguage\":\"tr\",\"potentialAction\":[{\"@type\":\"ReadAction\",\"target\":[\"https:\/\/demo.ucyirmiiki.com.tr\/?page_id=165\"]}]},{\"@type\":\"ImageObject\",\"inLanguage\":\"tr\",\"@id\":\"https:\/\/demo.ucyirmiiki.com.tr\/?page_id=165#primaryimage\",\"url\":\"https:\/\/demo.ucyirmiiki.com.tr\/wp-content\/uploads\/2023\/03\/imc-ozel.jpg\",\"contentUrl\":\"https:\/\/demo.ucyirmiiki.com.tr\/wp-content\/uploads\/2023\/03\/imc-ozel.jpg\",\"width\":800,\"height\":800},{\"@type\":\"BreadcrumbList\",\"@id\":\"https:\/\/demo.ucyirmiiki.com.tr\/?page_id=165#breadcrumb\",\"itemListElement\":[{\"@type\":\"ListItem\",\"position\":1,\"name\":\"Anasayfa\",\"item\":\"https:\/\/demo.ucyirmiiki.com.tr\/\"},{\"@type\":\"ListItem\",\"position\":2,\"name\":\"\u00d6zel Proje Tasar\u0131m\u0131\"}]},{\"@type\":\"WebSite\",\"@id\":\"https:\/\/demo.ucyirmiiki.com.tr\/#website\",\"url\":\"https:\/\/demo.ucyirmiiki.com.tr\/\",\"name\":\"\u0130MC Generators\",\"description\":\"Discover The Energy\",\"publisher\":{\"@id\":\"https:\/\/demo.ucyirmiiki.com.tr\/#organization\"},\"potentialAction\":[{\"@type\":\"SearchAction\",\"target\":{\"@type\":\"EntryPoint\",\"urlTemplate\":\"https:\/\/demo.ucyirmiiki.com.tr\/?s={search_term_string}\"},\"query-input\":{\"@type\":\"PropertyValueSpecification\",\"valueRequired\":true,\"valueName\":\"search_term_string\"}}],\"inLanguage\":\"tr\"},{\"@type\":\"Organization\",\"@id\":\"https:\/\/demo.ucyirmiiki.com.tr\/#organization\",\"name\":\"\u0130MC Generators\",\"url\":\"https:\/\/demo.ucyirmiiki.com.tr\/\",\"logo\":{\"@type\":\"ImageObject\",\"inLanguage\":\"tr\",\"@id\":\"https:\/\/demo.ucyirmiiki.com.tr\/#\/schema\/logo\/image\/\",\"url\":\"https:\/\/demo.ucyirmiiki.com.tr\/wp-content\/uploads\/2023\/03\/imclogo-1.png\",\"contentUrl\":\"https:\/\/demo.ucyirmiiki.com.tr\/wp-content\/uploads\/2023\/03\/imclogo-1.png\",\"width\":500,\"height\":319,\"caption\":\"\u0130MC Generators\"},\"image\":{\"@id\":\"https:\/\/demo.ucyirmiiki.com.tr\/#\/schema\/logo\/image\/\"}}]}<\/script>\n<!-- \/ Yoast SEO plugin. -->","yoast_head_json":{"title":"\u00d6zel Proje Tasar\u0131m\u0131 | \u0130MC Generators","description":"\u0130MC Generators | \u00d6zel Proje Tasar\u0131m\u0131 | 25 y\u0131l \u00f6nce \u00e7\u0131kt\u0131\u011f\u0131m\u0131z enerji yolculu\u011fumuzda ayn\u0131 heyecan ve istekle yolumuza devam ediyoruz. CYBERGEN \u00d6zel projeler i\u00e7in m\u00fchendislerimiz taraf\u0131ndan","robots":{"index":"index","follow":"follow","max-snippet":"max-snippet:-1","max-image-preview":"max-image-preview:large","max-video-preview":"max-video-preview:-1"},"canonical":"https:\/\/demo.ucyirmiiki.com.tr\/?page_id=165","og_locale":"tr_TR","og_type":"article","og_title":"\u00d6zel Proje Tasar\u0131m\u0131 | \u0130MC Generators","og_description":"\u0130MC Generators | \u00d6zel Proje Tasar\u0131m\u0131 | 25 y\u0131l \u00f6nce \u00e7\u0131kt\u0131\u011f\u0131m\u0131z enerji yolculu\u011fumuzda ayn\u0131 heyecan ve istekle yolumuza devam ediyoruz. CYBERGEN \u00d6zel projeler i\u00e7in m\u00fchendislerimiz taraf\u0131ndan","og_url":"https:\/\/demo.ucyirmiiki.com.tr\/?page_id=165","og_site_name":"\u0130MC Generators","article_modified_time":"2023-03-02T15:09:57+00:00","og_image":[{"url":"https:\/\/demo.ucyirmiiki.com.tr\/wp-content\/uploads\/2023\/03\/imc-ozel.jpg"}],"twitter_card":"summary_large_image","twitter_misc":{"Tahmini okuma s\u00fcresi":"1 dakika"},"schema":{"@context":"https:\/\/schema.org","@graph":[{"@type":"WebPage","@id":"https:\/\/demo.ucyirmiiki.com.tr\/?page_id=165","url":"https:\/\/demo.ucyirmiiki.com.tr\/?page_id=165","name":"\u00d6zel Proje Tasar\u0131m\u0131 | \u0130MC Generators","isPartOf":{"@id":"https:\/\/demo.ucyirmiiki.com.tr\/#website"},"primaryImageOfPage":{"@id":"https:\/\/demo.ucyirmiiki.com.tr\/?page_id=165#primaryimage"},"image":{"@id":"https:\/\/demo.ucyirmiiki.com.tr\/?page_id=165#primaryimage"},"thumbnailUrl":"https:\/\/demo.ucyirmiiki.com.tr\/wp-content\/uploads\/2023\/03\/imc-ozel.jpg","datePublished":"2023-03-02T15:08:06+00:00","dateModified":"2023-03-02T15:09:57+00:00","description":"\u0130MC Generators | \u00d6zel Proje Tasar\u0131m\u0131 | 25 y\u0131l \u00f6nce \u00e7\u0131kt\u0131\u011f\u0131m\u0131z enerji yolculu\u011fumuzda ayn\u0131 heyecan ve istekle yolumuza devam ediyoruz. CYBERGEN \u00d6zel projeler i\u00e7in m\u00fchendislerimiz taraf\u0131ndan","breadcrumb":{"@id":"https:\/\/demo.ucyirmiiki.com.tr\/?page_id=165#breadcrumb"},"inLanguage":"tr","potentialAction":[{"@type":"ReadAction","target":["https:\/\/demo.ucyirmiiki.com.tr\/?page_id=165"]}]},{"@type":"ImageObject","inLanguage":"tr","@id":"https:\/\/demo.ucyirmiiki.com.tr\/?page_id=165#primaryimage","url":"https:\/\/demo.ucyirmiiki.com.tr\/wp-content\/uploads\/2023\/03\/imc-ozel.jpg","contentUrl":"https:\/\/demo.ucyirmiiki.com.tr\/wp-content\/uploads\/2023\/03\/imc-ozel.jpg","width":800,"height":800},{"@type":"BreadcrumbList","@id":"https:\/\/demo.ucyirmiiki.com.tr\/?page_id=165#breadcrumb","itemListElement":[{"@type":"ListItem","position":1,"name":"Anasayfa","item":"https:\/\/demo.ucyirmiiki.com.tr\/"},{"@type":"ListItem","position":2,"name":"\u00d6zel Proje Tasar\u0131m\u0131"}]},{"@type":"WebSite","@id":"https:\/\/demo.ucyirmiiki.com.tr\/#website","url":"https:\/\/demo.ucyirmiiki.com.tr\/","name":"\u0130MC Generators","description":"Discover The Energy","publisher":{"@id":"https:\/\/demo.ucyirmiiki.com.tr\/#organization"},"potentialAction":[{"@type":"SearchAction","target":{"@type":"EntryPoint","urlTemplate":"https:\/\/demo.ucyirmiiki.com.tr\/?s={search_term_string}"},"query-input":{"@type":"PropertyValueSpecification","valueRequired":true,"valueName":"search_term_string"}}],"inLanguage":"tr"},{"@type":"Organization","@id":"https:\/\/demo.ucyirmiiki.com.tr\/#organization","name":"\u0130MC Generators","url":"https:\/\/demo.ucyirmiiki.com.tr\/","logo":{"@type":"ImageObject","inLanguage":"tr","@id":"https:\/\/demo.ucyirmiiki.com.tr\/#\/schema\/logo\/image\/","url":"https:\/\/demo.ucyirmiiki.com.tr\/wp-content\/uploads\/2023\/03\/imclogo-1.png","contentUrl":"https:\/\/demo.ucyirmiiki.com.tr\/wp-content\/uploads\/2023\/03\/imclogo-1.png","width":500,"height":319,"caption":"\u0130MC Generators"},"image":{"@id":"https:\/\/demo.ucyirmiiki.com.tr\/#\/schema\/logo\/image\/"}}]}},"_hostinger_reach_plugin_has_subscription_block":false,"_hostinger_reach_plugin_is_elementor":false,"_links":{"self":[{"href":"https:\/\/demo.ucyirmiiki.com.tr\/index.php?rest_route=\/wp\/v2\/pages\/165","targetHints":{"allow":["GET"]}}],"collection":[{"href":"https:\/\/demo.ucyirmiiki.com.tr\/index.php?rest_route=\/wp\/v2\/pages"}],"about":[{"href":"https:\/\/demo.ucyirmiiki.com.tr\/index.php?rest_route=\/wp\/v2\/types\/page"}],"author":[{"embeddable":true,"href":"https:\/\/demo.ucyirmiiki.com.tr\/index.php?rest_route=\/wp\/v2\/users\/1"}],"replies":[{"embeddable":true,"href":"https:\/\/demo.ucyirmiiki.com.tr\/index.php?rest_route=%2Fwp%2Fv2%2Fcomments&post=165"}],"version-history":[{"count":4,"href":"https:\/\/demo.ucyirmiiki.com.tr\/index.php?rest_route=\/wp\/v2\/pages\/165\/revisions"}],"predecessor-version":[{"id":172,"href":"https:\/\/demo.ucyirmiiki.com.tr\/index.php?rest_route=\/wp\/v2\/pages\/165\/revisions\/172"}],"wp:attachment":[{"href":"https:\/\/demo.ucyirmiiki.com.tr\/index.php?rest_route=%2Fwp%2Fv2%2Fmedia&parent=165"}],"curies":[{"name":"wp","href":"https:\/\/api.w.org\/{rel}","templated":true}]}}