{"id":244,"date":"2023-03-03T09:57:48","date_gmt":"2023-03-03T09:57:48","guid":{"rendered":"https:\/\/demo.ucyirmiiki.com.tr\/?page_id=244"},"modified":"2023-03-03T10:03:18","modified_gmt":"2023-03-03T10:03:18","slug":"uzaktan-izleme-sistemi","status":"publish","type":"page","link":"https:\/\/demo.ucyirmiiki.com.tr\/?page_id=244","title":{"rendered":"Uzaktan \u0130zleme Sistemi"},"content":{"rendered":"\t\t<div data-elementor-type=\"wp-page\" data-elementor-id=\"244\" class=\"elementor elementor-244\">\n\t\t\t\t<div class=\"elementor-element elementor-element-3e856c9 e-flex e-con-boxed lakit-col-width-auto-no e-container e-root-container elementor-top-section e-con e-parent\" data-id=\"3e856c9\" data-element_type=\"container\">\n\t\t\t\t\t<div class=\"e-con-inner\">\n\t\t\t\t<div class=\"elementor-element elementor-element-1a63a2a elementor-widget elementor-widget-heading\" data-id=\"1a63a2a\" data-element_type=\"widget\" data-widget_type=\"heading.default\">\n\t\t\t\t<div class=\"elementor-widget-container\">\n\t\t\t\t\t<h2 class=\"elementor-heading-title elementor-size-default\">25 y\u0131l \u00f6nce \u00e7\u0131kt\u0131\u011f\u0131m\u0131z enerji yolculu\u011fumuzda ayn\u0131 heyecan ve istekle yolumuza devam ediyoruz.\n\n<\/h2>\t\t\t\t<\/div>\n\t\t\t\t<\/div>\n\t\t\t\t\t<\/div>\n\t\t\t\t<\/div>\n\t\t<div class=\"elementor-element elementor-element-ac6f798 e-con-full e-flex lakit-col-width-auto-no e-container e-root-container elementor-top-section e-con e-parent\" data-id=\"ac6f798\" data-element_type=\"container\">\n\t\t<div class=\"elementor-element elementor-element-80e6aa6 e-con-full e-flex lakit-col-width-auto-no e-container e-con e-child\" data-id=\"80e6aa6\" data-element_type=\"container\" data-settings=\"{&quot;background_background&quot;:&quot;classic&quot;}\">\n\t\t\t\t<div class=\"elementor-element elementor-element-874b366 elementor-widget elementor-widget-heading\" data-id=\"874b366\" data-element_type=\"widget\" data-widget_type=\"heading.default\">\n\t\t\t\t<div class=\"elementor-widget-container\">\n\t\t\t\t\t<h2 class=\"elementor-heading-title elementor-size-default\">G\u00fcc\u00fcn\u00fcz kesintisiz ve kontrol edilebilir olsun\u2026\n<\/h2>\t\t\t\t<\/div>\n\t\t\t\t<\/div>\n\t\t\t\t<div class=\"elementor-element elementor-element-42f62ee elementor-widget elementor-widget-text-editor\" data-id=\"42f62ee\" data-element_type=\"widget\" data-widget_type=\"text-editor.default\">\n\t\t\t\t<div class=\"elementor-widget-container\">\n\t\t\t\t\t\t\t\t\t<p>Jenerat\u00f6rlerin sat\u0131\u015f sonras\u0131 hizmetleri m\u00fc\u015fteri talebine ba\u011fl\u0131 olarak 7 G\u00fcn 24 Saat internetten veya GPRS ile izlenir.<\/p><p>M2M haberle\u015fme sisteminden gelen anl\u0131k veriler, serverlar\u0131m\u0131zda saklanmakta ve yedeklenmektedir. M\u00fc\u015fterilerimiz, kullan\u0131c\u0131 kodu ve \u015fifreler ile kendileri de izleyebilmekte ve raporlar \u00fcretebilmektedirler.<\/p><p>Jenerat\u00f6rlerin uzaktan izlenmesi sayesinde makineden gelen veriler incelenerek gereksiz t\u00fcketimlerin \u00f6n\u00fcne ge\u00e7ip, jenerat\u00f6r\u00fcn\u00fcz\u00fcn yak\u0131t\u0131ndan ve zaman\u0131nda bak\u0131m yap\u0131p, gereksiz bak\u0131m masraf\u0131ndan kurtulup tasarruf yapman\u0131z\u0131 sa\u011flar. ayr\u0131ca m\u00fcdahale edecek ekibe yanlar\u0131nda bulundurmalar\u0131 gerekli yedek par\u00e7ay\u0131 alarak olay yerine gitmeleriniz sa\u011flar ve problemin ortadan kalkma s\u00fcresi yar\u0131ya d\u00fc\u015fm\u00fc\u015f olur.<\/p>\t\t\t\t\t\t\t\t<\/div>\n\t\t\t\t<\/div>\n\t\t\t\t<\/div>\n\t\t<div class=\"elementor-element elementor-element-594f98e e-con-full e-flex lakit-col-width-auto-no e-container e-con e-child\" data-id=\"594f98e\" data-element_type=\"container\">\n\t\t\t\t<div class=\"elementor-element elementor-element-74df355 elementor-widget elementor-widget-image\" data-id=\"74df355\" data-element_type=\"widget\" data-widget_type=\"image.default\">\n\t\t\t\t<div class=\"elementor-widget-container\">\n\t\t\t\t\t\t\t\t\t\t\t\t\t\t\t<img fetchpriority=\"high\" decoding=\"async\" width=\"1024\" height=\"683\" src=\"https:\/\/demo.ucyirmiiki.com.tr\/wp-content\/uploads\/2023\/03\/device-1024x683-1.jpg\" class=\"attachment-large size-large wp-image-246\" alt=\"\" srcset=\"https:\/\/demo.ucyirmiiki.com.tr\/wp-content\/uploads\/2023\/03\/device-1024x683-1.jpg 1024w, https:\/\/demo.ucyirmiiki.com.tr\/wp-content\/uploads\/2023\/03\/device-1024x683-1-300x200.jpg 300w, https:\/\/demo.ucyirmiiki.com.tr\/wp-content\/uploads\/2023\/03\/device-1024x683-1-768x512.jpg 768w\" sizes=\"(max-width: 1024px) 100vw, 1024px\" \/>\t\t\t\t\t\t\t\t\t\t\t\t\t\t\t<\/div>\n\t\t\t\t<\/div>\n\t\t\t\t<\/div>\n\t\t\t\t<\/div>\n\t\t<div class=\"elementor-element elementor-element-df479a3 e-flex e-con-boxed lakit-col-width-auto-no e-container e-root-container elementor-top-section e-con e-parent\" data-id=\"df479a3\" data-element_type=\"container\">\n\t\t\t\t\t<div class=\"e-con-inner\">\n\t\t\t\t<div class=\"elementor-element elementor-element-accea2e elementor-widget elementor-widget-text-editor\" data-id=\"accea2e\" data-element_type=\"widget\" data-widget_type=\"text-editor.default\">\n\t\t\t\t<div class=\"elementor-widget-container\">\n\t\t\t\t\t\t\t\t\t<p>Uzaktan izleme yaz\u0131l\u0131m\u0131m\u0131z ile jenerat\u00f6r marka ve modeliniz ne olursa olsun<\/p><ul><li>Yak\u0131t seviyesini,<\/li><li>Ak\u00fc voltaj\u0131n\u0131,<\/li><li>\u015eebeke fazlar\u0131n\u0131,<\/li><li>\u015eebeke frekans\u0131n\u0131,<\/li><li>Toplam y\u00fck dengesini,<\/li><li>Jenerat\u00f6r \u00e7al\u0131\u015fma frekans\u0131n\u0131,<\/li><li>Radyat\u00f6r su ve s\u0131cakl\u0131k seviyesini,<\/li><li>Ya\u011f bas\u0131n\u00e7 \u00f6l\u00e7\u00fcm\u00fcn\u00fc,<\/li><li>Online ar\u0131za servis kay\u0131t takibini yap\u0131yoruz.<\/li><\/ul>\t\t\t\t\t\t\t\t<\/div>\n\t\t\t\t<\/div>\n\t\t\t\t\t<\/div>\n\t\t\t\t<\/div>\n\t\t\t\t<\/div>\n\t\t","protected":false},"excerpt":{"rendered":"<p>25 y\u0131l \u00f6nce \u00e7\u0131kt\u0131\u011f\u0131m\u0131z enerji yolculu\u011fumuzda ayn\u0131 heyecan ve istekle yolumuza devam ediyoruz. G\u00fcc\u00fcn\u00fcz kesintisiz ve kontrol edilebilir olsun\u2026 Jenerat\u00f6rlerin sat\u0131\u015f sonras\u0131 hizmetleri m\u00fc\u015fteri talebine ba\u011fl\u0131 olarak 7 G\u00fcn 24 Saat internetten veya GPRS ile izlenir. M2M haberle\u015fme sisteminden gelen anl\u0131k veriler, serverlar\u0131m\u0131zda saklanmakta ve yedeklenmektedir. M\u00fc\u015fterilerimiz, kullan\u0131c\u0131 kodu ve \u015fifreler&hellip;<\/p>\n","protected":false},"author":1,"featured_media":0,"parent":0,"menu_order":0,"comment_status":"closed","ping_status":"closed","template":"elementor_header_footer","meta":{"_acf_changed":false,"_joinchat":[],"footnotes":""},"class_list":["post-244","page","type-page","status-publish","hentry"],"acf":[],"yoast_head":"<!-- This site is optimized with the Yoast SEO plugin v23.7 - https:\/\/yoast.com\/wordpress\/plugins\/seo\/ -->\n<title>Uzaktan \u0130zleme Sistemi | \u0130MC Generators<\/title>\n<meta name=\"description\" content=\"\u0130MC Generators | Uzaktan \u0130zleme Sistemi | 25 y\u0131l \u00f6nce \u00e7\u0131kt\u0131\u011f\u0131m\u0131z enerji yolculu\u011fumuzda ayn\u0131 heyecan ve istekle yolumuza devam ediyoruz. G\u00fcc\u00fcn\u00fcz kesintisiz ve kontrol edilebilir olsun\u2026\" \/>\n<meta name=\"robots\" content=\"index, follow, max-snippet:-1, max-image-preview:large, max-video-preview:-1\" \/>\n<link rel=\"canonical\" href=\"https:\/\/demo.ucyirmiiki.com.tr\/?page_id=244\" \/>\n<meta property=\"og:locale\" content=\"tr_TR\" \/>\n<meta property=\"og:type\" content=\"article\" \/>\n<meta property=\"og:title\" content=\"Uzaktan \u0130zleme Sistemi | \u0130MC Generators\" \/>\n<meta property=\"og:description\" content=\"\u0130MC Generators | Uzaktan \u0130zleme Sistemi | 25 y\u0131l \u00f6nce \u00e7\u0131kt\u0131\u011f\u0131m\u0131z enerji yolculu\u011fumuzda ayn\u0131 heyecan ve istekle yolumuza devam ediyoruz. G\u00fcc\u00fcn\u00fcz kesintisiz ve kontrol edilebilir olsun\u2026\" \/>\n<meta property=\"og:url\" content=\"https:\/\/demo.ucyirmiiki.com.tr\/?page_id=244\" \/>\n<meta property=\"og:site_name\" content=\"\u0130MC Generators\" \/>\n<meta property=\"article:modified_time\" content=\"2023-03-03T10:03:18+00:00\" \/>\n<meta property=\"og:image\" content=\"https:\/\/demo.ucyirmiiki.com.tr\/wp-content\/uploads\/2023\/03\/device-1024x683-1.jpg\" \/>\n<meta name=\"twitter:card\" content=\"summary_large_image\" \/>\n<meta name=\"twitter:label1\" content=\"Tahmini okuma s\u00fcresi\" \/>\n\t<meta name=\"twitter:data1\" content=\"1 dakika\" \/>\n<script type=\"application\/ld+json\" class=\"yoast-schema-graph\">{\"@context\":\"https:\/\/schema.org\",\"@graph\":[{\"@type\":\"WebPage\",\"@id\":\"https:\/\/demo.ucyirmiiki.com.tr\/?page_id=244\",\"url\":\"https:\/\/demo.ucyirmiiki.com.tr\/?page_id=244\",\"name\":\"Uzaktan \u0130zleme Sistemi | \u0130MC Generators\",\"isPartOf\":{\"@id\":\"https:\/\/demo.ucyirmiiki.com.tr\/#website\"},\"primaryImageOfPage\":{\"@id\":\"https:\/\/demo.ucyirmiiki.com.tr\/?page_id=244#primaryimage\"},\"image\":{\"@id\":\"https:\/\/demo.ucyirmiiki.com.tr\/?page_id=244#primaryimage\"},\"thumbnailUrl\":\"https:\/\/demo.ucyirmiiki.com.tr\/wp-content\/uploads\/2023\/03\/device-1024x683-1.jpg\",\"datePublished\":\"2023-03-03T09:57:48+00:00\",\"dateModified\":\"2023-03-03T10:03:18+00:00\",\"description\":\"\u0130MC Generators | Uzaktan \u0130zleme Sistemi | 25 y\u0131l \u00f6nce \u00e7\u0131kt\u0131\u011f\u0131m\u0131z enerji yolculu\u011fumuzda ayn\u0131 heyecan ve istekle yolumuza devam ediyoruz. G\u00fcc\u00fcn\u00fcz kesintisiz ve kontrol edilebilir olsun\u2026\",\"breadcrumb\":{\"@id\":\"https:\/\/demo.ucyirmiiki.com.tr\/?page_id=244#breadcrumb\"},\"inLanguage\":\"tr\",\"potentialAction\":[{\"@type\":\"ReadAction\",\"target\":[\"https:\/\/demo.ucyirmiiki.com.tr\/?page_id=244\"]}]},{\"@type\":\"ImageObject\",\"inLanguage\":\"tr\",\"@id\":\"https:\/\/demo.ucyirmiiki.com.tr\/?page_id=244#primaryimage\",\"url\":\"https:\/\/demo.ucyirmiiki.com.tr\/wp-content\/uploads\/2023\/03\/device-1024x683-1.jpg\",\"contentUrl\":\"https:\/\/demo.ucyirmiiki.com.tr\/wp-content\/uploads\/2023\/03\/device-1024x683-1.jpg\",\"width\":1024,\"height\":683},{\"@type\":\"BreadcrumbList\",\"@id\":\"https:\/\/demo.ucyirmiiki.com.tr\/?page_id=244#breadcrumb\",\"itemListElement\":[{\"@type\":\"ListItem\",\"position\":1,\"name\":\"Anasayfa\",\"item\":\"https:\/\/demo.ucyirmiiki.com.tr\/\"},{\"@type\":\"ListItem\",\"position\":2,\"name\":\"Uzaktan \u0130zleme Sistemi\"}]},{\"@type\":\"WebSite\",\"@id\":\"https:\/\/demo.ucyirmiiki.com.tr\/#website\",\"url\":\"https:\/\/demo.ucyirmiiki.com.tr\/\",\"name\":\"\u0130MC Generators\",\"description\":\"Discover The Energy\",\"publisher\":{\"@id\":\"https:\/\/demo.ucyirmiiki.com.tr\/#organization\"},\"potentialAction\":[{\"@type\":\"SearchAction\",\"target\":{\"@type\":\"EntryPoint\",\"urlTemplate\":\"https:\/\/demo.ucyirmiiki.com.tr\/?s={search_term_string}\"},\"query-input\":{\"@type\":\"PropertyValueSpecification\",\"valueRequired\":true,\"valueName\":\"search_term_string\"}}],\"inLanguage\":\"tr\"},{\"@type\":\"Organization\",\"@id\":\"https:\/\/demo.ucyirmiiki.com.tr\/#organization\",\"name\":\"\u0130MC Generators\",\"url\":\"https:\/\/demo.ucyirmiiki.com.tr\/\",\"logo\":{\"@type\":\"ImageObject\",\"inLanguage\":\"tr\",\"@id\":\"https:\/\/demo.ucyirmiiki.com.tr\/#\/schema\/logo\/image\/\",\"url\":\"https:\/\/demo.ucyirmiiki.com.tr\/wp-content\/uploads\/2023\/03\/imclogo-1.png\",\"contentUrl\":\"https:\/\/demo.ucyirmiiki.com.tr\/wp-content\/uploads\/2023\/03\/imclogo-1.png\",\"width\":500,\"height\":319,\"caption\":\"\u0130MC Generators\"},\"image\":{\"@id\":\"https:\/\/demo.ucyirmiiki.com.tr\/#\/schema\/logo\/image\/\"}}]}<\/script>\n<!-- \/ Yoast SEO plugin. -->","yoast_head_json":{"title":"Uzaktan \u0130zleme Sistemi | \u0130MC Generators","description":"\u0130MC Generators | Uzaktan \u0130zleme Sistemi | 25 y\u0131l \u00f6nce \u00e7\u0131kt\u0131\u011f\u0131m\u0131z enerji yolculu\u011fumuzda ayn\u0131 heyecan ve istekle yolumuza devam ediyoruz. G\u00fcc\u00fcn\u00fcz kesintisiz ve kontrol edilebilir olsun\u2026","robots":{"index":"index","follow":"follow","max-snippet":"max-snippet:-1","max-image-preview":"max-image-preview:large","max-video-preview":"max-video-preview:-1"},"canonical":"https:\/\/demo.ucyirmiiki.com.tr\/?page_id=244","og_locale":"tr_TR","og_type":"article","og_title":"Uzaktan \u0130zleme Sistemi | \u0130MC Generators","og_description":"\u0130MC Generators | Uzaktan \u0130zleme Sistemi | 25 y\u0131l \u00f6nce \u00e7\u0131kt\u0131\u011f\u0131m\u0131z enerji yolculu\u011fumuzda ayn\u0131 heyecan ve istekle yolumuza devam ediyoruz. G\u00fcc\u00fcn\u00fcz kesintisiz ve kontrol edilebilir olsun\u2026","og_url":"https:\/\/demo.ucyirmiiki.com.tr\/?page_id=244","og_site_name":"\u0130MC Generators","article_modified_time":"2023-03-03T10:03:18+00:00","og_image":[{"url":"https:\/\/demo.ucyirmiiki.com.tr\/wp-content\/uploads\/2023\/03\/device-1024x683-1.jpg"}],"twitter_card":"summary_large_image","twitter_misc":{"Tahmini okuma s\u00fcresi":"1 dakika"},"schema":{"@context":"https:\/\/schema.org","@graph":[{"@type":"WebPage","@id":"https:\/\/demo.ucyirmiiki.com.tr\/?page_id=244","url":"https:\/\/demo.ucyirmiiki.com.tr\/?page_id=244","name":"Uzaktan \u0130zleme Sistemi | \u0130MC Generators","isPartOf":{"@id":"https:\/\/demo.ucyirmiiki.com.tr\/#website"},"primaryImageOfPage":{"@id":"https:\/\/demo.ucyirmiiki.com.tr\/?page_id=244#primaryimage"},"image":{"@id":"https:\/\/demo.ucyirmiiki.com.tr\/?page_id=244#primaryimage"},"thumbnailUrl":"https:\/\/demo.ucyirmiiki.com.tr\/wp-content\/uploads\/2023\/03\/device-1024x683-1.jpg","datePublished":"2023-03-03T09:57:48+00:00","dateModified":"2023-03-03T10:03:18+00:00","description":"\u0130MC Generators | Uzaktan \u0130zleme Sistemi | 25 y\u0131l \u00f6nce \u00e7\u0131kt\u0131\u011f\u0131m\u0131z enerji yolculu\u011fumuzda ayn\u0131 heyecan ve istekle yolumuza devam ediyoruz. G\u00fcc\u00fcn\u00fcz kesintisiz ve kontrol edilebilir olsun\u2026","breadcrumb":{"@id":"https:\/\/demo.ucyirmiiki.com.tr\/?page_id=244#breadcrumb"},"inLanguage":"tr","potentialAction":[{"@type":"ReadAction","target":["https:\/\/demo.ucyirmiiki.com.tr\/?page_id=244"]}]},{"@type":"ImageObject","inLanguage":"tr","@id":"https:\/\/demo.ucyirmiiki.com.tr\/?page_id=244#primaryimage","url":"https:\/\/demo.ucyirmiiki.com.tr\/wp-content\/uploads\/2023\/03\/device-1024x683-1.jpg","contentUrl":"https:\/\/demo.ucyirmiiki.com.tr\/wp-content\/uploads\/2023\/03\/device-1024x683-1.jpg","width":1024,"height":683},{"@type":"BreadcrumbList","@id":"https:\/\/demo.ucyirmiiki.com.tr\/?page_id=244#breadcrumb","itemListElement":[{"@type":"ListItem","position":1,"name":"Anasayfa","item":"https:\/\/demo.ucyirmiiki.com.tr\/"},{"@type":"ListItem","position":2,"name":"Uzaktan \u0130zleme Sistemi"}]},{"@type":"WebSite","@id":"https:\/\/demo.ucyirmiiki.com.tr\/#website","url":"https:\/\/demo.ucyirmiiki.com.tr\/","name":"\u0130MC Generators","description":"Discover The Energy","publisher":{"@id":"https:\/\/demo.ucyirmiiki.com.tr\/#organization"},"potentialAction":[{"@type":"SearchAction","target":{"@type":"EntryPoint","urlTemplate":"https:\/\/demo.ucyirmiiki.com.tr\/?s={search_term_string}"},"query-input":{"@type":"PropertyValueSpecification","valueRequired":true,"valueName":"search_term_string"}}],"inLanguage":"tr"},{"@type":"Organization","@id":"https:\/\/demo.ucyirmiiki.com.tr\/#organization","name":"\u0130MC Generators","url":"https:\/\/demo.ucyirmiiki.com.tr\/","logo":{"@type":"ImageObject","inLanguage":"tr","@id":"https:\/\/demo.ucyirmiiki.com.tr\/#\/schema\/logo\/image\/","url":"https:\/\/demo.ucyirmiiki.com.tr\/wp-content\/uploads\/2023\/03\/imclogo-1.png","contentUrl":"https:\/\/demo.ucyirmiiki.com.tr\/wp-content\/uploads\/2023\/03\/imclogo-1.png","width":500,"height":319,"caption":"\u0130MC Generators"},"image":{"@id":"https:\/\/demo.ucyirmiiki.com.tr\/#\/schema\/logo\/image\/"}}]}},"_hostinger_reach_plugin_has_subscription_block":false,"_hostinger_reach_plugin_is_elementor":false,"_links":{"self":[{"href":"https:\/\/demo.ucyirmiiki.com.tr\/index.php?rest_route=\/wp\/v2\/pages\/244","targetHints":{"allow":["GET"]}}],"collection":[{"href":"https:\/\/demo.ucyirmiiki.com.tr\/index.php?rest_route=\/wp\/v2\/pages"}],"about":[{"href":"https:\/\/demo.ucyirmiiki.com.tr\/index.php?rest_route=\/wp\/v2\/types\/page"}],"author":[{"embeddable":true,"href":"https:\/\/demo.ucyirmiiki.com.tr\/index.php?rest_route=\/wp\/v2\/users\/1"}],"replies":[{"embeddable":true,"href":"https:\/\/demo.ucyirmiiki.com.tr\/index.php?rest_route=%2Fwp%2Fv2%2Fcomments&post=244"}],"version-history":[{"count":4,"href":"https:\/\/demo.ucyirmiiki.com.tr\/index.php?rest_route=\/wp\/v2\/pages\/244\/revisions"}],"predecessor-version":[{"id":249,"href":"https:\/\/demo.ucyirmiiki.com.tr\/index.php?rest_route=\/wp\/v2\/pages\/244\/revisions\/249"}],"wp:attachment":[{"href":"https:\/\/demo.ucyirmiiki.com.tr\/index.php?rest_route=%2Fwp%2Fv2%2Fmedia&parent=244"}],"curies":[{"name":"wp","href":"https:\/\/api.w.org\/{rel}","templated":true}]}}