{"id":82,"date":"2023-03-02T13:00:59","date_gmt":"2023-03-02T13:00:59","guid":{"rendered":"https:\/\/demo.ucyirmiiki.com.tr\/?page_id=82"},"modified":"2023-04-10T11:57:38","modified_gmt":"2023-04-10T11:57:38","slug":"hakkimizda","status":"publish","type":"page","link":"https:\/\/demo.ucyirmiiki.com.tr\/?page_id=82","title":{"rendered":"Hakk\u0131m\u0131zda"},"content":{"rendered":"\t\t<div data-elementor-type=\"wp-page\" data-elementor-id=\"82\" class=\"elementor elementor-82\">\n\t\t\t\t<div class=\"elementor-element elementor-element-a61951a e-flex e-con-boxed lakit-col-width-auto-no e-container e-root-container elementor-top-section e-con e-parent\" data-id=\"a61951a\" data-element_type=\"container\">\n\t\t\t\t\t<div class=\"e-con-inner\">\n\t\t\t\t<div class=\"elementor-element elementor-element-8917d4a elementor-widget elementor-widget-heading\" data-id=\"8917d4a\" data-element_type=\"widget\" data-widget_type=\"heading.default\">\n\t\t\t\t<div class=\"elementor-widget-container\">\n\t\t\t\t\t<h2 class=\"elementor-heading-title elementor-size-default\">25 y\u0131l \u00f6nce \u00e7\u0131kt\u0131\u011f\u0131m\u0131z enerji yolculu\u011fumuzda ayn\u0131 heyecan ve istekle yolumuza devam ediyoruz.\n\n<\/h2>\t\t\t\t<\/div>\n\t\t\t\t<\/div>\n\t\t\t\t\t<\/div>\n\t\t\t\t<\/div>\n\t\t<div class=\"elementor-element elementor-element-ceb22f1 e-flex e-con-boxed lakit-col-width-auto-no e-container e-root-container elementor-top-section e-con e-parent\" data-id=\"ceb22f1\" data-element_type=\"container\">\n\t\t\t\t\t<div class=\"e-con-inner\">\n\t\t<div class=\"elementor-element elementor-element-908db54 e-con-full e-flex lakit-col-width-auto-no e-container e-con e-child\" data-id=\"908db54\" data-element_type=\"container\">\n\t\t\t\t<div class=\"elementor-element elementor-element-b801cd5 elementor-widget elementor-widget-image\" data-id=\"b801cd5\" data-element_type=\"widget\" data-widget_type=\"image.default\">\n\t\t\t\t<div class=\"elementor-widget-container\">\n\t\t\t\t\t\t\t\t\t\t\t\t\t\t\t<img fetchpriority=\"high\" decoding=\"async\" width=\"800\" height=\"800\" src=\"https:\/\/demo.ucyirmiiki.com.tr\/wp-content\/uploads\/2023\/03\/hakkimzida-imc.jpg\" class=\"attachment-large size-large wp-image-88\" alt=\"\" srcset=\"https:\/\/demo.ucyirmiiki.com.tr\/wp-content\/uploads\/2023\/03\/hakkimzida-imc.jpg 800w, https:\/\/demo.ucyirmiiki.com.tr\/wp-content\/uploads\/2023\/03\/hakkimzida-imc-300x300.jpg 300w, https:\/\/demo.ucyirmiiki.com.tr\/wp-content\/uploads\/2023\/03\/hakkimzida-imc-100x100.jpg 100w, https:\/\/demo.ucyirmiiki.com.tr\/wp-content\/uploads\/2023\/03\/hakkimzida-imc-600x600.jpg 600w, https:\/\/demo.ucyirmiiki.com.tr\/wp-content\/uploads\/2023\/03\/hakkimzida-imc-150x150.jpg 150w, https:\/\/demo.ucyirmiiki.com.tr\/wp-content\/uploads\/2023\/03\/hakkimzida-imc-768x768.jpg 768w\" sizes=\"(max-width: 800px) 100vw, 800px\" \/>\t\t\t\t\t\t\t\t\t\t\t\t\t\t\t<\/div>\n\t\t\t\t<\/div>\n\t\t\t\t<\/div>\n\t\t<div class=\"elementor-element elementor-element-4b75082 e-con-full e-flex lakit-col-width-auto-no e-container e-con e-child\" data-id=\"4b75082\" data-element_type=\"container\" data-settings=\"{&quot;background_background&quot;:&quot;classic&quot;}\">\n\t\t\t\t<div class=\"elementor-element elementor-element-9e1643c elementor-widget elementor-widget-heading\" data-id=\"9e1643c\" data-element_type=\"widget\" data-widget_type=\"heading.default\">\n\t\t\t\t<div class=\"elementor-widget-container\">\n\t\t\t\t\t<h2 class=\"elementor-heading-title elementor-size-default\">\u201c25 y\u0131l\u0131 a\u015fan bilgi ve deneyimi teknoloji ile harmanlayarak kendini geli\u015ftiren firmam\u0131z, yetkin ellerle jenerat\u00f6r \u00fcretimi ger\u00e7ekle\u015ftirmektedir.\u201d<\/h2>\t\t\t\t<\/div>\n\t\t\t\t<\/div>\n\t\t\t\t<\/div>\n\t\t<div class=\"elementor-element elementor-element-2a9325e e-con-full e-flex lakit-col-width-auto-no e-container e-con e-child\" data-id=\"2a9325e\" data-element_type=\"container\">\n\t\t\t\t<div class=\"elementor-element elementor-element-e3d3870 elementor-widget elementor-widget-heading\" data-id=\"e3d3870\" data-element_type=\"widget\" data-widget_type=\"heading.default\">\n\t\t\t\t<div class=\"elementor-widget-container\">\n\t\t\t\t\t<h2 class=\"elementor-heading-title elementor-size-default\">\u0130nsan\u0131n ya\u015fad\u0131\u011f\u0131 yerde kesintisiz enerji sa\u011flamay\u0131 hede\ufb02eyen IMC Jenerat\u00f6r, s\u00fcrekli yenilenen teknoloji ve bilgilenmeyle, inovasyon ile Dizel ve Benzinli jenerat\u00f6r \u00fcretimi, \u00e7\u00f6z\u00fcmleri \u00fcreterek siz de\u011ferli m\u00fc\u015fterilerine hizmet vermeyi s\u00fcrd\u00fcrmektedir.<\/h2>\t\t\t\t<\/div>\n\t\t\t\t<\/div>\n\t\t\t\t<\/div>\n\t\t\t\t\t<\/div>\n\t\t\t\t<\/div>\n\t\t<div class=\"elementor-element elementor-element-8a6a770 e-con-full e-flex lakit-col-width-auto-no e-container e-root-container elementor-top-section e-con e-parent\" data-id=\"8a6a770\" data-element_type=\"container\">\n\t\t<div class=\"elementor-element elementor-element-5fa7000 e-con-full e-flex lakit-col-width-auto-no e-container e-con e-child\" data-id=\"5fa7000\" data-element_type=\"container\" data-settings=\"{&quot;background_background&quot;:&quot;classic&quot;}\">\n\t\t\t\t<div class=\"elementor-element elementor-element-6ae972a elementor-widget elementor-widget-text-editor\" data-id=\"6ae972a\" data-element_type=\"widget\" data-widget_type=\"text-editor.default\">\n\t\t\t\t<div class=\"elementor-widget-container\">\n\t\t\t\t\t\t\t\t\t<p>G\u00fc\u00e7l\u00fc m\u00fchendislik i\u015fbirli\u011fi ile t\u00fcm ko\u015fullarda y\u00fcksek performansla \u00e7al\u0131\u015fan jenerat\u00f6rler \u00fcreterek \u00f6zel ve kamu kurumlar\u0131nda, in\u015faat, avm, otel, residence, spor tesisleri, madenler, hastahaneler, sanayi tesisleri ve banka gibi mekanlarda kullan\u0131ma sunmaktad\u0131r.<\/p><p>\u0130nsana, do\u011faya, yapt\u0131\u011f\u0131 i\u015fe sayg\u0131 prensibini kendisine vizyon edinen \ufb01rmam\u0131z, insanl\u0131\u011fa enerji kaynaklar\u0131n\u0131n verimli kullan\u0131m\u0131nda \u00fczerine d\u00fc\u015fen sorumlulu\u011fu da misyonu olarak benimsemi\u015ftir.<\/p>\t\t\t\t\t\t\t\t<\/div>\n\t\t\t\t<\/div>\n\t\t\t\t<\/div>\n\t\t<div class=\"elementor-element elementor-element-9d94f69 e-con-full e-flex lakit-col-width-auto-no e-container e-con e-child\" data-id=\"9d94f69\" data-element_type=\"container\">\n\t\t\t\t<div class=\"elementor-element elementor-element-e06bdc3 elementor-widget elementor-widget-image\" data-id=\"e06bdc3\" data-element_type=\"widget\" data-widget_type=\"image.default\">\n\t\t\t\t<div class=\"elementor-widget-container\">\n\t\t\t\t\t\t\t\t\t\t\t\t\t\t\t<img decoding=\"async\" width=\"1000\" height=\"733\" src=\"https:\/\/demo.ucyirmiiki.com.tr\/wp-content\/uploads\/2023\/03\/Jj-scaled-1.jpg\" class=\"attachment-large size-large wp-image-87\" alt=\"\" srcset=\"https:\/\/demo.ucyirmiiki.com.tr\/wp-content\/uploads\/2023\/03\/Jj-scaled-1.jpg 1000w, https:\/\/demo.ucyirmiiki.com.tr\/wp-content\/uploads\/2023\/03\/Jj-scaled-1-300x220.jpg 300w, https:\/\/demo.ucyirmiiki.com.tr\/wp-content\/uploads\/2023\/03\/Jj-scaled-1-768x563.jpg 768w\" sizes=\"(max-width: 1000px) 100vw, 1000px\" \/>\t\t\t\t\t\t\t\t\t\t\t\t\t\t\t<\/div>\n\t\t\t\t<\/div>\n\t\t\t\t<\/div>\n\t\t\t\t<\/div>\n\t\t\t\t<\/div>\n\t\t","protected":false},"excerpt":{"rendered":"<p>25 y\u0131l \u00f6nce \u00e7\u0131kt\u0131\u011f\u0131m\u0131z enerji yolculu\u011fumuzda ayn\u0131 heyecan ve istekle yolumuza devam ediyoruz. \u201c25 y\u0131l\u0131 a\u015fan bilgi ve deneyimi teknoloji ile harmanlayarak kendini geli\u015ftiren firmam\u0131z, yetkin ellerle jenerat\u00f6r \u00fcretimi ger\u00e7ekle\u015ftirmektedir.\u201d \u0130nsan\u0131n ya\u015fad\u0131\u011f\u0131 yerde kesintisiz enerji sa\u011flamay\u0131 hede\ufb02eyen IMC Jenerat\u00f6r, s\u00fcrekli yenilenen teknoloji ve bilgilenmeyle, inovasyon ile Dizel ve Benzinli jenerat\u00f6r \u00fcretimi,&hellip;<\/p>\n","protected":false},"author":1,"featured_media":0,"parent":0,"menu_order":0,"comment_status":"closed","ping_status":"closed","template":"elementor_header_footer","meta":{"_acf_changed":false,"_joinchat":[],"footnotes":""},"class_list":["post-82","page","type-page","status-publish","hentry"],"acf":[],"yoast_head":"<!-- This site is optimized with the Yoast SEO plugin v23.7 - https:\/\/yoast.com\/wordpress\/plugins\/seo\/ -->\n<title>Hakk\u0131m\u0131zda | \u0130MC Generators<\/title>\n<meta name=\"description\" content=\"\u0130MC Generators | Hakk\u0131m\u0131zda | 25 y\u0131l \u00f6nce \u00e7\u0131kt\u0131\u011f\u0131m\u0131z enerji yolculu\u011fumuzda ayn\u0131 heyecan ve istekle yolumuza devam ediyoruz. \u201c25 y\u0131l\u0131 a\u015fan bilgi ve deneyimi teknoloji ile harmanlayarak\" \/>\n<meta name=\"robots\" content=\"index, follow, max-snippet:-1, max-image-preview:large, max-video-preview:-1\" \/>\n<link rel=\"canonical\" href=\"https:\/\/demo.ucyirmiiki.com.tr\/?page_id=82\" \/>\n<meta property=\"og:locale\" content=\"tr_TR\" \/>\n<meta property=\"og:type\" content=\"article\" \/>\n<meta property=\"og:title\" content=\"Hakk\u0131m\u0131zda | \u0130MC Generators\" \/>\n<meta property=\"og:description\" content=\"\u0130MC Generators | Hakk\u0131m\u0131zda | 25 y\u0131l \u00f6nce \u00e7\u0131kt\u0131\u011f\u0131m\u0131z enerji yolculu\u011fumuzda ayn\u0131 heyecan ve istekle yolumuza devam ediyoruz. \u201c25 y\u0131l\u0131 a\u015fan bilgi ve deneyimi teknoloji ile harmanlayarak\" \/>\n<meta property=\"og:url\" content=\"https:\/\/demo.ucyirmiiki.com.tr\/?page_id=82\" \/>\n<meta property=\"og:site_name\" content=\"\u0130MC Generators\" \/>\n<meta property=\"article:modified_time\" content=\"2023-04-10T11:57:38+00:00\" \/>\n<meta property=\"og:image\" content=\"https:\/\/demo.ucyirmiiki.com.tr\/wp-content\/uploads\/2023\/03\/hakkimzida-imc.jpg\" \/>\n<meta name=\"twitter:card\" content=\"summary_large_image\" \/>\n<meta name=\"twitter:label1\" content=\"Tahmini okuma s\u00fcresi\" \/>\n\t<meta name=\"twitter:data1\" content=\"2 dakika\" \/>\n<script type=\"application\/ld+json\" class=\"yoast-schema-graph\">{\"@context\":\"https:\/\/schema.org\",\"@graph\":[{\"@type\":\"WebPage\",\"@id\":\"https:\/\/demo.ucyirmiiki.com.tr\/?page_id=82\",\"url\":\"https:\/\/demo.ucyirmiiki.com.tr\/?page_id=82\",\"name\":\"Hakk\u0131m\u0131zda | \u0130MC Generators\",\"isPartOf\":{\"@id\":\"https:\/\/demo.ucyirmiiki.com.tr\/#website\"},\"primaryImageOfPage\":{\"@id\":\"https:\/\/demo.ucyirmiiki.com.tr\/?page_id=82#primaryimage\"},\"image\":{\"@id\":\"https:\/\/demo.ucyirmiiki.com.tr\/?page_id=82#primaryimage\"},\"thumbnailUrl\":\"https:\/\/demo.ucyirmiiki.com.tr\/wp-content\/uploads\/2023\/03\/hakkimzida-imc.jpg\",\"datePublished\":\"2023-03-02T13:00:59+00:00\",\"dateModified\":\"2023-04-10T11:57:38+00:00\",\"description\":\"\u0130MC Generators | Hakk\u0131m\u0131zda | 25 y\u0131l \u00f6nce \u00e7\u0131kt\u0131\u011f\u0131m\u0131z enerji yolculu\u011fumuzda ayn\u0131 heyecan ve istekle yolumuza devam ediyoruz. \u201c25 y\u0131l\u0131 a\u015fan bilgi ve deneyimi teknoloji ile harmanlayarak\",\"breadcrumb\":{\"@id\":\"https:\/\/demo.ucyirmiiki.com.tr\/?page_id=82#breadcrumb\"},\"inLanguage\":\"tr\",\"potentialAction\":[{\"@type\":\"ReadAction\",\"target\":[\"https:\/\/demo.ucyirmiiki.com.tr\/?page_id=82\"]}]},{\"@type\":\"ImageObject\",\"inLanguage\":\"tr\",\"@id\":\"https:\/\/demo.ucyirmiiki.com.tr\/?page_id=82#primaryimage\",\"url\":\"https:\/\/demo.ucyirmiiki.com.tr\/wp-content\/uploads\/2023\/03\/hakkimzida-imc.jpg\",\"contentUrl\":\"https:\/\/demo.ucyirmiiki.com.tr\/wp-content\/uploads\/2023\/03\/hakkimzida-imc.jpg\",\"width\":800,\"height\":800},{\"@type\":\"BreadcrumbList\",\"@id\":\"https:\/\/demo.ucyirmiiki.com.tr\/?page_id=82#breadcrumb\",\"itemListElement\":[{\"@type\":\"ListItem\",\"position\":1,\"name\":\"Anasayfa\",\"item\":\"https:\/\/demo.ucyirmiiki.com.tr\/\"},{\"@type\":\"ListItem\",\"position\":2,\"name\":\"Hakk\u0131m\u0131zda\"}]},{\"@type\":\"WebSite\",\"@id\":\"https:\/\/demo.ucyirmiiki.com.tr\/#website\",\"url\":\"https:\/\/demo.ucyirmiiki.com.tr\/\",\"name\":\"\u0130MC Generators\",\"description\":\"Discover The Energy\",\"publisher\":{\"@id\":\"https:\/\/demo.ucyirmiiki.com.tr\/#organization\"},\"potentialAction\":[{\"@type\":\"SearchAction\",\"target\":{\"@type\":\"EntryPoint\",\"urlTemplate\":\"https:\/\/demo.ucyirmiiki.com.tr\/?s={search_term_string}\"},\"query-input\":{\"@type\":\"PropertyValueSpecification\",\"valueRequired\":true,\"valueName\":\"search_term_string\"}}],\"inLanguage\":\"tr\"},{\"@type\":\"Organization\",\"@id\":\"https:\/\/demo.ucyirmiiki.com.tr\/#organization\",\"name\":\"\u0130MC Generators\",\"url\":\"https:\/\/demo.ucyirmiiki.com.tr\/\",\"logo\":{\"@type\":\"ImageObject\",\"inLanguage\":\"tr\",\"@id\":\"https:\/\/demo.ucyirmiiki.com.tr\/#\/schema\/logo\/image\/\",\"url\":\"https:\/\/demo.ucyirmiiki.com.tr\/wp-content\/uploads\/2023\/03\/imclogo-1.png\",\"contentUrl\":\"https:\/\/demo.ucyirmiiki.com.tr\/wp-content\/uploads\/2023\/03\/imclogo-1.png\",\"width\":500,\"height\":319,\"caption\":\"\u0130MC Generators\"},\"image\":{\"@id\":\"https:\/\/demo.ucyirmiiki.com.tr\/#\/schema\/logo\/image\/\"}}]}<\/script>\n<!-- \/ Yoast SEO plugin. -->","yoast_head_json":{"title":"Hakk\u0131m\u0131zda | \u0130MC Generators","description":"\u0130MC Generators | Hakk\u0131m\u0131zda | 25 y\u0131l \u00f6nce \u00e7\u0131kt\u0131\u011f\u0131m\u0131z enerji yolculu\u011fumuzda ayn\u0131 heyecan ve istekle yolumuza devam ediyoruz. \u201c25 y\u0131l\u0131 a\u015fan bilgi ve deneyimi teknoloji ile harmanlayarak","robots":{"index":"index","follow":"follow","max-snippet":"max-snippet:-1","max-image-preview":"max-image-preview:large","max-video-preview":"max-video-preview:-1"},"canonical":"https:\/\/demo.ucyirmiiki.com.tr\/?page_id=82","og_locale":"tr_TR","og_type":"article","og_title":"Hakk\u0131m\u0131zda | \u0130MC Generators","og_description":"\u0130MC Generators | Hakk\u0131m\u0131zda | 25 y\u0131l \u00f6nce \u00e7\u0131kt\u0131\u011f\u0131m\u0131z enerji yolculu\u011fumuzda ayn\u0131 heyecan ve istekle yolumuza devam ediyoruz. \u201c25 y\u0131l\u0131 a\u015fan bilgi ve deneyimi teknoloji ile harmanlayarak","og_url":"https:\/\/demo.ucyirmiiki.com.tr\/?page_id=82","og_site_name":"\u0130MC Generators","article_modified_time":"2023-04-10T11:57:38+00:00","og_image":[{"url":"https:\/\/demo.ucyirmiiki.com.tr\/wp-content\/uploads\/2023\/03\/hakkimzida-imc.jpg"}],"twitter_card":"summary_large_image","twitter_misc":{"Tahmini okuma s\u00fcresi":"2 dakika"},"schema":{"@context":"https:\/\/schema.org","@graph":[{"@type":"WebPage","@id":"https:\/\/demo.ucyirmiiki.com.tr\/?page_id=82","url":"https:\/\/demo.ucyirmiiki.com.tr\/?page_id=82","name":"Hakk\u0131m\u0131zda | \u0130MC Generators","isPartOf":{"@id":"https:\/\/demo.ucyirmiiki.com.tr\/#website"},"primaryImageOfPage":{"@id":"https:\/\/demo.ucyirmiiki.com.tr\/?page_id=82#primaryimage"},"image":{"@id":"https:\/\/demo.ucyirmiiki.com.tr\/?page_id=82#primaryimage"},"thumbnailUrl":"https:\/\/demo.ucyirmiiki.com.tr\/wp-content\/uploads\/2023\/03\/hakkimzida-imc.jpg","datePublished":"2023-03-02T13:00:59+00:00","dateModified":"2023-04-10T11:57:38+00:00","description":"\u0130MC Generators | Hakk\u0131m\u0131zda | 25 y\u0131l \u00f6nce \u00e7\u0131kt\u0131\u011f\u0131m\u0131z enerji yolculu\u011fumuzda ayn\u0131 heyecan ve istekle yolumuza devam ediyoruz. \u201c25 y\u0131l\u0131 a\u015fan bilgi ve deneyimi teknoloji ile harmanlayarak","breadcrumb":{"@id":"https:\/\/demo.ucyirmiiki.com.tr\/?page_id=82#breadcrumb"},"inLanguage":"tr","potentialAction":[{"@type":"ReadAction","target":["https:\/\/demo.ucyirmiiki.com.tr\/?page_id=82"]}]},{"@type":"ImageObject","inLanguage":"tr","@id":"https:\/\/demo.ucyirmiiki.com.tr\/?page_id=82#primaryimage","url":"https:\/\/demo.ucyirmiiki.com.tr\/wp-content\/uploads\/2023\/03\/hakkimzida-imc.jpg","contentUrl":"https:\/\/demo.ucyirmiiki.com.tr\/wp-content\/uploads\/2023\/03\/hakkimzida-imc.jpg","width":800,"height":800},{"@type":"BreadcrumbList","@id":"https:\/\/demo.ucyirmiiki.com.tr\/?page_id=82#breadcrumb","itemListElement":[{"@type":"ListItem","position":1,"name":"Anasayfa","item":"https:\/\/demo.ucyirmiiki.com.tr\/"},{"@type":"ListItem","position":2,"name":"Hakk\u0131m\u0131zda"}]},{"@type":"WebSite","@id":"https:\/\/demo.ucyirmiiki.com.tr\/#website","url":"https:\/\/demo.ucyirmiiki.com.tr\/","name":"\u0130MC Generators","description":"Discover The Energy","publisher":{"@id":"https:\/\/demo.ucyirmiiki.com.tr\/#organization"},"potentialAction":[{"@type":"SearchAction","target":{"@type":"EntryPoint","urlTemplate":"https:\/\/demo.ucyirmiiki.com.tr\/?s={search_term_string}"},"query-input":{"@type":"PropertyValueSpecification","valueRequired":true,"valueName":"search_term_string"}}],"inLanguage":"tr"},{"@type":"Organization","@id":"https:\/\/demo.ucyirmiiki.com.tr\/#organization","name":"\u0130MC Generators","url":"https:\/\/demo.ucyirmiiki.com.tr\/","logo":{"@type":"ImageObject","inLanguage":"tr","@id":"https:\/\/demo.ucyirmiiki.com.tr\/#\/schema\/logo\/image\/","url":"https:\/\/demo.ucyirmiiki.com.tr\/wp-content\/uploads\/2023\/03\/imclogo-1.png","contentUrl":"https:\/\/demo.ucyirmiiki.com.tr\/wp-content\/uploads\/2023\/03\/imclogo-1.png","width":500,"height":319,"caption":"\u0130MC Generators"},"image":{"@id":"https:\/\/demo.ucyirmiiki.com.tr\/#\/schema\/logo\/image\/"}}]}},"_hostinger_reach_plugin_has_subscription_block":false,"_hostinger_reach_plugin_is_elementor":false,"_links":{"self":[{"href":"https:\/\/demo.ucyirmiiki.com.tr\/index.php?rest_route=\/wp\/v2\/pages\/82","targetHints":{"allow":["GET"]}}],"collection":[{"href":"https:\/\/demo.ucyirmiiki.com.tr\/index.php?rest_route=\/wp\/v2\/pages"}],"about":[{"href":"https:\/\/demo.ucyirmiiki.com.tr\/index.php?rest_route=\/wp\/v2\/types\/page"}],"author":[{"embeddable":true,"href":"https:\/\/demo.ucyirmiiki.com.tr\/index.php?rest_route=\/wp\/v2\/users\/1"}],"replies":[{"embeddable":true,"href":"https:\/\/demo.ucyirmiiki.com.tr\/index.php?rest_route=%2Fwp%2Fv2%2Fcomments&post=82"}],"version-history":[{"count":13,"href":"https:\/\/demo.ucyirmiiki.com.tr\/index.php?rest_route=\/wp\/v2\/pages\/82\/revisions"}],"predecessor-version":[{"id":1005,"href":"https:\/\/demo.ucyirmiiki.com.tr\/index.php?rest_route=\/wp\/v2\/pages\/82\/revisions\/1005"}],"wp:attachment":[{"href":"https:\/\/demo.ucyirmiiki.com.tr\/index.php?rest_route=%2Fwp%2Fv2%2Fmedia&parent=82"}],"curies":[{"name":"wp","href":"https:\/\/api.w.org\/{rel}","templated":true}]}}