{"id":833,"date":"2023-03-10T18:52:01","date_gmt":"2023-03-10T18:52:01","guid":{"rendered":"https:\/\/demo.ucyirmiiki.com.tr\/?page_id=833"},"modified":"2023-03-10T19:06:17","modified_gmt":"2023-03-10T19:06:17","slug":"marin-jenarator","status":"publish","type":"page","link":"https:\/\/demo.ucyirmiiki.com.tr\/?page_id=833","title":{"rendered":"Marin Jenarat\u00f6r"},"content":{"rendered":"\t\t<div data-elementor-type=\"wp-page\" data-elementor-id=\"833\" class=\"elementor elementor-833\">\n\t\t\t\t<div class=\"elementor-element elementor-element-8a5feb6 e-flex e-con-boxed lakit-col-width-auto-no e-container e-root-container elementor-top-section e-con e-parent\" data-id=\"8a5feb6\" data-element_type=\"container\">\n\t\t\t\t\t<div class=\"e-con-inner\">\n\t\t\t\t<div class=\"elementor-element elementor-element-8910714 elementor-widget elementor-widget-heading\" data-id=\"8910714\" data-element_type=\"widget\" data-widget_type=\"heading.default\">\n\t\t\t\t<div class=\"elementor-widget-container\">\n\t\t\t\t\t<h2 class=\"elementor-heading-title elementor-size-default\">Marin Jenerat\u00f6r<\/h2>\t\t\t\t<\/div>\n\t\t\t\t<\/div>\n\t\t\t\t<div class=\"elementor-element elementor-element-4d8e2c9 elementor-widget elementor-widget-heading\" data-id=\"4d8e2c9\" data-element_type=\"widget\" data-widget_type=\"heading.default\">\n\t\t\t\t<div class=\"elementor-widget-container\">\n\t\t\t\t\t<h2 class=\"elementor-heading-title elementor-size-default\">25 y\u0131l \u00f6nce \u00e7\u0131kt\u0131\u011f\u0131m\u0131z enerji yolculu\u011fumuzda ayn\u0131 heyecan ve istekle yolumuza devam ediyoruz.\n\n<\/h2>\t\t\t\t<\/div>\n\t\t\t\t<\/div>\n\t\t\t\t\t<\/div>\n\t\t\t\t<\/div>\n\t\t<div class=\"elementor-element elementor-element-85ef17c e-flex e-con-boxed lakit-col-width-auto-no e-container e-root-container elementor-top-section e-con e-parent\" data-id=\"85ef17c\" data-element_type=\"container\">\n\t\t\t\t\t<div class=\"e-con-inner\">\n\t\t<div class=\"elementor-element elementor-element-716e17a e-con-full e-flex lakit-col-width-auto-no e-container e-root-container elementor-top-section e-con e-parent\" data-id=\"716e17a\" data-element_type=\"container\">\n\t\t\t\t<div class=\"elementor-element elementor-element-af2b68b elementor-widget lastudio-kit elementor-lakit-woofilters\" data-id=\"af2b68b\" data-element_type=\"widget\" data-widget_type=\"lakit-woofilters.default\">\n\t\t\t\t\t<div class=\"lakit-woofilters lakit-woofilters--layout_default lakit-woofilters--type_horizontal \"><div class=\"lakit-woofilters_area\"><div class=\"lakit-woofilters_block\"><div class=\"lakit-woofilters_block_item elementor-repeater-item-49493ed lakit-wfi-source_product_attribute lakit-wfi-type_list lakit-wfi-attr_marin-motor lakit-wfi-attr_qtype_and b--normal\"><div class=\"lakit-woofilters_block_item__title\"><span class=\"woofilter-bitem\"><span class=\"woofilter-bitem-title\">Motor<\/span><\/span><\/div><div class=\"lakit-woofilters_block_item__filter\"><ul class=\"lakit-woofilters-ul\"><li class=\"\"><a rel=\"nofollow\" href=\"\/index.php?rest_route=%2Fwp%2Fv2%2Fpages%2F833&#038;filter_marin-motor=kubota\">Kubota<\/a> <span class=\"count\">6<\/span><\/li><li class=\"\"><a rel=\"nofollow\" href=\"\/index.php?rest_route=%2Fwp%2Fv2%2Fpages%2F833&#038;filter_marin-motor=perkins\">Perkins<\/a> <span class=\"count\">6<\/span><\/li><\/ul><\/div><\/div><\/div><\/div><div class=\"lakit-woofilters_area__overlay\"><\/div><\/div>\t\t\t\t<\/div>\n\t\t\t\t<\/div>\n\t\t<div class=\"elementor-element elementor-element-cd47142 e-con-full e-flex lakit-col-width-auto-no e-container e-root-container elementor-top-section e-con e-parent\" data-id=\"cd47142\" data-element_type=\"container\">\n\t\t\t\t<div class=\"elementor-element elementor-element-34ef1ca elementor-widget lastudio-kit elementor-lakit-woofilters\" data-id=\"34ef1ca\" data-element_type=\"widget\" data-widget_type=\"lakit-woofilters.default\">\n\t\t\t\t\t<div class=\"lakit-woofilters lakit-woofilters--layout_default lakit-woofilters--type_vertical \"><div class=\"lakit-woofilters_area\"><div class=\"lakit-woofilters_block\"><div class=\"lakit-woofilters_block_item elementor-repeater-item-b7a8ee5 lakit-wfi-source_active_filters b--normal\"><div class=\"lakit-woofilters_block_item__filter\"><\/div><\/div><div class=\"lakit-woofilters_block_item elementor-repeater-item-9396e01 lakit-wfi-source_result_count b--normal\"><div class=\"lakit-woofilters_block_item__filter\"><p class=\"woocommerce-result-count\" role=\"alert\" aria-relevant=\"all\" >\n\t0 sonucun t\u00fcm\u00fc g\u00f6steriliyor<\/p>\n<\/div><\/div><\/div><\/div><div class=\"lakit-woofilters_area__overlay\"><\/div><\/div>\t\t\t\t<\/div>\n\t\t\t\t<div class=\"elementor-element elementor-element-d9ef164 actionzone-c-pos-center-center actionzone-a-pos-bottom-center actionzone-a-direction-column actionzone-b-pos-top-right lakit-pagination-has-border-yes elementor-widget lastudio-kit elementor-lakit-wooproducts\" data-id=\"d9ef164\" data-element_type=\"widget\" data-widget_type=\"lakit-wooproducts.default\">\n\t\t\t\t\t<div data-lakit_ajax_loadwidget=\"true\" data-widget-id=\"d9ef164\" data-pagedkey=\"product-page-d9ef164_0\"><span class=\"lakit-css-loader\"><\/span><\/div>\t\t\t\t<\/div>\n\t\t\t\t<\/div>\n\t\t\t\t\t<\/div>\n\t\t\t\t<\/div>\n\t\t\t\t<\/div>\n\t\t","protected":false},"excerpt":{"rendered":"<p>Marin Jenerat\u00f6r 25 y\u0131l \u00f6nce \u00e7\u0131kt\u0131\u011f\u0131m\u0131z enerji yolculu\u011fumuzda ayn\u0131 heyecan ve istekle yolumuza devam ediyoruz. Motor[lakit_woofilter_item source=&#8221;product_attribute&#8221; type=&#8221;list&#8221; attribute=&#8221;marin-motor&#8221; inline=&#8221;&#8221; show_count=&#8221;yes&#8221; price=&#8221;&#8221; query_type=&#8221;and&#8221;] [lakit_woofilter_item source=&#8221;active_filters&#8221; type=&#8221;&#8221; attribute=&#8221;&#8221; inline=&#8221;&#8221; show_count=&#8221;&#8221; price=&#8221;&#8221; query_type=&#8221;&#8221;][lakit_woofilter_item source=&#8221;result_count&#8221; type=&#8221;&#8221; attribute=&#8221;&#8221; inline=&#8221;&#8221; show_count=&#8221;&#8221; price=&#8221;&#8221; query_type=&#8221;&#8221;]<\/p>\n","protected":false},"author":1,"featured_media":0,"parent":0,"menu_order":0,"comment_status":"closed","ping_status":"closed","template":"elementor_header_footer","meta":{"_acf_changed":false,"_joinchat":[],"footnotes":""},"class_list":["post-833","page","type-page","status-publish","hentry"],"acf":[],"yoast_head":"<!-- This site is optimized with the Yoast SEO plugin v23.7 - https:\/\/yoast.com\/wordpress\/plugins\/seo\/ -->\n<title>Marin Jenarat\u00f6r | \u0130MC Generators<\/title>\n<meta name=\"description\" content=\"\u0130MC Generators | Marin Jenarat\u00f6r | Marin Jenerat\u00f6r   25 y\u0131l \u00f6nce \u00e7\u0131kt\u0131\u011f\u0131m\u0131z enerji yolculu\u011fumuzda ayn\u0131 heyecan ve istekle yolumuza devam ediyoruz.    Motor\" \/>\n<meta name=\"robots\" content=\"index, follow, max-snippet:-1, max-image-preview:large, max-video-preview:-1\" \/>\n<link rel=\"canonical\" href=\"https:\/\/demo.ucyirmiiki.com.tr\/?page_id=833\" \/>\n<meta property=\"og:locale\" content=\"tr_TR\" \/>\n<meta property=\"og:type\" content=\"article\" \/>\n<meta property=\"og:title\" content=\"Marin Jenarat\u00f6r | \u0130MC Generators\" \/>\n<meta property=\"og:description\" content=\"\u0130MC Generators | Marin Jenarat\u00f6r | Marin Jenerat\u00f6r   25 y\u0131l \u00f6nce \u00e7\u0131kt\u0131\u011f\u0131m\u0131z enerji yolculu\u011fumuzda ayn\u0131 heyecan ve istekle yolumuza devam ediyoruz.    Motor\" \/>\n<meta property=\"og:url\" content=\"https:\/\/demo.ucyirmiiki.com.tr\/?page_id=833\" \/>\n<meta property=\"og:site_name\" content=\"\u0130MC Generators\" \/>\n<meta property=\"article:modified_time\" content=\"2023-03-10T19:06:17+00:00\" \/>\n<meta property=\"og:image\" content=\"https:\/\/demo.ucyirmiiki.com.tr\/wp-content\/uploads\/2023\/03\/imclogo-1.png\" \/>\n\t<meta property=\"og:image:width\" content=\"500\" \/>\n\t<meta property=\"og:image:height\" content=\"319\" \/>\n\t<meta property=\"og:image:type\" content=\"image\/png\" \/>\n<meta name=\"twitter:card\" content=\"summary_large_image\" \/>\n<script type=\"application\/ld+json\" class=\"yoast-schema-graph\">{\"@context\":\"https:\/\/schema.org\",\"@graph\":[{\"@type\":\"WebPage\",\"@id\":\"https:\/\/demo.ucyirmiiki.com.tr\/?page_id=833\",\"url\":\"https:\/\/demo.ucyirmiiki.com.tr\/?page_id=833\",\"name\":\"Marin Jenarat\u00f6r | \u0130MC Generators\",\"isPartOf\":{\"@id\":\"https:\/\/demo.ucyirmiiki.com.tr\/#website\"},\"datePublished\":\"2023-03-10T18:52:01+00:00\",\"dateModified\":\"2023-03-10T19:06:17+00:00\",\"description\":\"\u0130MC Generators | Marin Jenarat\u00f6r | Marin Jenerat\u00f6r 25 y\u0131l \u00f6nce \u00e7\u0131kt\u0131\u011f\u0131m\u0131z enerji yolculu\u011fumuzda ayn\u0131 heyecan ve istekle yolumuza devam ediyoruz. Motor\",\"breadcrumb\":{\"@id\":\"https:\/\/demo.ucyirmiiki.com.tr\/?page_id=833#breadcrumb\"},\"inLanguage\":\"tr\",\"potentialAction\":[{\"@type\":\"ReadAction\",\"target\":[\"https:\/\/demo.ucyirmiiki.com.tr\/?page_id=833\"]}]},{\"@type\":\"BreadcrumbList\",\"@id\":\"https:\/\/demo.ucyirmiiki.com.tr\/?page_id=833#breadcrumb\",\"itemListElement\":[{\"@type\":\"ListItem\",\"position\":1,\"name\":\"Anasayfa\",\"item\":\"https:\/\/demo.ucyirmiiki.com.tr\/\"},{\"@type\":\"ListItem\",\"position\":2,\"name\":\"Marin Jenarat\u00f6r\"}]},{\"@type\":\"WebSite\",\"@id\":\"https:\/\/demo.ucyirmiiki.com.tr\/#website\",\"url\":\"https:\/\/demo.ucyirmiiki.com.tr\/\",\"name\":\"\u0130MC Generators\",\"description\":\"Discover The Energy\",\"publisher\":{\"@id\":\"https:\/\/demo.ucyirmiiki.com.tr\/#organization\"},\"potentialAction\":[{\"@type\":\"SearchAction\",\"target\":{\"@type\":\"EntryPoint\",\"urlTemplate\":\"https:\/\/demo.ucyirmiiki.com.tr\/?s={search_term_string}\"},\"query-input\":{\"@type\":\"PropertyValueSpecification\",\"valueRequired\":true,\"valueName\":\"search_term_string\"}}],\"inLanguage\":\"tr\"},{\"@type\":\"Organization\",\"@id\":\"https:\/\/demo.ucyirmiiki.com.tr\/#organization\",\"name\":\"\u0130MC Generators\",\"url\":\"https:\/\/demo.ucyirmiiki.com.tr\/\",\"logo\":{\"@type\":\"ImageObject\",\"inLanguage\":\"tr\",\"@id\":\"https:\/\/demo.ucyirmiiki.com.tr\/#\/schema\/logo\/image\/\",\"url\":\"https:\/\/demo.ucyirmiiki.com.tr\/wp-content\/uploads\/2023\/03\/imclogo-1.png\",\"contentUrl\":\"https:\/\/demo.ucyirmiiki.com.tr\/wp-content\/uploads\/2023\/03\/imclogo-1.png\",\"width\":500,\"height\":319,\"caption\":\"\u0130MC Generators\"},\"image\":{\"@id\":\"https:\/\/demo.ucyirmiiki.com.tr\/#\/schema\/logo\/image\/\"}}]}<\/script>\n<!-- \/ Yoast SEO plugin. -->","yoast_head_json":{"title":"Marin Jenarat\u00f6r | \u0130MC Generators","description":"\u0130MC Generators | Marin Jenarat\u00f6r | Marin Jenerat\u00f6r   25 y\u0131l \u00f6nce \u00e7\u0131kt\u0131\u011f\u0131m\u0131z enerji yolculu\u011fumuzda ayn\u0131 heyecan ve istekle yolumuza devam ediyoruz.    Motor","robots":{"index":"index","follow":"follow","max-snippet":"max-snippet:-1","max-image-preview":"max-image-preview:large","max-video-preview":"max-video-preview:-1"},"canonical":"https:\/\/demo.ucyirmiiki.com.tr\/?page_id=833","og_locale":"tr_TR","og_type":"article","og_title":"Marin Jenarat\u00f6r | \u0130MC Generators","og_description":"\u0130MC Generators | Marin Jenarat\u00f6r | Marin Jenerat\u00f6r   25 y\u0131l \u00f6nce \u00e7\u0131kt\u0131\u011f\u0131m\u0131z enerji yolculu\u011fumuzda ayn\u0131 heyecan ve istekle yolumuza devam ediyoruz.    Motor","og_url":"https:\/\/demo.ucyirmiiki.com.tr\/?page_id=833","og_site_name":"\u0130MC Generators","article_modified_time":"2023-03-10T19:06:17+00:00","og_image":[{"width":500,"height":319,"url":"https:\/\/demo.ucyirmiiki.com.tr\/wp-content\/uploads\/2023\/03\/imclogo-1.png","type":"image\/png"}],"twitter_card":"summary_large_image","schema":{"@context":"https:\/\/schema.org","@graph":[{"@type":"WebPage","@id":"https:\/\/demo.ucyirmiiki.com.tr\/?page_id=833","url":"https:\/\/demo.ucyirmiiki.com.tr\/?page_id=833","name":"Marin Jenarat\u00f6r | \u0130MC Generators","isPartOf":{"@id":"https:\/\/demo.ucyirmiiki.com.tr\/#website"},"datePublished":"2023-03-10T18:52:01+00:00","dateModified":"2023-03-10T19:06:17+00:00","description":"\u0130MC Generators | Marin Jenarat\u00f6r | Marin Jenerat\u00f6r 25 y\u0131l \u00f6nce \u00e7\u0131kt\u0131\u011f\u0131m\u0131z enerji yolculu\u011fumuzda ayn\u0131 heyecan ve istekle yolumuza devam ediyoruz. Motor","breadcrumb":{"@id":"https:\/\/demo.ucyirmiiki.com.tr\/?page_id=833#breadcrumb"},"inLanguage":"tr","potentialAction":[{"@type":"ReadAction","target":["https:\/\/demo.ucyirmiiki.com.tr\/?page_id=833"]}]},{"@type":"BreadcrumbList","@id":"https:\/\/demo.ucyirmiiki.com.tr\/?page_id=833#breadcrumb","itemListElement":[{"@type":"ListItem","position":1,"name":"Anasayfa","item":"https:\/\/demo.ucyirmiiki.com.tr\/"},{"@type":"ListItem","position":2,"name":"Marin Jenarat\u00f6r"}]},{"@type":"WebSite","@id":"https:\/\/demo.ucyirmiiki.com.tr\/#website","url":"https:\/\/demo.ucyirmiiki.com.tr\/","name":"\u0130MC Generators","description":"Discover The Energy","publisher":{"@id":"https:\/\/demo.ucyirmiiki.com.tr\/#organization"},"potentialAction":[{"@type":"SearchAction","target":{"@type":"EntryPoint","urlTemplate":"https:\/\/demo.ucyirmiiki.com.tr\/?s={search_term_string}"},"query-input":{"@type":"PropertyValueSpecification","valueRequired":true,"valueName":"search_term_string"}}],"inLanguage":"tr"},{"@type":"Organization","@id":"https:\/\/demo.ucyirmiiki.com.tr\/#organization","name":"\u0130MC Generators","url":"https:\/\/demo.ucyirmiiki.com.tr\/","logo":{"@type":"ImageObject","inLanguage":"tr","@id":"https:\/\/demo.ucyirmiiki.com.tr\/#\/schema\/logo\/image\/","url":"https:\/\/demo.ucyirmiiki.com.tr\/wp-content\/uploads\/2023\/03\/imclogo-1.png","contentUrl":"https:\/\/demo.ucyirmiiki.com.tr\/wp-content\/uploads\/2023\/03\/imclogo-1.png","width":500,"height":319,"caption":"\u0130MC Generators"},"image":{"@id":"https:\/\/demo.ucyirmiiki.com.tr\/#\/schema\/logo\/image\/"}}]}},"_hostinger_reach_plugin_has_subscription_block":false,"_hostinger_reach_plugin_is_elementor":false,"_links":{"self":[{"href":"https:\/\/demo.ucyirmiiki.com.tr\/index.php?rest_route=\/wp\/v2\/pages\/833","targetHints":{"allow":["GET"]}}],"collection":[{"href":"https:\/\/demo.ucyirmiiki.com.tr\/index.php?rest_route=\/wp\/v2\/pages"}],"about":[{"href":"https:\/\/demo.ucyirmiiki.com.tr\/index.php?rest_route=\/wp\/v2\/types\/page"}],"author":[{"embeddable":true,"href":"https:\/\/demo.ucyirmiiki.com.tr\/index.php?rest_route=\/wp\/v2\/users\/1"}],"replies":[{"embeddable":true,"href":"https:\/\/demo.ucyirmiiki.com.tr\/index.php?rest_route=%2Fwp%2Fv2%2Fcomments&post=833"}],"version-history":[{"count":4,"href":"https:\/\/demo.ucyirmiiki.com.tr\/index.php?rest_route=\/wp\/v2\/pages\/833\/revisions"}],"predecessor-version":[{"id":843,"href":"https:\/\/demo.ucyirmiiki.com.tr\/index.php?rest_route=\/wp\/v2\/pages\/833\/revisions\/843"}],"wp:attachment":[{"href":"https:\/\/demo.ucyirmiiki.com.tr\/index.php?rest_route=%2Fwp%2Fv2%2Fmedia&parent=833"}],"curies":[{"name":"wp","href":"https:\/\/api.w.org\/{rel}","templated":true}]}}