{"id":96,"date":"2023-03-02T13:33:56","date_gmt":"2023-03-02T13:33:56","guid":{"rendered":"https:\/\/demo.ucyirmiiki.com.tr\/?page_id=96"},"modified":"2023-03-02T13:48:00","modified_gmt":"2023-03-02T13:48:00","slug":"degerlerimiz","status":"publish","type":"page","link":"https:\/\/demo.ucyirmiiki.com.tr\/?page_id=96","title":{"rendered":"De\u011ferlerimiz"},"content":{"rendered":"\t\t<div data-elementor-type=\"wp-page\" data-elementor-id=\"96\" class=\"elementor elementor-96\">\n\t\t\t\t<div class=\"elementor-element elementor-element-f64a997 e-flex e-con-boxed lakit-col-width-auto-no e-container e-root-container elementor-top-section e-con e-parent\" data-id=\"f64a997\" data-element_type=\"container\">\n\t\t\t\t\t<div class=\"e-con-inner\">\n\t\t\t\t<div class=\"elementor-element elementor-element-41e356e elementor-widget elementor-widget-heading\" data-id=\"41e356e\" data-element_type=\"widget\" data-widget_type=\"heading.default\">\n\t\t\t\t<div class=\"elementor-widget-container\">\n\t\t\t\t\t<h2 class=\"elementor-heading-title elementor-size-default\">25 y\u0131l \u00f6nce \u00e7\u0131kt\u0131\u011f\u0131m\u0131z enerji yolculu\u011fumuzda ayn\u0131 heyecan ve istekle yolumuza devam ediyoruz.\n\n<\/h2>\t\t\t\t<\/div>\n\t\t\t\t<\/div>\n\t\t\t\t\t<\/div>\n\t\t\t\t<\/div>\n\t\t<div class=\"elementor-element elementor-element-b9edc67 e-flex e-con-boxed lakit-col-width-auto-no e-container e-root-container elementor-top-section e-con e-parent\" data-id=\"b9edc67\" data-element_type=\"container\">\n\t\t\t\t\t<div class=\"e-con-inner\">\n\t\t<div class=\"elementor-element elementor-element-73423d1 e-con-full e-flex lakit-col-width-auto-no e-container e-con e-child\" data-id=\"73423d1\" data-element_type=\"container\">\n\t\t\t\t<div class=\"elementor-element elementor-element-41bf408 elementor-widget elementor-widget-text-editor\" data-id=\"41bf408\" data-element_type=\"widget\" data-widget_type=\"text-editor.default\">\n\t\t\t\t<div class=\"elementor-widget-container\">\n\t\t\t\t\t\t\t\t\t<p><strong>G\u00fcven, Kalite, S\u00fcreklilik<\/strong><\/p><p>25 y\u0131lda edindi\u011fimiz bilgi birikim ve tecr\u00fcbemizi, s\u00fcrekli yenilenen teknoloji ve \u00e7al\u0131\u015fma arzumuz ile harmanlayarak \u00fcretmeye devam ediyoruz.<\/p><p>Amac\u0131m\u0131z, kesintisiz enerjiyi en iyi \u015fekilde \u00fcretebilmek Hayalimiz, \u00fcretti\u011fimiz enerji sistemlerini d\u00fcnyan\u0131n d\u00f6rt bir yan\u0131na ula\u015ft\u0131rmak.<\/p>\t\t\t\t\t\t\t\t<\/div>\n\t\t\t\t<\/div>\n\t\t\t\t<\/div>\n\t\t<div class=\"elementor-element elementor-element-de7cda2 e-con-full e-flex lakit-col-width-auto-no e-container e-con e-child\" data-id=\"de7cda2\" data-element_type=\"container\">\n\t\t\t\t<div class=\"elementor-element elementor-element-8b5f258 elementor-widget elementor-widget-image\" data-id=\"8b5f258\" data-element_type=\"widget\" data-widget_type=\"image.default\">\n\t\t\t\t<div class=\"elementor-widget-container\">\n\t\t\t\t\t\t\t\t\t\t\t\t\t\t\t<img fetchpriority=\"high\" decoding=\"async\" width=\"400\" height=\"550\" src=\"https:\/\/demo.ucyirmiiki.com.tr\/wp-content\/uploads\/2023\/03\/imc6.jpg\" class=\"attachment-large size-large wp-image-99\" alt=\"\" srcset=\"https:\/\/demo.ucyirmiiki.com.tr\/wp-content\/uploads\/2023\/03\/imc6.jpg 400w, https:\/\/demo.ucyirmiiki.com.tr\/wp-content\/uploads\/2023\/03\/imc6-218x300.jpg 218w\" sizes=\"(max-width: 400px) 100vw, 400px\" \/>\t\t\t\t\t\t\t\t\t\t\t\t\t\t\t<\/div>\n\t\t\t\t<\/div>\n\t\t\t\t<\/div>\n\t\t<div class=\"elementor-element elementor-element-ecbbda8 e-con-full e-flex lakit-col-width-auto-no e-container e-con e-child\" data-id=\"ecbbda8\" data-element_type=\"container\" data-settings=\"{&quot;background_background&quot;:&quot;classic&quot;}\">\n\t\t\t\t<div class=\"elementor-element elementor-element-41b76bb elementor-widget elementor-widget-text-editor\" data-id=\"41b76bb\" data-element_type=\"widget\" data-widget_type=\"text-editor.default\">\n\t\t\t\t<div class=\"elementor-widget-container\">\n\t\t\t\t\t\t\t\t\t<ul><li>G\u00fcvenli Hizmet<\/li><li>Kaliteli \u00dcr\u00fcnler<\/li><li>\u0130nsana Sayg\u0131<\/li><li>Do\u011faya Sayg\u0131<\/li><li>\u0130stikrarl\u0131 \u00dcretim<\/li><\/ul><p>\u00a0<\/p><p><strong>K\u0131t enerji kaynaklar\u0131n\u0131; verimli, do\u011fru ve do\u011faya zarar vermeden kullanarak s\u00fcrekli k\u0131lmak.<\/strong><\/p>\t\t\t\t\t\t\t\t<\/div>\n\t\t\t\t<\/div>\n\t\t\t\t<\/div>\n\t\t<div class=\"elementor-element elementor-element-afd7713 e-con-full e-flex lakit-col-width-auto-no e-container e-con e-child\" data-id=\"afd7713\" data-element_type=\"container\">\n\t\t\t\t<div class=\"elementor-element elementor-element-200c50b elementor-widget elementor-widget-image\" data-id=\"200c50b\" data-element_type=\"widget\" data-widget_type=\"image.default\">\n\t\t\t\t<div class=\"elementor-widget-container\">\n\t\t\t\t\t\t\t\t\t\t\t\t\t\t\t<img decoding=\"async\" width=\"400\" height=\"550\" src=\"https:\/\/demo.ucyirmiiki.com.tr\/wp-content\/uploads\/2023\/03\/imc7.jpg\" class=\"attachment-large size-large wp-image-98\" alt=\"\" srcset=\"https:\/\/demo.ucyirmiiki.com.tr\/wp-content\/uploads\/2023\/03\/imc7.jpg 400w, https:\/\/demo.ucyirmiiki.com.tr\/wp-content\/uploads\/2023\/03\/imc7-218x300.jpg 218w\" sizes=\"(max-width: 400px) 100vw, 400px\" \/>\t\t\t\t\t\t\t\t\t\t\t\t\t\t\t<\/div>\n\t\t\t\t<\/div>\n\t\t\t\t<\/div>\n\t\t<div class=\"elementor-element elementor-element-3fb4aef e-con-full e-flex lakit-col-width-auto-no e-container e-con e-child\" data-id=\"3fb4aef\" data-element_type=\"container\" data-settings=\"{&quot;background_background&quot;:&quot;classic&quot;}\">\n\t\t\t\t<div class=\"elementor-element elementor-element-94c7811 elementor-widget elementor-widget-text-editor\" data-id=\"94c7811\" data-element_type=\"widget\" data-widget_type=\"text-editor.default\">\n\t\t\t\t<div class=\"elementor-widget-container\">\n\t\t\t\t\t\t\t\t\t<p><strong>Sonsuz Enerjiyi Hisset!<\/strong><\/p><p>IMC Jenerat\u00f6r, 2500 kva\u2019ya kadar Dizel Motorlu Jenerat\u00f6r Setleri \u00fcreterek, m\u00fc\u015fteri ihtiya\u00e7lar\u0131, ihtiya\u00e7 analizleri ve uygun \u00fcr\u00fcn kampanyalar\u0131 ile kullan\u0131c\u0131lar\u0131na en do\u011fru \u00fcr\u00fcn\u00fc sunmay\u0131 ve teslim etmeyi hedefler.<\/p><p>\u00c7\u00fcnk\u00fc bizler; yaln\u0131zca enerji \u00fcreten bir tak\u0131m olmaktan \u00e7ok bir \u201cenerji \u00e7\u00f6z\u00fcm orta\u011f\u0131y\u0131z\u201d.<\/p>\t\t\t\t\t\t\t\t<\/div>\n\t\t\t\t<\/div>\n\t\t\t\t<\/div>\n\t\t<div class=\"elementor-element elementor-element-3d68315 e-con-full e-flex lakit-col-width-auto-no e-container e-con e-child\" data-id=\"3d68315\" data-element_type=\"container\" data-settings=\"{&quot;background_background&quot;:&quot;classic&quot;}\">\n\t\t\t\t<div class=\"elementor-element elementor-element-7d3af04 elementor-widget elementor-widget-heading\" data-id=\"7d3af04\" data-element_type=\"widget\" data-widget_type=\"heading.default\">\n\t\t\t\t<div class=\"elementor-widget-container\">\n\t\t\t\t\t<h2 class=\"elementor-heading-title elementor-size-default\">Discover The Energy<\/h2>\t\t\t\t<\/div>\n\t\t\t\t<\/div>\n\t\t\t\t<\/div>\n\t\t\t\t\t<\/div>\n\t\t\t\t<\/div>\n\t\t\t\t<\/div>\n\t\t","protected":false},"excerpt":{"rendered":"<p>25 y\u0131l \u00f6nce \u00e7\u0131kt\u0131\u011f\u0131m\u0131z enerji yolculu\u011fumuzda ayn\u0131 heyecan ve istekle yolumuza devam ediyoruz. G\u00fcven, Kalite, S\u00fcreklilik 25 y\u0131lda edindi\u011fimiz bilgi birikim ve tecr\u00fcbemizi, s\u00fcrekli yenilenen teknoloji ve \u00e7al\u0131\u015fma arzumuz ile harmanlayarak \u00fcretmeye devam ediyoruz. Amac\u0131m\u0131z, kesintisiz enerjiyi en iyi \u015fekilde \u00fcretebilmek Hayalimiz, \u00fcretti\u011fimiz enerji sistemlerini d\u00fcnyan\u0131n d\u00f6rt bir yan\u0131na ula\u015ft\u0131rmak. G\u00fcvenli&hellip;<\/p>\n","protected":false},"author":1,"featured_media":0,"parent":0,"menu_order":0,"comment_status":"closed","ping_status":"closed","template":"elementor_header_footer","meta":{"_acf_changed":false,"_joinchat":[],"footnotes":""},"class_list":["post-96","page","type-page","status-publish","hentry"],"acf":[],"yoast_head":"<!-- This site is optimized with the Yoast SEO plugin v23.7 - https:\/\/yoast.com\/wordpress\/plugins\/seo\/ -->\n<title>De\u011ferlerimiz | \u0130MC Generators<\/title>\n<meta name=\"description\" content=\"\u0130MC Generators | De\u011ferlerimiz | 25 y\u0131l \u00f6nce \u00e7\u0131kt\u0131\u011f\u0131m\u0131z enerji yolculu\u011fumuzda ayn\u0131 heyecan ve istekle yolumuza devam ediyoruz. G\u00fcven, Kalite, S\u00fcreklilik25 y\u0131lda edindi\u011fimiz bilgi birikim\" \/>\n<meta name=\"robots\" content=\"index, follow, max-snippet:-1, max-image-preview:large, max-video-preview:-1\" \/>\n<link rel=\"canonical\" href=\"https:\/\/demo.ucyirmiiki.com.tr\/?page_id=96\" \/>\n<meta property=\"og:locale\" content=\"tr_TR\" \/>\n<meta property=\"og:type\" content=\"article\" \/>\n<meta property=\"og:title\" content=\"De\u011ferlerimiz | \u0130MC Generators\" \/>\n<meta property=\"og:description\" content=\"\u0130MC Generators | De\u011ferlerimiz | 25 y\u0131l \u00f6nce \u00e7\u0131kt\u0131\u011f\u0131m\u0131z enerji yolculu\u011fumuzda ayn\u0131 heyecan ve istekle yolumuza devam ediyoruz. G\u00fcven, Kalite, S\u00fcreklilik25 y\u0131lda edindi\u011fimiz bilgi birikim\" \/>\n<meta property=\"og:url\" content=\"https:\/\/demo.ucyirmiiki.com.tr\/?page_id=96\" \/>\n<meta property=\"og:site_name\" content=\"\u0130MC Generators\" \/>\n<meta property=\"article:modified_time\" content=\"2023-03-02T13:48:00+00:00\" \/>\n<meta property=\"og:image\" content=\"https:\/\/demo.ucyirmiiki.com.tr\/wp-content\/uploads\/2023\/03\/imc6.jpg\" \/>\n<meta name=\"twitter:card\" content=\"summary_large_image\" \/>\n<meta name=\"twitter:label1\" content=\"Tahmini okuma s\u00fcresi\" \/>\n\t<meta name=\"twitter:data1\" content=\"1 dakika\" \/>\n<script type=\"application\/ld+json\" class=\"yoast-schema-graph\">{\"@context\":\"https:\/\/schema.org\",\"@graph\":[{\"@type\":\"WebPage\",\"@id\":\"https:\/\/demo.ucyirmiiki.com.tr\/?page_id=96\",\"url\":\"https:\/\/demo.ucyirmiiki.com.tr\/?page_id=96\",\"name\":\"De\u011ferlerimiz | \u0130MC Generators\",\"isPartOf\":{\"@id\":\"https:\/\/demo.ucyirmiiki.com.tr\/#website\"},\"primaryImageOfPage\":{\"@id\":\"https:\/\/demo.ucyirmiiki.com.tr\/?page_id=96#primaryimage\"},\"image\":{\"@id\":\"https:\/\/demo.ucyirmiiki.com.tr\/?page_id=96#primaryimage\"},\"thumbnailUrl\":\"https:\/\/demo.ucyirmiiki.com.tr\/wp-content\/uploads\/2023\/03\/imc6.jpg\",\"datePublished\":\"2023-03-02T13:33:56+00:00\",\"dateModified\":\"2023-03-02T13:48:00+00:00\",\"description\":\"\u0130MC Generators | De\u011ferlerimiz | 25 y\u0131l \u00f6nce \u00e7\u0131kt\u0131\u011f\u0131m\u0131z enerji yolculu\u011fumuzda ayn\u0131 heyecan ve istekle yolumuza devam ediyoruz. G\u00fcven, Kalite, S\u00fcreklilik25 y\u0131lda edindi\u011fimiz bilgi birikim\",\"breadcrumb\":{\"@id\":\"https:\/\/demo.ucyirmiiki.com.tr\/?page_id=96#breadcrumb\"},\"inLanguage\":\"tr\",\"potentialAction\":[{\"@type\":\"ReadAction\",\"target\":[\"https:\/\/demo.ucyirmiiki.com.tr\/?page_id=96\"]}]},{\"@type\":\"ImageObject\",\"inLanguage\":\"tr\",\"@id\":\"https:\/\/demo.ucyirmiiki.com.tr\/?page_id=96#primaryimage\",\"url\":\"https:\/\/demo.ucyirmiiki.com.tr\/wp-content\/uploads\/2023\/03\/imc6.jpg\",\"contentUrl\":\"https:\/\/demo.ucyirmiiki.com.tr\/wp-content\/uploads\/2023\/03\/imc6.jpg\",\"width\":400,\"height\":550},{\"@type\":\"BreadcrumbList\",\"@id\":\"https:\/\/demo.ucyirmiiki.com.tr\/?page_id=96#breadcrumb\",\"itemListElement\":[{\"@type\":\"ListItem\",\"position\":1,\"name\":\"Anasayfa\",\"item\":\"https:\/\/demo.ucyirmiiki.com.tr\/\"},{\"@type\":\"ListItem\",\"position\":2,\"name\":\"De\u011ferlerimiz\"}]},{\"@type\":\"WebSite\",\"@id\":\"https:\/\/demo.ucyirmiiki.com.tr\/#website\",\"url\":\"https:\/\/demo.ucyirmiiki.com.tr\/\",\"name\":\"\u0130MC Generators\",\"description\":\"Discover The Energy\",\"publisher\":{\"@id\":\"https:\/\/demo.ucyirmiiki.com.tr\/#organization\"},\"potentialAction\":[{\"@type\":\"SearchAction\",\"target\":{\"@type\":\"EntryPoint\",\"urlTemplate\":\"https:\/\/demo.ucyirmiiki.com.tr\/?s={search_term_string}\"},\"query-input\":{\"@type\":\"PropertyValueSpecification\",\"valueRequired\":true,\"valueName\":\"search_term_string\"}}],\"inLanguage\":\"tr\"},{\"@type\":\"Organization\",\"@id\":\"https:\/\/demo.ucyirmiiki.com.tr\/#organization\",\"name\":\"\u0130MC Generators\",\"url\":\"https:\/\/demo.ucyirmiiki.com.tr\/\",\"logo\":{\"@type\":\"ImageObject\",\"inLanguage\":\"tr\",\"@id\":\"https:\/\/demo.ucyirmiiki.com.tr\/#\/schema\/logo\/image\/\",\"url\":\"https:\/\/demo.ucyirmiiki.com.tr\/wp-content\/uploads\/2023\/03\/imclogo-1.png\",\"contentUrl\":\"https:\/\/demo.ucyirmiiki.com.tr\/wp-content\/uploads\/2023\/03\/imclogo-1.png\",\"width\":500,\"height\":319,\"caption\":\"\u0130MC Generators\"},\"image\":{\"@id\":\"https:\/\/demo.ucyirmiiki.com.tr\/#\/schema\/logo\/image\/\"}}]}<\/script>\n<!-- \/ Yoast SEO plugin. -->","yoast_head_json":{"title":"De\u011ferlerimiz | \u0130MC Generators","description":"\u0130MC Generators | De\u011ferlerimiz | 25 y\u0131l \u00f6nce \u00e7\u0131kt\u0131\u011f\u0131m\u0131z enerji yolculu\u011fumuzda ayn\u0131 heyecan ve istekle yolumuza devam ediyoruz. G\u00fcven, Kalite, S\u00fcreklilik25 y\u0131lda edindi\u011fimiz bilgi birikim","robots":{"index":"index","follow":"follow","max-snippet":"max-snippet:-1","max-image-preview":"max-image-preview:large","max-video-preview":"max-video-preview:-1"},"canonical":"https:\/\/demo.ucyirmiiki.com.tr\/?page_id=96","og_locale":"tr_TR","og_type":"article","og_title":"De\u011ferlerimiz | \u0130MC Generators","og_description":"\u0130MC Generators | De\u011ferlerimiz | 25 y\u0131l \u00f6nce \u00e7\u0131kt\u0131\u011f\u0131m\u0131z enerji yolculu\u011fumuzda ayn\u0131 heyecan ve istekle yolumuza devam ediyoruz. G\u00fcven, Kalite, S\u00fcreklilik25 y\u0131lda edindi\u011fimiz bilgi birikim","og_url":"https:\/\/demo.ucyirmiiki.com.tr\/?page_id=96","og_site_name":"\u0130MC Generators","article_modified_time":"2023-03-02T13:48:00+00:00","og_image":[{"url":"https:\/\/demo.ucyirmiiki.com.tr\/wp-content\/uploads\/2023\/03\/imc6.jpg"}],"twitter_card":"summary_large_image","twitter_misc":{"Tahmini okuma s\u00fcresi":"1 dakika"},"schema":{"@context":"https:\/\/schema.org","@graph":[{"@type":"WebPage","@id":"https:\/\/demo.ucyirmiiki.com.tr\/?page_id=96","url":"https:\/\/demo.ucyirmiiki.com.tr\/?page_id=96","name":"De\u011ferlerimiz | \u0130MC Generators","isPartOf":{"@id":"https:\/\/demo.ucyirmiiki.com.tr\/#website"},"primaryImageOfPage":{"@id":"https:\/\/demo.ucyirmiiki.com.tr\/?page_id=96#primaryimage"},"image":{"@id":"https:\/\/demo.ucyirmiiki.com.tr\/?page_id=96#primaryimage"},"thumbnailUrl":"https:\/\/demo.ucyirmiiki.com.tr\/wp-content\/uploads\/2023\/03\/imc6.jpg","datePublished":"2023-03-02T13:33:56+00:00","dateModified":"2023-03-02T13:48:00+00:00","description":"\u0130MC Generators | De\u011ferlerimiz | 25 y\u0131l \u00f6nce \u00e7\u0131kt\u0131\u011f\u0131m\u0131z enerji yolculu\u011fumuzda ayn\u0131 heyecan ve istekle yolumuza devam ediyoruz. G\u00fcven, Kalite, S\u00fcreklilik25 y\u0131lda edindi\u011fimiz bilgi birikim","breadcrumb":{"@id":"https:\/\/demo.ucyirmiiki.com.tr\/?page_id=96#breadcrumb"},"inLanguage":"tr","potentialAction":[{"@type":"ReadAction","target":["https:\/\/demo.ucyirmiiki.com.tr\/?page_id=96"]}]},{"@type":"ImageObject","inLanguage":"tr","@id":"https:\/\/demo.ucyirmiiki.com.tr\/?page_id=96#primaryimage","url":"https:\/\/demo.ucyirmiiki.com.tr\/wp-content\/uploads\/2023\/03\/imc6.jpg","contentUrl":"https:\/\/demo.ucyirmiiki.com.tr\/wp-content\/uploads\/2023\/03\/imc6.jpg","width":400,"height":550},{"@type":"BreadcrumbList","@id":"https:\/\/demo.ucyirmiiki.com.tr\/?page_id=96#breadcrumb","itemListElement":[{"@type":"ListItem","position":1,"name":"Anasayfa","item":"https:\/\/demo.ucyirmiiki.com.tr\/"},{"@type":"ListItem","position":2,"name":"De\u011ferlerimiz"}]},{"@type":"WebSite","@id":"https:\/\/demo.ucyirmiiki.com.tr\/#website","url":"https:\/\/demo.ucyirmiiki.com.tr\/","name":"\u0130MC Generators","description":"Discover The Energy","publisher":{"@id":"https:\/\/demo.ucyirmiiki.com.tr\/#organization"},"potentialAction":[{"@type":"SearchAction","target":{"@type":"EntryPoint","urlTemplate":"https:\/\/demo.ucyirmiiki.com.tr\/?s={search_term_string}"},"query-input":{"@type":"PropertyValueSpecification","valueRequired":true,"valueName":"search_term_string"}}],"inLanguage":"tr"},{"@type":"Organization","@id":"https:\/\/demo.ucyirmiiki.com.tr\/#organization","name":"\u0130MC Generators","url":"https:\/\/demo.ucyirmiiki.com.tr\/","logo":{"@type":"ImageObject","inLanguage":"tr","@id":"https:\/\/demo.ucyirmiiki.com.tr\/#\/schema\/logo\/image\/","url":"https:\/\/demo.ucyirmiiki.com.tr\/wp-content\/uploads\/2023\/03\/imclogo-1.png","contentUrl":"https:\/\/demo.ucyirmiiki.com.tr\/wp-content\/uploads\/2023\/03\/imclogo-1.png","width":500,"height":319,"caption":"\u0130MC Generators"},"image":{"@id":"https:\/\/demo.ucyirmiiki.com.tr\/#\/schema\/logo\/image\/"}}]}},"_hostinger_reach_plugin_has_subscription_block":false,"_hostinger_reach_plugin_is_elementor":false,"_links":{"self":[{"href":"https:\/\/demo.ucyirmiiki.com.tr\/index.php?rest_route=\/wp\/v2\/pages\/96","targetHints":{"allow":["GET"]}}],"collection":[{"href":"https:\/\/demo.ucyirmiiki.com.tr\/index.php?rest_route=\/wp\/v2\/pages"}],"about":[{"href":"https:\/\/demo.ucyirmiiki.com.tr\/index.php?rest_route=\/wp\/v2\/types\/page"}],"author":[{"embeddable":true,"href":"https:\/\/demo.ucyirmiiki.com.tr\/index.php?rest_route=\/wp\/v2\/users\/1"}],"replies":[{"embeddable":true,"href":"https:\/\/demo.ucyirmiiki.com.tr\/index.php?rest_route=%2Fwp%2Fv2%2Fcomments&post=96"}],"version-history":[{"count":4,"href":"https:\/\/demo.ucyirmiiki.com.tr\/index.php?rest_route=\/wp\/v2\/pages\/96\/revisions"}],"predecessor-version":[{"id":102,"href":"https:\/\/demo.ucyirmiiki.com.tr\/index.php?rest_route=\/wp\/v2\/pages\/96\/revisions\/102"}],"wp:attachment":[{"href":"https:\/\/demo.ucyirmiiki.com.tr\/index.php?rest_route=%2Fwp%2Fv2%2Fmedia&parent=96"}],"curies":[{"name":"wp","href":"https:\/\/api.w.org\/{rel}","templated":true}]}}